{"id":6734,"date":"2019-11-08T13:55:27","date_gmt":"2019-11-08T13:55:27","guid":{"rendered":"https:\/\/abegoaria.pt\/?page_id=6734"},"modified":"2022-08-10T15:28:33","modified_gmt":"2022-08-10T15:28:33","slug":"as-nossas-gentes","status":"publish","type":"page","link":"https:\/\/abegoaria.pt\/en\/as-nossas-gentes\/","title":{"rendered":"Our People"},"content":{"rendered":"<p>[vc_row css=&#8221;.vc_custom_1565706171131{margin-top: 140px !important;margin-bottom: 10px !important;}&#8221;][vc_column el_class=&#8221;animated slideInLeft duration2 eds-on-scroll&#8221;][vc_column_text el_class=&#8221;especial-titles inline-title&#8221;]<\/p>\n<h6>Our People<\/h6>\n<h1>Our<\/h1>\n<h2>Personnel<\/h2>\n<p>[\/vc_column_text][\/vc_column][\/vc_row][vc_row css=&#8221;.vc_custom_1565707600092{margin-bottom: 100px !important;}&#8221;][vc_column width=&#8221;1\/2&#8243; el_class=&#8221;animated slideInRight duration2 eds-on-scroll&#8221;][vc_column_text]Our project was born on behalf of our local people. But it is our personnel that makes the fulfillment of our mission possible and to keep us faithful to our purpose. The people\u00a0make the richness of our project. They enable us to keep dreaming and to move forward towards our vision.[\/vc_column_text][\/vc_column][vc_column width=&#8221;1\/2&#8243; el_class=&#8221;animated slideInRight duration2 eds-on-scroll&#8221;][vc_column_text]Our personnel are linked to our local people, to the land, to the origins of our products. It is this richness that enables us to deliver experiences that have as much of authenticity as of quality. It is the purity of being faithful to the origins and to the best of Portugal.[\/vc_column_text][\/vc_column][\/vc_row][vc_row el_class=&#8221;inner-row-medium&#8221; css=&#8221;.vc_custom_1565708347092{margin-bottom: 100px !important;}&#8221;][vc_column width=&#8221;3\/5&#8243; el_class=&#8221;animated slideInLeft duration2 eds-on-scroll&#8221; el_id=&#8221;height-unk-j&#8221;][vc_column_text css=&#8221;.vc_custom_1568719265067{padding-right: 10% !important;}&#8221;]<div class=\"dzsparallaxer auto-init use-loading\"  data-options=\"{direction: 'reverse'}\" style=\" height: 555px;\"><div class=\"divimage dzsparallaxer--target \"  style=\"background-image:url(https:\/\/abegoaria.pt\/wp-content\/uploads\/2019\/08\/photo@2x.png); width: 100%;  height: 605px;\"><\/div><div class=\"preloader-semicircles\"><\/div><\/div>[\/vc_column_text][vc_column_text el_class=&#8221;video-gente&#8221;]<!--[wp-video-popup hide-related=\"1\" autoplay=\"1\" video=\"https:\/\/www.youtube.com\/watch?v=C0DPdy98e4c\"]\n\n\n<div class=\"video-gente-wrapper\"><a class=\"wp-video-popup\" href=\"#\"><img decoding=\"async\" class=\"video-background\" src=\"https:\/\/abegoaria.pt\/wp-content\/uploads\/2019\/08\/v_bck.jpg\" alt=\"video\" \/><img decoding=\"async\" class=\"video-play\" src=\"https:\/\/abegoaria.pt\/wp-content\/uploads\/2019\/08\/ic-play-video-2.svg\" alt=\"video\" \/><\/a><\/div>\n\n\n-->[\/vc_column_text][\/vc_column][vc_column width=&#8221;2\/5&#8243; el_class=&#8221;people-detail animated slideInRight duration2 eds-on-scroll&#8221;][vc_column_text css=&#8221;.vc_custom_1565708301408{margin-top: 30px !important;}&#8221;]<\/p>\n<h2>MANUEL BIO<\/h2>\n<h3>CEO<\/h3>\n<p>[\/vc_column_text][vc_column_text]Strong projects are born from leaders&#8217; strategic vision.\u00a0 Manuel Bio, manager and entrepreneur, with roots in the left bank of river Guadiana, saw opportunities in the cooperative Adega Granja Amareleja where others were seeing a certain bankruptcy. His father was member of the cooperative. This motivated his interest in the situation of the cooperative. As a good son of the region, he decided to help. In 2007, Manuel took the leadership of the cooperative. In a few years, he restored the cooperative&#8217;s credibility and regained the collaboration of most of its previous members. And this was the starting point for a project now called Abegoaria. The strategic and commercial vision of Manuel Bio and the continuous search for production solutions to fuel the business, lead him to develop new projects, first in Alentejo, then in Douro, Lisboa, Tejo, D\u00e3o and Vinho Verde wine regions, and now as well in Algarve, Beira Interior and Azores. Today, Abegoaria is a wine business with projects also in olive oil, cheese, ham and sausages and enotourism, with strong national footprint and increasingly becoming a major player in wine exports.[\/vc_column_text][\/vc_column][\/vc_row][vc_row el_class=&#8221;inner-row-medium&#8221; css=&#8221;.vc_custom_1565708347092{margin-bottom: 100px !important;}&#8221;][vc_column width=&#8221;2\/5&#8243; el_class=&#8221;people-detail animated slideInLeft duration2 eds-on-scroll&#8221;][vc_column_text css=&#8221;.vc_custom_1565708432360{margin-top: 30px !important;}&#8221;]<\/p>\n<h2>JOS\u00c9 PITEIRA<\/h2>\n<h3>EN\u00d3LOGO AMARELEZA VINHOS<\/h3>\n<p>[\/vc_column_text][vc_column_text]This is the name behind the Piteira and Jos\u00e9 Piteira brands. A reference in winemaking in Alentejo and master of &#8220;talha&#8221; (amphora) wines. He is an autodidact winemaker. He learnt on the job and developed his art with a particular and strong personality and a distinctive signature. He started doing &#8220;talha&#8221; wines since very young, side by side with his godfather. Today, winemakers from other production houses come to him to learn how to work this ancient winemaking technic traditional in the Alentejo wine region. Those who know his wines and his work, know he is a protector of native grapes of the left bank of river Guadiana, like the grape Moreto (red) and Diagalves (white).[\/vc_column_text][\/vc_column][vc_column width=&#8221;3\/5&#8243; el_class=&#8221;animated slideInRight duration2 eds-on-scroll&#8221;][vc_column_text css=&#8221;.vc_custom_1568724866877{padding-left: 10% !important;}&#8221;]<div class=\"dzsparallaxer auto-init use-loading\"  data-options=\"{direction: 'reverse'}\" style=\" height: 355px;\"><div class=\"divimage dzsparallaxer--target \"  style=\"background-image:url(https:\/\/abegoaria.pt\/wp-content\/uploads\/2019\/09\/abe_57.jpg); width: 100%;  height: 405px;\"><\/div><div class=\"preloader-semicircles\"><\/div><\/div>[\/vc_column_text][\/vc_column][\/vc_row][vc_row el_class=&#8221;inner-row-medium&#8221; css=&#8221;.vc_custom_1565708347092{margin-bottom: 100px !important;}&#8221;][vc_column width=&#8221;3\/5&#8243; el_class=&#8221;animated slideInLeft duration2 eds-on-scroll&#8221;][vc_column_text css=&#8221;.vc_custom_1658307876109{padding-right: 10% !important;}&#8221;]<div class=\"dzsparallaxer auto-init use-loading\"  data-options=\"{direction: 'reverse'}\" style=\" height: 355px;\"><div class=\"divimage dzsparallaxer--target \"  style=\"background-image:url(https:\/\/abegoaria.pt\/wp-content\/uploads\/2022\/07\/Vidigal-Wines-8_Easy-Resize.com_.jpg); width: 100%;  height: 405px;\"><\/div><div class=\"preloader-semicircles\"><\/div><\/div>[\/vc_column_text][\/vc_column][vc_column width=&#8221;2\/5&#8243; el_class=&#8221;people-detail animated slideInRight duration2 eds-on-scroll&#8221;][vc_column_text css=&#8221;.vc_custom_1660144778018{margin-top: 30px !important;}&#8221;]<\/p>\n<h2>Ant\u00f3nio Ventura<\/h2>\n<h3>Winemaker Adega de Alij\u00f3 and Vidigal Wines<\/h3>\n<p>[\/vc_column_text][vc_column_text]Ant\u00f3nio Ventura is our chief winemaker at Adega de Alij\u00f3. He is one of the big names of Portuguese oenology. Ant\u00f3nio has a degree in agronomy, a specialization in oenology in Germany, a degree in applied sciences in winemaking from the Charles Sturt University in Australia and a postgraduate degree in oenology by the Biotechnology Graduate School (UCP).<\/p>\n<p>With 40 years old of career in winemaking, Ant\u00f3nio Ventura was elected the Personality of the Year by the leading wine magazine in the country.[\/vc_column_text][\/vc_column][\/vc_row][vc_row el_class=&#8221;inner-row-medium&#8221; css=&#8221;.vc_custom_1565708347092{margin-bottom: 100px !important;}&#8221;][vc_column width=&#8221;2\/5&#8243; el_class=&#8221;people-detail animated slideInRight duration2 eds-on-scroll&#8221;][vc_column_text css=&#8221;.vc_custom_1660144404929{margin-top: 30px !important;}&#8221;]<\/p>\n<h2>Ant\u00f3nio Braga<\/h2>\n<h3>Winemaker Fine Wines<\/h3>\n<p>[\/vc_column_text][vc_column_text]Ant\u00f3nio Braga is well-known for its career within Sogrape group, where he led the winemaking of some the prestigious Portuguese wine brands, besides having worked with CAR in Douro. Internationally, he developed his career in California, Argentina, Chile and New Zealand.<\/p>\n<p>He is reputed as an unconventional winemaker, with training in Enology and Viticulture and an MBA, which gives him a strategic business and marketing vision. In Abegoaria he develops the fine wines category, being presently responsible for the Herdade do Gamito wines.[\/vc_column_text][\/vc_column][vc_column width=&#8221;3\/5&#8243; el_class=&#8221;animated slideInLeft duration2 eds-on-scroll&#8221;][vc_column_text css=&#8221;.vc_custom_1658308146537{padding-right: 10% !important;}&#8221;]<div class=\"dzsparallaxer auto-init use-loading\"  data-options=\"{direction: 'reverse'}\" style=\" height: 424px;\"><div class=\"divimage dzsparallaxer--target \"  style=\"background-image:url(https:\/\/abegoaria.pt\/wp-content\/uploads\/2022\/07\/antonio-braga.jpg); width: 100%;  height: 474px;\"><\/div><div class=\"preloader-semicircles\"><\/div><\/div>[\/vc_column_text][\/vc_column][\/vc_row][vc_row el_class=&#8221;inner-row-medium&#8221; css=&#8221;.vc_custom_1565708347092{margin-bottom: 100px !important;}&#8221;][vc_column width=&#8221;3\/5&#8243; el_class=&#8221;animated slideInLeft duration2 eds-on-scroll&#8221;][vc_column_text css=&#8221;.vc_custom_1658309713797{padding-right: 10% !important;}&#8221;]<div class=\"dzsparallaxer auto-init use-loading\"  data-options=\"{direction: 'reverse'}\" style=\" height: 424px;\"><div class=\"divimage dzsparallaxer--target \"  style=\"background-image:url(https:\/\/abegoaria.pt\/wp-content\/uploads\/2022\/07\/bernardo-cabral.jpg); width: 100%;  height: 474px;\"><\/div><div class=\"preloader-semicircles\"><\/div><\/div>[\/vc_column_text][\/vc_column][vc_column width=&#8221;2\/5&#8243; el_class=&#8221;people-detail animated slideInRight duration2 eds-on-scroll&#8221;][vc_column_text css=&#8221;.vc_custom_1660144386931{margin-top: 30px !important;}&#8221;]<\/p>\n<h2>Bernardo Cabral<\/h2>\n<h3>Winemaker Eruptio Wines<\/h3>\n<p>[\/vc_column_text][vc_column_text]At the age of 12 wanted already to be a winemaker, as the result of having been born in a winemaker&#8217;s family. Trained in Enology and Viticulture by ISA, with a post-graduation in enology by UCP, he started his career as winemaker in 1999. Today, he works as a consultant and has built a partnership with Abegoaria for the launch of the new fine wines from Azores &#8211; Eruptio wines.[\/vc_column_text][\/vc_column][\/vc_row][vc_row el_class=&#8221;inner-row-medium&#8221; css=&#8221;.vc_custom_1565708347092{margin-bottom: 100px !important;}&#8221;][vc_column width=&#8221;2\/5&#8243; el_class=&#8221;people-detail animated slideInRight duration2 eds-on-scroll&#8221;][vc_column_text css=&#8221;.vc_custom_1660144198346{margin-top: 30px !important;}&#8221;]<\/p>\n<h2>Lu\u00eds Bourbon<\/h2>\n<h3>Winemaker<\/h3>\n<p>[\/vc_column_text][vc_column_text]Luis Bourbon is the head of winemaking at Herdade da Madeira Velha, a reference in the wines of \u00c9voramonte.[\/vc_column_text][\/vc_column][vc_column width=&#8221;3\/5&#8243; el_class=&#8221;animated slideInLeft duration2 eds-on-scroll&#8221;][vc_column_text css=&#8221;.vc_custom_1658310358951{padding-right: 10% !important;}&#8221;]<div class=\"dzsparallaxer auto-init use-loading\"  data-options=\"{direction: 'reverse'}\" style=\" height: 424px;\"><div class=\"divimage dzsparallaxer--target \"  style=\"background-image:url(https:\/\/abegoaria.pt\/wp-content\/uploads\/2022\/07\/enologo-Luis-Bourbom-Abegoaria.jpg); width: 100%;  height: 474px;\"><\/div><div class=\"preloader-semicircles\"><\/div><\/div>[\/vc_column_text][\/vc_column][\/vc_row][vc_row disable_element=&#8221;yes&#8221; el_class=&#8221;inner-row-medium&#8221; css=&#8221;.vc_custom_1567682670423{margin-bottom: 100px !important;}&#8221;][vc_column width=&#8221;2\/5&#8243; el_class=&#8221;people-detail animated slideInLeft duration2 eds-on-scroll&#8221;][vc_column_text css=&#8221;.vc_custom_1565772807101{margin-top: 30px !important;}&#8221;]<\/p>\n<h2>JOS\u00c9 REINA<\/h2>\n<h3>COORDENADOR AZEITES<\/h3>\n<p>[\/vc_column_text][vc_column_text]Lorem ipsum dolor sit amet, consectetur adipiscing elit. Aliquam nec malesuada turpis. Proin eu enim vitae enim posuere pellentesque. Praesent non sapien at odio ultricies vulputate. Maecenas nec ullamcorper leo. Ut vestibulum lacus nec lectus ultrices, vitae ornare ex lobortis. Etiam porta nisi ut eros condimentum, ac gravida quam tempus. Aenean elit lectus, volutpat eget dolor et, tempus posuere erat. In malesuada diam sit amet ante elementum suscipit. Nullam id ante rhoncus, vehicula diam sit amet, pellentesque urna. Vestibulum ante ipsum primis in faucibus orci luctus et ultrices posuere cubilia Curae; Suspendisse porta erat elit, ut suscipit leo iaculis id.[\/vc_column_text][\/vc_column][vc_column width=&#8221;3\/5&#8243; el_class=&#8221;animated slideInRight duration2 eds-on-scroll&#8221;][vc_single_image image=&#8221;6214&#8243; img_size=&#8221;full&#8221; css=&#8221;.vc_custom_1565708403351{padding-left: 10% !important;}&#8221;][vc_column_text el_class=&#8221;video-gente bloc-right&#8221;]\n\t<div class=\"wp-video-popup-wrapper\">\n\t\t<div class=\"wp-video-popup-close\"><\/div>\n\t\t<iframe class=\"wp-video-popup-video is-hosted is-landscape is-resizable\" src=\"\" data-wp-video-popup-url=\"https:\/\/youtube.com\/embed\/C0DPdy98e4c?autoplay=1&#038;rel=0\" frameborder=\"0\" webkitallowfullscreen mozallowfullscreen allowfullscreen allow=\"autoplay\">\n\t\t<\/iframe>\n\t<\/div>\n<div class=\"video-gente-wrapper\"><a class=\"wp-video-popup\" href=\"#\"><img decoding=\"async\" class=\"video-background\" src=\"https:\/\/abegoaria.pt\/wp-content\/uploads\/2019\/08\/v_bck.jpg\" alt=\"video\" \/><img decoding=\"async\" class=\"video-play\" src=\"https:\/\/abegoaria.pt\/wp-content\/uploads\/2019\/08\/ic-play-video-2.svg\" alt=\"video\" \/><\/a><\/div>\n<p>[\/vc_column_text][\/vc_column][\/vc_row][vc_row disable_element=&#8221;yes&#8221; el_class=&#8221;inner-row-medium&#8221; css=&#8221;.vc_custom_1567682661102{margin-bottom: 100px !important;}&#8221;][vc_column width=&#8221;3\/5&#8243; el_class=&#8221;animated slideInLeft duration2 eds-on-scroll&#8221;][vc_single_image image=&#8221;6214&#8243; img_size=&#8221;full&#8221; css=&#8221;.vc_custom_1565707534429{padding-right: 10% !important;}&#8221;][vc_column_text el_class=&#8221;video-gente&#8221;]\n\t<div class=\"wp-video-popup-wrapper\">\n\t\t<div class=\"wp-video-popup-close\"><\/div>\n\t\t<iframe class=\"wp-video-popup-video is-hosted is-landscape is-resizable\" src=\"\" data-wp-video-popup-url=\"https:\/\/youtube.com\/embed\/C0DPdy98e4c?autoplay=1&#038;rel=0\" frameborder=\"0\" webkitallowfullscreen mozallowfullscreen allowfullscreen allow=\"autoplay\">\n\t\t<\/iframe>\n\t<\/div>\n<div class=\"video-gente-wrapper\"><a class=\"wp-video-popup\" href=\"#\"><img decoding=\"async\" class=\"video-background\" src=\"https:\/\/abegoaria.pt\/wp-content\/uploads\/2019\/08\/v_bck.jpg\" alt=\"video\" \/><img decoding=\"async\" class=\"video-play\" src=\"https:\/\/abegoaria.pt\/wp-content\/uploads\/2019\/08\/ic-play-video-2.svg\" alt=\"video\" \/><\/a><\/div>\n<p>[\/vc_column_text][\/vc_column][vc_column width=&#8221;2\/5&#8243; el_class=&#8221;people-detail animated slideInRight duration2 eds-on-scroll&#8221;][vc_column_text css=&#8221;.vc_custom_1565772854716{margin-top: 30px !important;}&#8221;]<\/p>\n<h2>IGOR E JOEL<\/h2>\n<h3>TRABALHADORES RURAIS TEJO<\/h3>\n<p>[\/vc_column_text][vc_column_text]Lorem ipsum dolor sit amet, consectetur adipiscing elit. Aliquam nec malesuada turpis. Proin eu enim vitae enim posuere pellentesque. Praesent non sapien at odio ultricies vulputate. Maecenas nec ullamcorper leo. Ut vestibulum lacus nec lectus ultrices, vitae ornare ex lobortis. Etiam porta nisi ut eros condimentum, ac gravida quam tempus. Aenean elit lectus, volutpat eget dolor et, tempus posuere erat. In malesuada diam sit amet ante elementum suscipit. Nullam id ante rhoncus, vehicula diam sit amet, pellentesque urna. Vestibulum ante ipsum primis in faucibus orci luctus et ultrices posuere cubilia Curae; Suspendisse porta erat elit, ut suscipit leo iaculis id.[\/vc_column_text][\/vc_column][\/vc_row][vc_row el_class=&#8221;full-width b-background2&#8243; css=&#8221;.vc_custom_1565772945343{padding-top: 80px !important;padding-bottom: 100px !important;}&#8221;][vc_column el_class=&#8221;animated slideInRight duration2 eds-on-scroll&#8221;][vc_column_text el_class=&#8221;title-h2&#8243; css=&#8221;.vc_custom_1574982122938{margin-bottom: 54px !important;}&#8221;]<\/p>\n<h2 style=\"text-align: center;\">See also<\/h2>\n<p>[\/vc_column_text][vc_column_text]<div id=\"galey-uk-s\"><a class=\"each-d\" href='https:\/\/abegoaria.pt\/en\/a-nossa-historia\/'><div class=\"dzsparallaxer auto-init use-loading\"  data-options=\"{direction: 'reverse'}\" style=\" height: 300px;\"><div class=\"divimage dzsparallaxer--target \"  style=\"background-image:url(https:\/\/abegoaria.pt\/wp-content\/uploads\/2019\/09\/abe_33-low-1-e1568981042668.png); width: 100%;  height: 350px;\"><\/div><div class=\"preloader-semicircles\"><\/div><\/div><div class='bottom-info'> <h2> OUR STORY<\/h2> <p><p><b>A Family Project. <\/b>The Identity of a Country.<\/p>\n<\/p><\/div> <\/a><a class=\"each-d\" href='https:\/\/abegoaria.pt\/en\/o-nosso-proposito\/'><div class=\"dzsparallaxer auto-init use-loading\"  data-options=\"{direction: 'reverse'}\" style=\" height: 300px;\"><div class=\"divimage dzsparallaxer--target \"  style=\"background-image:url(https:\/\/abegoaria.pt\/wp-content\/uploads\/2019\/09\/abe_18.jpg); width: 100%;  height: 350px;\"><\/div><div class=\"preloader-semicircles\"><\/div><\/div><div class='bottom-info'> <h2> OUR PURPOSE<\/h2> <p><p>Our Purpose. Our Brand. <strong>Abegoaria<\/strong>.<\/p>\n<\/p><\/div> <\/a><a class=\"each-d\" href='https:\/\/abegoaria.pt\/en\/as-nossas-casas-de-producao\/'><div class=\"dzsparallaxer auto-init use-loading\"  data-options=\"{direction: 'reverse'}\" style=\" height: 300px;\"><div class=\"divimage dzsparallaxer--target \"  style=\"background-image:url(https:\/\/abegoaria.pt\/wp-content\/uploads\/2019\/09\/abe_59_low.jpg); width: 100%;  height: 350px;\"><\/div><div class=\"preloader-semicircles\"><\/div><\/div><div class='bottom-info'> <h2> OUR PRODUCTION HOUSES<\/h2> <p><p>Our Flagship Brands.<strong> Tradition and Innovation.\u00a0<\/strong><\/p>\n<\/p><\/div> <\/a><a class=\"each-d\" href='https:\/\/abegoaria.pt\/en\/os-nossos-valores\/'><div class=\"dzsparallaxer auto-init use-loading\"  data-options=\"{direction: 'reverse'}\" style=\" height: 300px;\"><div class=\"divimage dzsparallaxer--target \"  style=\"background-image:url(https:\/\/abegoaria.pt\/wp-content\/uploads\/2019\/08\/abe_12low.jpg); width: 100%;  height: 350px;\"><\/div><div class=\"preloader-semicircles\"><\/div><\/div><div class='bottom-info'> <h2> OUR VALUES<\/h2> <p><p>Closeness. Honesty. Agility. <strong>Accuracy<\/strong>.<\/p>\n<\/p><\/div> <\/a><\/div>[\/vc_column_text][\/vc_column][\/vc_row]<\/p>\n","protected":false},"excerpt":{"rendered":"<p>[vc_row css=&#8221;.vc_custom_1565706171131{margin-top: 140px !important;margin-bottom: 10px !important;}&#8221;][vc_column el_class=&#8221;animated slideInLeft duration2 eds-on-scroll&#8221;][vc_column_text el_class=&#8221;especial-titles inline-title&#8221;] Our People Our Personnel [\/vc_column_text][\/vc_column][\/vc_row][vc_row css=&#8221;.vc_custom_1565707600092{margin-bottom: 100px !important;}&#8221;][vc_column width=&#8221;1\/2&#8243; el_class=&#8221;animated slideInRight duration2 eds-on-scroll&#8221;][vc_column_text]Our project was born on behalf of our local people. But it is our personnel that makes the fulfillment of our mission possible and to keep us faithful to our purpose. [&hellip;]<\/p>\n","protected":false},"author":1,"featured_media":0,"parent":0,"menu_order":0,"comment_status":"closed","ping_status":"open","template":"","meta":{"footnotes":""},"class_list":["post-6734","page","type-page","status-publish","hentry"],"_links":{"self":[{"href":"https:\/\/abegoaria.pt\/en\/wp-json\/wp\/v2\/pages\/6734","targetHints":{"allow":["GET"]}}],"collection":[{"href":"https:\/\/abegoaria.pt\/en\/wp-json\/wp\/v2\/pages"}],"about":[{"href":"https:\/\/abegoaria.pt\/en\/wp-json\/wp\/v2\/types\/page"}],"author":[{"embeddable":true,"href":"https:\/\/abegoaria.pt\/en\/wp-json\/wp\/v2\/users\/1"}],"replies":[{"embeddable":true,"href":"https:\/\/abegoaria.pt\/en\/wp-json\/wp\/v2\/comments?post=6734"}],"version-history":[{"count":21,"href":"https:\/\/abegoaria.pt\/en\/wp-json\/wp\/v2\/pages\/6734\/revisions"}],"predecessor-version":[{"id":26289,"href":"https:\/\/abegoaria.pt\/en\/wp-json\/wp\/v2\/pages\/6734\/revisions\/26289"}],"wp:attachment":[{"href":"https:\/\/abegoaria.pt\/en\/wp-json\/wp\/v2\/media?parent=6734"}],"curies":[{"name":"wp","href":"https:\/\/api.w.org\/{rel}","templated":true}]}}