{"id":6790,"date":"2019-11-08T14:36:04","date_gmt":"2019-11-08T14:36:04","guid":{"rendered":"https:\/\/abegoaria.pt\/?page_id=6790"},"modified":"2019-11-08T14:36:06","modified_gmt":"2019-11-08T14:36:06","slug":"politica-de-privacidade","status":"publish","type":"page","link":"https:\/\/abegoaria.pt\/en\/politica-de-privacidade\/","title":{"rendered":"Pol\u00edtica de privacidade"},"content":{"rendered":"<p>[vc_row css=&#8221;.vc_custom_1567594474562{margin-top: 50px !important;margin-bottom: 100px !important;}&#8221;][vc_column][vc_column_text css_animation=&#8221;fadeInLeft&#8221; el_class=&#8221;especial-titles&#8221;]<\/p>\n<h6>Pol\u00edtica de Privacidade<\/h6>\n<h1>Conhe\u00e7a a nossa<\/h1>\n<h2>Pol\u00edtica de Privacidade<\/h2>\n<p>[\/vc_column_text][vc_column_text css_animation=&#8221;fadeInUp&#8221; el_class=&#8221;inner-row-small&#8221; css=&#8221;.vc_custom_1569848889281{margin-bottom: 0px !important;}&#8221;]<\/p>\n<h3>Introdu\u00e7\u00e3o<\/h3>\n<p>Este texto refere-se \u00e0 Pol\u00edtica de Privacidade e cookies aplic\u00e1vel pela marca Abegoaria.<\/p>\n<p>Esta Pol\u00edtica de Privacidade e cookies descreve as pr\u00e1ticas da marca Abegoaria&nbsp;com respeito \u00e0s informa\u00e7\u00f5es recolhidas dos usu\u00e1rios que acedam, direta ou indiretamente, ao site <a href=\"https:\/\/abegoaria.pt\/\">https:\/\/abegoaria.pt\/<\/a> ou que, de outra forma, compartilhem informa\u00e7\u00f5es pessoais connosco.<\/p>\n<h3>O Respons\u00e1vel Pelo Tratamento<\/h3>\n<p>Abegoaria \u00e9 uma marca nacional registada sob o n\u00famero 616928 no INPI e titulada pelas Encostas do Alqueva Comercial, S.A., com o n\u00famero \u00fanico de matr\u00edcula e de identifica\u00e7\u00e3o de pessoa coletiva 513777172, com sede na Rua General Humberto delgado n\u00ba1, 7885-274 P\u00f3voa de S. Miguel, e nesta qualidade, respons\u00e1vel pelo tratamento dos dados pessoais dos utilizadores do Site Abegoaria dispon\u00edvel em <a href=\"http:\/\/abegoaria.pt\/\">http:\/\/abegoaria.pt\/<\/a>, ou que, de outra forma, compartilhem informa\u00e7\u00f5es pessoais connosco.<\/p>\n<p>Antes de fornecer os seus dados pessoais \u00e0 Abegoaria dever\u00e1 ler com aten\u00e7\u00e3o a presente Pol\u00edtica de Privacidade e cookies e confirmar a respetiva aceita\u00e7\u00e3o no campo espec\u00edfico para o efeito.[\/vc_column_text][vc_column_text css_animation=&#8221;fadeInRight&#8221; el_class=&#8221;inner-row-small&#8221; css=&#8221;.vc_custom_1569848896679{margin-top: 59px !important;margin-bottom: 0px !important;}&#8221;]<\/p>\n<h3>Legitimidade Para o Tratamento<\/h3>\n<p>Os dados s\u00e3o tratados para salvaguardar interesses leg\u00edtimos da Abegoaria, na qual se inclui a avalia\u00e7\u00e3o da qualidade da oferta e do servi\u00e7o prestado e o estabelecimento de procedimentos com vista \u00e0 sua melhoria.<\/p>\n<h3>Fundamentos Para a Recolha De Dados<\/h3>\n<p>O processamento das suas informa\u00e7\u00f5es pessoais (ou seja, todas as informa\u00e7\u00f5es que podem potencialmente permitir a sua identifica\u00e7\u00e3o com meios razo\u00e1veis; doravante denominado, as &#8220;<b>Informa\u00e7\u00f5es pessoais<\/b>&#8220;) s\u00e3o necess\u00e1rias para lhe providenciar uma melhor experi\u00eancia no nosso website, para o desempenho dos nossos compromissos para consigo, para melhoria dos nossos produtos e servi\u00e7os, para lhe fornecer informa\u00e7\u00e3o relevante e direcionada sobre os nossos produtos e servi\u00e7os, para prestar os nossos servi\u00e7os, para proteger os nossos interesses leg\u00edtimos e para cumprimento das obriga\u00e7\u00f5es normativas legais e financeiras a que estamos sujeitos.<\/p>\n<p>Quando utiliza o Site Abegoaria, concorda com a recolha, o armazenamento, o tratamento, e a divulga\u00e7\u00e3o e outros usos de suas Informa\u00e7\u00f5es Pessoais, conforme descrito nesta Pol\u00edtica de Privacidade e cookies.<\/p>\n<p>Incentivamos os nossos utilizadores a lerem a Pol\u00edtica de Privacidade e cookies e utiliz\u00e1-la para a tomada de decis\u00f5es conscientes.[\/vc_column_text][vc_column_text css_animation=&#8221;fadeInLeft&#8221; el_class=&#8221;inner-row-small&#8221; css=&#8221;.vc_custom_1569848904660{margin-top: 59px !important;margin-bottom: 0px !important;}&#8221;]<\/p>\n<h3>Que Informa\u00e7\u00f5es Recolhemos?<\/h3>\n<p>Recolhemos dois tipos de dados e informa\u00e7\u00f5es dos utilizadores.<\/p>\n<p>O primeiro tipo de informa\u00e7\u00f5es s\u00e3o as informa\u00e7\u00f5es n\u00e3o identificadas e n\u00e3o identific\u00e1veis referentes a um utilizador, que venham a ser disponibilizadas ou recolhidas por meio do uso do Site (\u201c<b>Informa\u00e7\u00f5es N\u00e3o Pessoais<\/b>\u201d). N\u00e3o temos conhecimento da identidade de um utilizador a partir do qual as Informa\u00e7\u00f5es N\u00e3o Pessoais foram recolhidas. Informa\u00e7\u00f5es N\u00e3o Pessoais que estejam sendo recolhidas podem incluir suas informa\u00e7\u00f5es de uso agregado e informa\u00e7\u00f5es t\u00e9cnicas transmitidas pelo seu dispositivo, incluindo determinadas informa\u00e7\u00f5es de software e hardware (por exemplo, tipo de navegador e sistema operacional que o seu dispositivo utiliza, prefer\u00eancia de idioma, tempo de acesso etc.) a fim de aprimorar a funcionalidade do nosso Site. Tamb\u00e9m podemos recolher informa\u00e7\u00f5es sobre a sua atividade no local (por exemplo, p\u00e1ginas visualizadas, navega\u00e7\u00e3o on-line, cliques, a\u00e7\u00f5es etc.).<\/p>\n<p>O segundo tipo de informa\u00e7\u00e3o s\u00e3o as&nbsp;<b>Informa\u00e7\u00f5es Pessoais<\/b>, que s\u00e3o informa\u00e7\u00f5es individualmente identific\u00e1veis, ou seja, informa\u00e7\u00f5es que identificam um indiv\u00edduo ou podem com razo\u00e1vel esfor\u00e7o identificar um indiv\u00edduo. Tais informa\u00e7\u00f5es podem incluir:<\/p>\n<ul>\n<li style=\"font-weight: 400;\">Informa\u00e7\u00f5es do dispositivo: recolhemos informa\u00e7\u00f5es pessoais do seu dispositivo. Tais informa\u00e7\u00f5es incluem dados de geolocaliza\u00e7\u00e3o, endere\u00e7o IP, identificadores exclusivos (ex.: endere\u00e7o MAC e UUID) e outras informa\u00e7\u00f5es que dizem respeito \u00e0 sua atividade por meio do Site.<\/li>\n<li style=\"font-weight: 400;\">Informa\u00e7\u00f5es de registo: quando se regista no nosso Site, ser\u00e3o solicitados certos dados, tais como: nome, apelido, identidade de g\u00e9nero, e-mail, telem\u00f3vel ou endere\u00e7o f\u00edsico e outras informa\u00e7\u00f5es.&nbsp;Estas informa\u00e7\u00f5es ser\u00e3o somente recolhidas com o seu registo e o seu consentimento expresso.<\/li>\n<\/ul>\n<h3>Como Podemos Receber as Suas Informa\u00e7\u00f5es?<\/h3>\n<p>Recebemos as suas Informa\u00e7\u00f5es Pessoais de v\u00e1rias fontes:<\/p>\n<ul>\n<li style=\"font-weight: 400;\">Quando nos fornece voluntariamente os seus dados pessoais ao se registar no nosso Site;<\/li>\n<li style=\"font-weight: 400;\">Quando utiliza ou acede ao nosso Site como parte do seu uso dos nossos servi\u00e7os;<\/li>\n<li style=\"font-weight: 400;\">De fornecedores externos, servi\u00e7os e registos p\u00fablicos (ex.: fornecedores de an\u00e1lise de tr\u00e1fego).<\/li>\n<\/ul>\n<h3>Para que podemos usar as suas informa\u00e7\u00f5es?<\/h3>\n<p>Podemos usar as informa\u00e7\u00f5es para o seguinte:<\/p>\n<ul>\n<li style=\"font-weight: 400;\">Para criar perfis dos utilizadores do nosso site;<\/li>\n<li style=\"font-weight: 400;\">Para comunicar consigo e enviar avisos referentes aos nossos produtos e servi\u00e7os, fornecendo informa\u00e7\u00f5es t\u00e9cnicas e respondendo a qualquer problema de cliente que&nbsp;venha a ter;<\/li>\n<li style=\"font-weight: 400;\">Para comunicar consigo e mant\u00ea-lo informado de atualiza\u00e7\u00f5es dos nossos produtos e servi\u00e7os;<\/li>\n<li style=\"font-weight: 400;\">Para enviar campanhas que lhe sejam relevantes acerca de nossos produtos e servi\u00e7os (ver mais em &#8220;Marketing&#8221;);<\/li>\n<li style=\"font-weight: 400;\">Para fins estat\u00edsticos e anal\u00edticos com o intuito de melhorar o Site;<\/li>\n<li style=\"font-weight: 400;\">Para a realiza\u00e7\u00e3o de inqu\u00e9ritos e estudos de mercado para avaliar a satisfa\u00e7\u00e3o com nossos produtos e servi\u00e7os e ajudar-nos a melhorar a nossa oferta;<\/li>\n<\/ul>\n<p>[\/vc_column_text][vc_column_text css_animation=&#8221;fadeIn&#8221; el_class=&#8221;inner-row-small&#8221; css=&#8221;.vc_custom_1569848912494{margin-top: 59px !important;margin-bottom: 0px !important;}&#8221;]<\/p>\n<h3>Marketing<\/h3>\n<p>Podemos usar as suas Informa\u00e7\u00f5es Pessoais, como nome, endere\u00e7o de e-mail, telem\u00f3vel, n\u00famero de telefone, morada, etc., n\u00f3s mesmos, ou atrav\u00e9s dos nossos subcontratados terceiros ou parceiros com a finalidade de lhe oferecer materiais promocionais relativos aos nossos produtos e servi\u00e7os, que acreditamos serem de seu interesse.<\/p>\n<p>Por respeito ao seu direito \u00e0 privacidade, fornecemos-lhe dentro de tais materiais de marketing, meios para recusar o recebimento de mais ofertas de marketing concedidas por n\u00f3s. Se cancelar a sua inscri\u00e7\u00e3o, removeremos o seu endere\u00e7o de e-mail ou n\u00famero de telefone das nossas listas de distribui\u00e7\u00e3o de marketing.<\/p>\n<p>Observe que mesmo que tenha cancelado a sua inscri\u00e7\u00e3o para receber nossos e-mails de marketing, poderemos emitir outros tipos de comunica\u00e7\u00f5es de e-mail importantes sem lhe oferecer a oportunidade de optar por n\u00e3o receb\u00ea-los. Estes podem incluir informa\u00e7\u00f5es n\u00e3o comerciais, de apoio e servi\u00e7o ao cliente ou avisos administrativos.<\/p>\n<h3>Que Informa\u00e7\u00f5es Compartilhamos?<\/h3>\n<p>N\u00e3o alugamos, vendemos ou compartilhamos informa\u00e7\u00f5es dos utilizadores com terceiros, exceto conforme descrito nesta Pol\u00edtica de Privacidade e cookies.<\/p>\n<p>Al\u00e9m das diferentes utiliza\u00e7\u00f5es listadas acima, podemos transferir ou divulgar Informa\u00e7\u00f5es Pessoais aos nossos parceiros para atuarem em nosso nome, dentro dos limites fixados em cima.<\/p>\n<p>Al\u00e9m dos fins mencionados nesta Pol\u00edtica de Privacidade e cookies, podemos compartilhar informa\u00e7\u00f5es pessoais com nossos prestadores de servi\u00e7os terceiros de confian\u00e7a, que podem estar localizados em diferentes jurisdi\u00e7\u00f5es em todo o mundo, para qualquer um dos seguintes fins:<\/p>\n<ul>\n<li style=\"font-weight: 400;\">Hospedagem e funcionamento do nosso Site;<\/li>\n<li style=\"font-weight: 400;\">Presta\u00e7\u00e3o dos nossos servi\u00e7os, incluindo fornecer uma exibi\u00e7\u00e3o personalizada do nosso Site;<\/li>\n<li style=\"font-weight: 400;\">Armazenamento e processamento de tais informa\u00e7\u00f5es;<\/li>\n<li style=\"font-weight: 400;\">Atend\u00ea-lo com an\u00fancios e ajudando-nos a avaliar o sucesso das nossas campanhas de publicidade, bem como a redirecionar alguns dos nossos utilizadores;<\/li>\n<li style=\"font-weight: 400;\">Fornecer-lhe ofertas de marketing e materiais promocionais relativos ao nosso Site, produtos e servi\u00e7os;<\/li>\n<li style=\"font-weight: 400;\">Realiza\u00e7\u00e3o de inqu\u00e9ritos, estudos de mercado, diagn\u00f3sticos t\u00e9cnicos ou anal\u00edticos.<\/li>\n<\/ul>\n<p>Tamb\u00e9m podemos divulgar informa\u00e7\u00f5es se, em boa-f\u00e9 acreditarmos que a divulga\u00e7\u00e3o de tais informa\u00e7\u00f5es seria \u00fatil ou razoavelmente necess\u00e1ria para: (i) cumprir com qualquer lei aplic\u00e1vel, regulamento, processo legal ou solicita\u00e7\u00e3o governamental; (ii) fazer cumprir nossas pol\u00edticas (incluindo nosso Contrato), incluindo investiga\u00e7\u00f5es de potenciais viola\u00e7\u00f5es dos mesmos; (iii) investigar, detetar, prevenir ou tomar provid\u00eancias no que se refere a atividades ilegais ou outros delitos, suspeita de fraude ou quest\u00f5es de seguran\u00e7a; (iv) estabelecer ou exercer nossos direitos para nos defendermos de reclama\u00e7\u00f5es legais; (v) evitar danos aos direitos, propriedade ou nossa seguran\u00e7a, de nossos utilizadores, sua pr\u00f3pria seguran\u00e7a ou a de terceiros; ou (vi) com a finalidade de colaborar com as autoridades policiais e\/ou caso acharmos necess\u00e1rio fazer cumprir a propriedade intelectual ou outros direitos legais.[\/vc_column_text][vc_column_text css_animation=&#8221;fadeInRight&#8221; el_class=&#8221;inner-row-small&#8221; css=&#8221;.vc_custom_1569848919528{margin-top: 59px !important;margin-bottom: 0px !important;}&#8221;]<\/p>\n<h3>Condi\u00e7\u00f5es de Tratamento<\/h3>\n<p>A Encostas do Alqueva Comercial S.A., enquanto Respons\u00e1vel pelo Tratamento dos dados pessoais disponibilizados pelos utilizadores do site Abegoaria.pt, observa todas as disposi\u00e7\u00f5es legais aplic\u00e1veis no que respeita ao tratamento dos dados por si recolhidos. Atesta a qualidade, a exatid\u00e3o, a integridade e o sigilo dos dados bem como a legitimidade para o seu tratamento nos termos legais, nomeadamente a licitude, a seguran\u00e7a e a confidencialidade do tratamento, a n\u00e3o utiliza\u00e7\u00e3o posterior dos dados pessoais para fins diversos dos enunciados no momento da recolha e a conserva\u00e7\u00e3o dos dados apenas pelo per\u00edodo necess\u00e1rio para prossecu\u00e7\u00e3o das finalidades que determinaram a recolha\/tratamento.<\/p>\n<p>A Encostas do Alqueva Comercial S.A., disp\u00f5e de medidas t\u00e9cnicas e organizativas adequadas a proteger os dados pessoais dos utilizadores do site abegoaria.pt contra a destrui\u00e7\u00e3o, acidental ou il\u00edcita, a perda acidental, a altera\u00e7\u00e3o, a difus\u00e3o e\/ou o acesso n\u00e3o autorizados. Utiliza sistemas e procedimentos apropriados para proteger e salvaguardar os dados pessoais que lhe s\u00e3o fornecidos, nomeadamente, restri\u00e7\u00f5es de seguran\u00e7a t\u00e9cnicas e f\u00edsicas para aceder aos servidores, sendo que apenas funcion\u00e1rios autorizados podem aceder aos dados pessoais durante o desempenho do seu trabalho e para as finalidades aqui indicadas. Sem preju\u00edzo, e na m\u00e1xima extens\u00e3o do permitido por Lei, a Encostas do Alqueva Comercial S.A., n\u00e3o poder\u00e1 ser responsabilizada por atos de terceiros.<\/p>\n<h3>Reten\u00e7\u00e3o<\/h3>\n<p>Reteremos as suas Informa\u00e7\u00f5es Pessoais pelo tempo necess\u00e1rio para fornecer os nossos servi\u00e7os e conforme a necessidade de cumprir com as nossas obriga\u00e7\u00f5es legais, resolver disputas e aplicar as nossas pol\u00edticas. Per\u00edodos de reten\u00e7\u00e3o ser\u00e3o determinados tendo em conta o tipo de informa\u00e7\u00e3o recolhida e a finalidade de tal recolha, tendo em conta os requisitos aplic\u00e1veis para a situa\u00e7\u00e3o e a necessidade de destruir informa\u00e7\u00f5es desatualizadas, n\u00e3o utilizadas no tempo razo\u00e1vel mais pr\u00f3ximo. Nos termos dos regulamentos aplic\u00e1veis, manteremos os registros que contenham dados pessoais do cliente, documentos de abertura de conta, comunica\u00e7\u00f5es e qualquer coisa em conformidade com leis e regulamentos aplic\u00e1veis.<\/p>\n<p>Podemos retificar, repor ou remover informa\u00e7\u00f5es incompletas ou incorretas, em qualquer momento e a nosso pr\u00f3prio crit\u00e9rio.[\/vc_column_text][vc_column_text css_animation=&#8221;fadeInLeft&#8221; el_class=&#8221;inner-row-small&#8221; css=&#8221;.vc_custom_1569848928659{margin-top: 59px !important;margin-bottom: 0px !important;}&#8221;]<\/p>\n<h3>COOKIES<\/h3>\n<p>N\u00f3s e os nossos parceiros confi\u00e1veis usam cookies e outras tecnologias, incluindo quando visita o nosso Site ou acede aos nossos produtos e servi\u00e7os.<\/p>\n<p>Um cookie \u00e9 um pequeno peda\u00e7o de informa\u00e7\u00e3o que um site atribui ao seu dispositivo enquanto est\u00e1 visitando o site. Os cookies s\u00e3o muito \u00fateis e podem ser usados para as mais diferentes finalidades. Tais fins incluem permitir navegar entre p\u00e1ginas com efici\u00eancia, habilitar ativa\u00e7\u00e3o autom\u00e1tica de determinados recursos, lembrar as suas prefer\u00eancias e fazer a intera\u00e7\u00e3o entre si e os nossos servi\u00e7os de maneira mais r\u00e1pida e f\u00e1cil. Os cookies tamb\u00e9m s\u00e3o usados para ajudar a garantir que os an\u00fancios que v\u00ea sejam relevantes aos seus interesses e para recolher dados estat\u00edsticos sobre a sua utiliza\u00e7\u00e3o dos nossos servi\u00e7os.<\/p>\n<p>O Site pode usar os seguintes tipos de cookies:<\/p>\n<ol>\n<li><b> &#8220;cookies de sess\u00e3o&#8221;<\/b>que s\u00e3o armazenados apenas temporariamente durante uma sess\u00e3o de navega\u00e7\u00e3o para permitir o uso normal do sistema e s\u00e3o exclu\u00eddos do seu dispositivo quando o navegador \u00e9 fechado;<\/li>\n<li><b> &#8220;cookies persistentes<\/b>&#8220;, que s\u00e3o lidos somente pelo Site, salvos em seu computador por um per\u00edodo fixo e n\u00e3o s\u00e3o exclu\u00eddos quando o navegador \u00e9 fechado. Esses cookies s\u00e3o usados quando precisamos saber quem voc\u00ea \u00e9 para visitas recorrentes, por exemplo, para nos permitir armazenar suas prefer\u00eancias para um pr\u00f3ximo acesso;<\/li>\n<li><b> &#8220;cookies de terceiros&#8221;<\/b>, que s\u00e3o definidos por outros servi\u00e7os on-line que executam o conte\u00fado na p\u00e1gina que est\u00e1 visualizando, por exemplo, empresas de an\u00e1lise de terceiros que monitorizam e analisam o nosso acesso web.<\/li>\n<\/ol>\n<p>Pode remover os cookies seguindo as instru\u00e7\u00f5es das suas prefer\u00eancias de dispositivo; no entanto, se optar por desativar os cookies, algumas caracter\u00edsticas do nosso Site podem n\u00e3o funcionar corretamente e a sua experi\u00eancia on-line pode ser limitada.<\/p>\n<p>Tamb\u00e9m usamos uma ferramenta chamada &#8220;Google Analytics&#8221; para recolher informa\u00e7\u00f5es sobre o seu uso do Site. O Google Analytics recolhe informa\u00e7\u00f5es tais como a forma como muitas vezes os usu\u00e1rios acedem ao Site, que p\u00e1ginas eles visitam, quando acedem, etc. Usamos as informa\u00e7\u00f5es que obtemos do Google Analytics apenas para melhorar a experi\u00eancia do nosso Site e otimizar o seu conte\u00fado. O Google Analytics recolhe o seu endere\u00e7o IP atribu\u00eddo na data em que visita os sites, ao inv\u00e9s do seu nome ou outras informa\u00e7\u00f5es de identifica\u00e7\u00e3o. A capacidade do Google de usar e compartilhar as informa\u00e7\u00f5es recolhidas pelo Google Analytics sobre as suas visitas a este Site \u00e9 restringida pelos&nbsp;Termos de Uso&nbsp;do Google Analytics e pela&nbsp;Pol\u00edtica de Privacidade do Google.[\/vc_column_text][vc_column_text css_animation=&#8221;fadeInUp&#8221; el_class=&#8221;inner-row-small&#8221; css=&#8221;.vc_custom_1569848935034{margin-top: 59px !important;margin-bottom: 0px !important;}&#8221;]<\/p>\n<h3>Recolha de Informa\u00e7\u00f5es de Terceiros<\/h3>\n<p>A nossa pol\u00edtica aborda apenas o uso e a utiliza\u00e7\u00e3o de informa\u00e7\u00f5es suas que recolhemos. Na medida em que divulga as suas informa\u00e7\u00f5es a outras partes ou sites por toda a Internet, regras diferentes podem aplicar-se \u00e0 sua utiliza\u00e7\u00e3o ou divulga\u00e7\u00e3o das informa\u00e7\u00f5es que lhes divulga. Nesse sentido, incentivamos a ler os termos e condi\u00e7\u00f5es e a pol\u00edtica de privacidade de cada parte para a qual opte por divulgar informa\u00e7\u00f5es.<\/p>\n<p>A presente Pol\u00edtica de Privacidade n\u00e3o se aplica a pr\u00e1ticas de empresas que n\u00e3o possu\u00edmos ou controlamos, nem a indiv\u00edduos que n\u00e3o empregamos ou gerimos, incluindo terceiros para os quais podemos divulgar informa\u00e7\u00f5es conforme definido na presente Pol\u00edtica de Privacidade.<\/p>\n<h3>Aceita\u00e7\u00e3o da Politica de Privacidade<\/h3>\n<p>Caso n\u00e3o concorde com a presente Pol\u00edtica de Privacidade, por favor n\u00e3o forne\u00e7a os seus dados pessoais. Alertamos, no entanto, que o acesso, experi\u00eancia e servi\u00e7o disponibilizado pelo site poder\u00e1 ficar limitado.<\/p>\n<h3>Como Podemos Proteger as suas Informa\u00e7\u00f5es?<\/h3>\n<p>Tomamos muito cuidado na implementa\u00e7\u00e3o e manuten\u00e7\u00e3o da seguran\u00e7a do Site e de suas informa\u00e7\u00f5es. Embora tomemos medidas razo\u00e1veis para proteger as informa\u00e7\u00f5es, n\u00e3o podemos ser respons\u00e1veis pelos atos de quem obt\u00e9m acesso n\u00e3o autorizado ou fa\u00e7a mau uso do nosso Site, e n\u00e3o damos garantia, expl\u00edcita ou impl\u00edcita, de que impediremos tal acesso.[\/vc_column_text][vc_column_text css_animation=&#8221;fadeInLeft&#8221; el_class=&#8221;inner-row-small&#8221; css=&#8221;.vc_custom_1569848943441{margin-top: 59px !important;margin-bottom: 0px !important;}&#8221;]<\/p>\n<h3>Transfer\u00eancia de dados fora do EEE<\/h3>\n<p>Ressalvamos que alguns destinat\u00e1rios de dados podem estar localizados fora do EEE. Nesses casos, os seus dados ser\u00e3o transmitidos apenas para pa\u00edses aprovados pela Comiss\u00e3o Europeia, assegurando um n\u00edvel adequado de prote\u00e7\u00e3o de dados, ou firmaremos acordos legais que asseguram um n\u00edvel adequado de prote\u00e7\u00e3o de dados.<\/p>\n<h3>Transa\u00e7\u00f5es corporativas<\/h3>\n<p>Podemos compartilhar informa\u00e7\u00f5es no caso de uma transa\u00e7\u00e3o empresarial (ex.: a venda de uma parte substancial dos nossos neg\u00f3cios, fus\u00e3o, consolida\u00e7\u00e3o ou venda de ativos). No caso acima, o cession\u00e1rio ou a empresa adquirente assumir\u00e1 direitos e obriga\u00e7\u00f5es, conforme descrito nesta Pol\u00edtica de Privacidade e cookies.<\/p>\n<h3>Atualiza\u00e7\u00f5es ou altera\u00e7\u00f5es a esta pol\u00edtica de privacidade<\/h3>\n<p>Reservamos o direito de periodicamente modificar ou rever a Pol\u00edtica de Privacidade; altera\u00e7\u00f5es ao material entrar\u00e3o em vigor imediatamente ap\u00f3s a exibi\u00e7\u00e3o da Pol\u00edtica de Privacidade revista. A \u00faltima revis\u00e3o ser\u00e1 refletida na se\u00e7\u00e3o &#8220;\u00daltima modifica\u00e7\u00e3o&#8221;. Seu uso cont\u00ednuo do site, ap\u00f3s a notifica\u00e7\u00e3o de tais altera\u00e7\u00f5es no nosso site, constitui a sua confirma\u00e7\u00e3o e consentimento de tais altera\u00e7\u00f5es \u00e0 Pol\u00edtica de Privacidade e o seu acordo em vincular-se aos termos de tais altera\u00e7\u00f5es.<\/p>\n<h3>Direito dos Titulares de Dados<\/h3>\n<p>A Abegoaria assegura aos utilizadores do Site Abegoaria.pt o direito a obter a confirma\u00e7\u00e3o de que os seus dados est\u00e3o a ser objeto de tratamento bem como toda a informa\u00e7\u00e3o relativa a esse tratamento. A Abegoaria assegura ainda os direitos de acesso, oposi\u00e7\u00e3o e\/ou limita\u00e7\u00e3o ao tratamento, bem como a possibilidade de portabilidade, de atualiza\u00e7\u00e3o, retifica\u00e7\u00e3o ou elimina\u00e7\u00e3o dos dados pessoais pelo respetivo titular.<\/p>\n<p>A Abegoaria permitir\u00e1 que utilizadores do Site Abegoaria.pt possam exercer a todo o momento os seus direitos de acordo com a legisla\u00e7\u00e3o aplic\u00e1vel, contactando para o efeito a Abegoaria atrav\u00e9s dos seguintes contactos, que tamb\u00e9m poder\u00e3o ser utilizados para esclarecer quaisquer d\u00favidas e quest\u00f5es relativas \u00e0 presente pol\u00edtica de privacidade e cookies:<\/p>\n<p><b>rgpd@abegoaria.pt<\/b><\/p>\n<p>Informa\u00e7\u00e3o mais detalhada sobre prote\u00e7\u00e3o de dados pessoais pode ser obtida atrav\u00e9s de consulta Regulamento (UE) 2016\/679 (RGPD) e na p\u00e1gina da Comiss\u00e3o Nacional de Prote\u00e7\u00e3o de Dados.<\/p>\n<p>&nbsp;<\/p>\n<p>\u00daltima modifica\u00e7\u00e3o&nbsp;26.09.2019[\/vc_column_text][\/vc_column][\/vc_row]<\/p>\n","protected":false},"excerpt":{"rendered":"<p>[vc_row css=&#8221;.vc_custom_1567594474562{margin-top: 50px !important;margin-bottom: 100px !important;}&#8221;][vc_column][vc_column_text css_animation=&#8221;fadeInLeft&#8221; el_class=&#8221;especial-titles&#8221;] Pol\u00edtica de Privacidade Conhe\u00e7a a nossa Pol\u00edtica de Privacidade [\/vc_column_text][vc_column_text css_animation=&#8221;fadeInUp&#8221; el_class=&#8221;inner-row-small&#8221; css=&#8221;.vc_custom_1569848889281{margin-bottom: 0px !important;}&#8221;] Introdu\u00e7\u00e3o Este texto refere-se \u00e0 Pol\u00edtica de Privacidade e cookies aplic\u00e1vel pela marca Abegoaria. Esta Pol\u00edtica de Privacidade e cookies descreve as pr\u00e1ticas da marca Abegoaria&nbsp;com respeito \u00e0s informa\u00e7\u00f5es recolhidas dos usu\u00e1rios [&hellip;]<\/p>\n","protected":false},"author":1,"featured_media":0,"parent":0,"menu_order":0,"comment_status":"closed","ping_status":"open","template":"","meta":{"footnotes":""},"class_list":["post-6790","page","type-page","status-publish","hentry"],"_links":{"self":[{"href":"https:\/\/abegoaria.pt\/en\/wp-json\/wp\/v2\/pages\/6790","targetHints":{"allow":["GET"]}}],"collection":[{"href":"https:\/\/abegoaria.pt\/en\/wp-json\/wp\/v2\/pages"}],"about":[{"href":"https:\/\/abegoaria.pt\/en\/wp-json\/wp\/v2\/types\/page"}],"author":[{"embeddable":true,"href":"https:\/\/abegoaria.pt\/en\/wp-json\/wp\/v2\/users\/1"}],"replies":[{"embeddable":true,"href":"https:\/\/abegoaria.pt\/en\/wp-json\/wp\/v2\/comments?post=6790"}],"version-history":[{"count":1,"href":"https:\/\/abegoaria.pt\/en\/wp-json\/wp\/v2\/pages\/6790\/revisions"}],"predecessor-version":[{"id":6791,"href":"https:\/\/abegoaria.pt\/en\/wp-json\/wp\/v2\/pages\/6790\/revisions\/6791"}],"wp:attachment":[{"href":"https:\/\/abegoaria.pt\/en\/wp-json\/wp\/v2\/media?parent=6790"}],"curies":[{"name":"wp","href":"https:\/\/api.w.org\/{rel}","templated":true}]}}