{"id":6792,"date":"2019-11-08T14:36:29","date_gmt":"2019-11-08T14:36:29","guid":{"rendered":"https:\/\/abegoaria.pt\/?page_id=6792"},"modified":"2019-11-26T03:01:32","modified_gmt":"2019-11-26T03:01:32","slug":"premios","status":"publish","type":"page","link":"https:\/\/abegoaria.pt\/en\/premios\/","title":{"rendered":"Pr\u00e9mios"},"content":{"rendered":"<p>[vc_row el_class=&#8221;bread-wrapper&#8221;][vc_column css_animation=&#8221;fadeInLeft&#8221;][vc_column_text]<\/p>\n<div class=\"breadcrumb-fade\">\n<p><a href=\"https:\/\/abegoaria.pt\/media\/\">M\u00e9dia<\/a><\/p>\n<p><span class=\"breadcrumb-separator\"> \/ <\/span><\/p>\n<p class=\"selected\"><a href=\"https:\/\/abegoaria.pt\/premios\/\">Pr\u00e9mios<\/a><\/p>\n<\/div>\n<p>[\/vc_column_text][\/vc_column][\/vc_row][vc_row][vc_column css_animation=&#8221;fadeInRight&#8221; css=&#8221;.vc_custom_1568303382525{margin-top: 139px !important;}&#8221;][vc_column_text el_class=&#8221;awards-title&#8221;]<\/p>\n<h2>Produtos Premiados<\/h2>\n<p>[\/vc_column_text][vc_column_text el_class=&#8221;awards-title-message&#8221;]Os pr\u00e9mios alcan\u00e7ados s\u00e3o o reconhecimento de todo um trabalho desenvolvido\u00a0 na aposta pela qualidade e autenticidade dos nossos produtos.[\/vc_column_text][vc_text_separator title=&#8221;Vinhos&#8221; title_align=&#8221;separator_align_left&#8221;][\/vc_column][\/vc_row][vc_section css=&#8221;.vc_custom_1566319696768{margin-top: 96px !important;}&#8221; el_class=&#8221;awards&#8221;][vc_row][vc_column css_animation=&#8221;fadeInLeft&#8221; width=&#8221;1\/2&#8243;][vc_row_inner][vc_column_inner el_class=&#8221;award-bloc-image&#8221; width=&#8221;1\/3&#8243;][vc_single_image image=&#8221;6592&#8243; img_size=&#8221;259&#215;450&#8243;][\/vc_column_inner][vc_column_inner el_class=&#8221;award-badges&#8221; width=&#8221;1\/12&#8243;][vc_single_image image=&#8221;6493&#8243; img_size=&#8221;full&#8221;][\/vc_column_inner][vc_column_inner el_class=&#8221;award-bloc-message&#8221; width=&#8221;7\/12&#8243;][vc_column_text el_class=&#8221;award-bloc-date&#8221;]2017[\/vc_column_text][vc_column_text el_class=&#8221;award-bloc-product&#8221;]Encostas de Lisboa Tinto[\/vc_column_text][vc_column_text el_class=&#8221;award-bloc-description&#8221;]Na regi\u00e3o v\u00ednica mais diversa de Portugal, \u00e9 criado este vinho de aroma floral com apontamentos de pequenos frutos silvestres e notas de especiaria e baunilha. Em boca \u00e9 elegante e fresco acabando com final frutado e untuoso.[\/vc_column_text][\/vc_column_inner][\/vc_row_inner][\/vc_column][vc_column css_animation=&#8221;fadeInRight&#8221; width=&#8221;1\/2&#8243;][vc_row_inner][vc_column_inner el_class=&#8221;award-bloc-image&#8221; width=&#8221;1\/3&#8243;][vc_single_image image=&#8221;6483&#8243; img_size=&#8221;259&#215;450&#8243;][\/vc_column_inner][vc_column_inner el_class=&#8221;award-badges&#8221; width=&#8221;1\/12&#8243;][vc_single_image image=&#8221;6493&#8243; img_size=&#8221;full&#8221;][vc_single_image image=&#8221;6492&#8243; img_size=&#8221;full&#8221;][\/vc_column_inner][vc_column_inner el_class=&#8221;award-bloc-message&#8221; width=&#8221;7\/12&#8243;][vc_column_text el_class=&#8221;award-bloc-date&#8221;]2017[\/vc_column_text][vc_column_text el_class=&#8221;award-bloc-product&#8221;]Encostas de Lisboa Reserva Tinto[\/vc_column_text][vc_column_text el_class=&#8221;award-bloc-description&#8221;]Na regi\u00e3o v\u00ednica mais diversa de Portugal, \u00e9 criado este vinho macio, encorpado e com um final de boca persistente.[\/vc_column_text][\/vc_column_inner][\/vc_row_inner][\/vc_column][\/vc_row][\/vc_section][vc_section el_class=&#8221;awards&#8221;][vc_row][vc_column css_animation=&#8221;fadeInLeft&#8221; width=&#8221;1\/2&#8243;][vc_row_inner][vc_column_inner el_class=&#8221;award-bloc-image&#8221; width=&#8221;1\/3&#8243;][vc_single_image image=&#8221;6484&#8243; img_size=&#8221;259&#215;450&#8243;][\/vc_column_inner][vc_column_inner el_class=&#8221;award-badges&#8221; width=&#8221;1\/12&#8243;][vc_single_image image=&#8221;6493&#8243; img_size=&#8221;full&#8221;][\/vc_column_inner][vc_column_inner el_class=&#8221;award-bloc-message&#8221; width=&#8221;7\/12&#8243;][vc_column_text el_class=&#8221;award-bloc-date&#8221;]2016[\/vc_column_text][vc_column_text el_class=&#8221;award-bloc-product&#8221;]GA Granja Amareleja P\u00e9 Franco Moreto Tinto[\/vc_column_text][vc_column_text el_class=&#8221;award-bloc-description&#8221;]A casta Moreto \u00e9 o ex-libris da viticultura da margem esquerda do Guadiana, onde continua a ser cultivada, maioritariamente, em p\u00e9-franco. Talvez por essa<br \/>\nraz\u00e3o os seus vinhos sejam t\u00e3o arom\u00e1ticos, equilibrados e distintos. Nesta colheita deu origem ao melhor vinho pelo que resolvemos engarrafar separadamente.[\/vc_column_text][\/vc_column_inner][\/vc_row_inner][\/vc_column][vc_column css_animation=&#8221;fadeInRight&#8221; width=&#8221;1\/2&#8243;][vc_row_inner][vc_column_inner el_class=&#8221;award-bloc-image&#8221; width=&#8221;1\/3&#8243;][vc_single_image image=&#8221;6485&#8243; img_size=&#8221;259&#215;450&#8243;][\/vc_column_inner][vc_column_inner el_class=&#8221;award-badges&#8221; width=&#8221;1\/12&#8243;][vc_single_image image=&#8221;6493&#8243; img_size=&#8221;full&#8221;][\/vc_column_inner][vc_column_inner el_class=&#8221;award-bloc-message&#8221; width=&#8221;7\/12&#8243;][vc_column_text el_class=&#8221;award-bloc-date&#8221;]2017[\/vc_column_text][vc_column_text el_class=&#8221;award-bloc-product&#8221;]Granja Amareleja Premium Tinto[\/vc_column_text][vc_column_text el_class=&#8221;award-bloc-description&#8221;]Este vinho \u00e9 feito com uvas das castas tradicionais da Margem Esquerda do Guadiana \u2013 Moreto, Trincadeira, Alfrocheiro e Alicante \u2013 provenientes de vinhas de sequeiro de pequenos viticultores. O ano de colheita foi bastante quente, mas as uvas estavam muito equilibradas e em \u00f3ptimas condi\u00e7\u00f5es sanit\u00e1rias, originando um vinho arom\u00e1tico, s\u00e1pido e com grande car\u00e1cter.[\/vc_column_text][\/vc_column_inner][\/vc_row_inner][\/vc_column][\/vc_row][\/vc_section][vc_section el_class=&#8221;awards&#8221;][vc_row][vc_column css_animation=&#8221;fadeInLeft&#8221; width=&#8221;1\/2&#8243;][vc_row_inner][vc_column_inner el_class=&#8221;award-bloc-image&#8221; width=&#8221;1\/3&#8243;][vc_single_image image=&#8221;6486&#8243; img_size=&#8221;259&#215;450&#8243;][\/vc_column_inner][vc_column_inner el_class=&#8221;award-badges&#8221; width=&#8221;1\/12&#8243;][vc_single_image image=&#8221;6593&#8243; img_size=&#8221;full&#8221;][\/vc_column_inner][vc_column_inner el_class=&#8221;award-bloc-message&#8221; width=&#8221;7\/12&#8243;][vc_column_text el_class=&#8221;award-bloc-date&#8221;]2016[\/vc_column_text][vc_column_text el_class=&#8221;award-bloc-product&#8221;]Granja Amareleja Reserva Tinto[\/vc_column_text][vc_column_text el_class=&#8221;award-bloc-description&#8221;]Os vinhos Granja Amareleja s\u00e3o a express\u00e3o mais pura da tradi\u00e7\u00e3o da sub-regi\u00e3o alentejana Granja Amareleja. Este vinho que tem por base as castas Moreto, Alfrocheiro e Aragonez, de sabor final fino e persistente a frutos secos, especiarias e cacau, revela-se equilibrado e elegante.[\/vc_column_text][\/vc_column_inner][\/vc_row_inner][\/vc_column][vc_column css_animation=&#8221;fadeInRight&#8221; width=&#8221;1\/2&#8243;][vc_row_inner][vc_column_inner el_class=&#8221;award-bloc-image&#8221; width=&#8221;1\/3&#8243;][vc_single_image image=&#8221;6550&#8243; img_size=&#8221;259&#215;450&#8243;][\/vc_column_inner][vc_column_inner el_class=&#8221;award-badges&#8221; width=&#8221;1\/12&#8243;][vc_single_image image=&#8221;6494&#8243; img_size=&#8221;full&#8221;][vc_single_image image=&#8221;6225&#8243; img_size=&#8221;full&#8221;][vc_single_image image=&#8221;6493&#8243; img_size=&#8221;full&#8221;][\/vc_column_inner][vc_column_inner el_class=&#8221;award-bloc-message&#8221; width=&#8221;7\/12&#8243;][vc_column_text el_class=&#8221;award-bloc-date&#8221;]2017[\/vc_column_text][vc_column_text el_class=&#8221;award-bloc-product&#8221;]Piteira Signature[\/vc_column_text][vc_column_text el_class=&#8221;award-bloc-description&#8221;]A filosofia por detr\u00e1s da cria\u00e7\u00e3o deste vinho tem origem no seu pr\u00f3prio nome. \u00c9 a assinatura de um vinho fiel \u00e0 sua origem, \u00e0 sub-regi\u00e3o Granja Amareleja. Criado em vinhas \u00fanicas, com pouca interven\u00e7\u00e3o, verdadeiro e honesto. Apresento-vos as minhas origens. Sa\u00fade![\/vc_column_text][\/vc_column_inner][\/vc_row_inner][\/vc_column][\/vc_row][vc_row css=&#8221;.vc_custom_1566319712151{margin-bottom: 80px !important;}&#8221;][vc_column][\/vc_column][\/vc_row][\/vc_section][vc_section el_class=&#8221;awards&#8221;][vc_row][vc_column css_animation=&#8221;fadeInLeft&#8221; width=&#8221;1\/2&#8243;][vc_row_inner][vc_column_inner el_class=&#8221;award-bloc-image&#8221; width=&#8221;1\/3&#8243;][vc_single_image image=&#8221;6488&#8243; img_size=&#8221;259&#215;450&#8243;][\/vc_column_inner][vc_column_inner el_class=&#8221;award-badges&#8221; width=&#8221;1\/12&#8243;][vc_single_image image=&#8221;6493&#8243; img_size=&#8221;full&#8221;][\/vc_column_inner][vc_column_inner el_class=&#8221;award-bloc-message&#8221; width=&#8221;7\/12&#8243;][vc_column_text el_class=&#8221;award-bloc-date&#8221;]2016[\/vc_column_text][vc_column_text el_class=&#8221;award-bloc-product&#8221;]Granja Amareleja Reserva Tinto[\/vc_column_text][vc_column_text el_class=&#8221;award-bloc-description&#8221;]Os vinhos Granja Amareleja s\u00e3o a express\u00e3o mais pura da tradi\u00e7\u00e3o da sub-regi\u00e3o alentejana Granja Amareleja. Este vinho que tem por base as castas Moreto, Alfrocheiro e Aragonez, de sabor final fino e persistente a frutos secos, especiarias e cacau, revela-se equilibrado e elegante.[\/vc_column_text][\/vc_column_inner][\/vc_row_inner][\/vc_column][vc_column css_animation=&#8221;fadeInRight&#8221; width=&#8221;1\/2&#8243;][vc_row_inner][vc_column_inner el_class=&#8221;award-bloc-image&#8221; width=&#8221;1\/3&#8243;][vc_single_image image=&#8221;6487&#8243; img_size=&#8221;259&#215;450&#8243;][\/vc_column_inner][vc_column_inner el_class=&#8221;award-badges&#8221; width=&#8221;1\/12&#8243;][vc_single_image image=&#8221;6593&#8243; img_size=&#8221;full&#8221;][\/vc_column_inner][vc_column_inner el_class=&#8221;award-bloc-message&#8221; width=&#8221;7\/12&#8243;][vc_column_text el_class=&#8221;award-bloc-date&#8221;]2017[\/vc_column_text][vc_column_text el_class=&#8221;award-bloc-product&#8221;]Piteira Signature[\/vc_column_text][vc_column_text el_class=&#8221;award-bloc-description&#8221;]A filosofia por detr\u00e1s da cria\u00e7\u00e3o deste vinho tem origem no seu pr\u00f3prio nome. \u00c9 a assinatura de um vinho fiel \u00e0 sua origem, \u00e0 sub-regi\u00e3o Granja Amareleja. Criado em vinhas \u00fanicas, com pouca interven\u00e7\u00e3o, verdadeiro e honesto. Apresento-vos as minhas origens. Sa\u00fade![\/vc_column_text][\/vc_column_inner][\/vc_row_inner][\/vc_column][\/vc_row][vc_row css=&#8221;.vc_custom_1566319712151{margin-bottom: 80px !important;}&#8221;][vc_column][\/vc_column][\/vc_row][\/vc_section][vc_section el_class=&#8221;awards&#8221;][vc_row][vc_column css_animation=&#8221;fadeInLeft&#8221; width=&#8221;1\/2&#8243;][vc_row_inner][vc_column_inner el_class=&#8221;award-bloc-image&#8221; width=&#8221;1\/3&#8243;][vc_single_image image=&#8221;6594&#8243; img_size=&#8221;259&#215;450&#8243;][\/vc_column_inner][vc_column_inner el_class=&#8221;award-badges&#8221; width=&#8221;1\/12&#8243;][vc_single_image image=&#8221;6493&#8243; img_size=&#8221;full&#8221;][\/vc_column_inner][vc_column_inner el_class=&#8221;award-bloc-message&#8221; width=&#8221;7\/12&#8243;][vc_column_text el_class=&#8221;award-bloc-date&#8221;]2017[\/vc_column_text][vc_column_text el_class=&#8221;award-bloc-product&#8221;]Vale de Fornos Reserva Branco[\/vc_column_text][vc_column_text el_class=&#8221;award-bloc-description&#8221;]Uma das Quintas mais antigas e marcantes da Regi\u00e3o Vitivin\u00edcola do Tejo. Situada numa zona de conflu\u00eancia entre as regi\u00f5es de vinho de Lisboa e Tejo, disp\u00f5e de um terroir magn\u00edfico para a cria\u00e7\u00e3o de vinhos de superior qualidade. Este vinho \u00e9 um lote da casta Arinto com castas brancas internacionais.[\/vc_column_text][\/vc_column_inner][\/vc_row_inner][\/vc_column][vc_column css_animation=&#8221;fadeInRight&#8221; width=&#8221;1\/2&#8243;][vc_row_inner][vc_column_inner el_class=&#8221;award-bloc-image&#8221; width=&#8221;1\/3&#8243;][vc_single_image image=&#8221;6594&#8243; img_size=&#8221;259&#215;450&#8243;][\/vc_column_inner][vc_column_inner el_class=&#8221;award-badges&#8221; width=&#8221;1\/12&#8243;][vc_single_image image=&#8221;6593&#8243; img_size=&#8221;full&#8221;][\/vc_column_inner][vc_column_inner el_class=&#8221;award-bloc-message&#8221; width=&#8221;7\/12&#8243;][vc_column_text el_class=&#8221;award-bloc-date&#8221;]2017[\/vc_column_text][vc_column_text el_class=&#8221;award-bloc-product&#8221;]Quinta Vale de Fornos Colheita Especial Branco[\/vc_column_text][vc_column_text el_class=&#8221;award-bloc-description&#8221;]Uma das Quintas mais antigas e marcantes da Regi\u00e3o Vitivin\u00edcola do Tejo. Esta propriedade foi originalmente oferecida por D. Ant\u00f3nia Ferreira (Ferreirinha) como dote de casamento de sua filha com o 3\u00ba Conde de Azambuja. Situada numa zona de conflu\u00eancia entre as regi\u00f5es de vinho de Lisboa e Tejo, disp\u00f5e de um terroir magn\u00edfico para a cria\u00e7\u00e3o de vinhos de superior qualidade.[\/vc_column_text][\/vc_column_inner][\/vc_row_inner][\/vc_column][\/vc_row][vc_row css=&#8221;.vc_custom_1566319712151{margin-bottom: 80px !important;}&#8221;][vc_column][\/vc_column][\/vc_row][\/vc_section][vc_section el_class=&#8221;awards&#8221;][vc_row][vc_column css_animation=&#8221;fadeInLeft&#8221; width=&#8221;1\/2&#8243;][vc_row_inner][vc_column_inner el_class=&#8221;award-bloc-image&#8221; width=&#8221;1\/3&#8243;][vc_single_image image=&#8221;6540&#8243; img_size=&#8221;259&#215;450&#8243;][\/vc_column_inner][vc_column_inner el_class=&#8221;award-badges&#8221; width=&#8221;1\/12&#8243;][vc_single_image image=&#8221;6593&#8243; img_size=&#8221;full&#8221;][\/vc_column_inner][vc_column_inner el_class=&#8221;award-bloc-message&#8221; width=&#8221;7\/12&#8243;][vc_column_text el_class=&#8221;award-bloc-date&#8221;]2015[\/vc_column_text][vc_column_text el_class=&#8221;award-bloc-product&#8221;]Xisto Preto Signature[\/vc_column_text][vc_column_text el_class=&#8221;award-bloc-description&#8221;]Da emblem\u00e1tica paisagem do Douro e das suas terras de xisto nasce este vinho de express\u00e3o duriense pura.[\/vc_column_text][\/vc_column_inner][\/vc_row_inner][\/vc_column][vc_column css_animation=&#8221;fadeInRight&#8221; width=&#8221;1\/2&#8243;][vc_row_inner][vc_column_inner el_class=&#8221;award-bloc-image&#8221; width=&#8221;1\/3&#8243;][vc_single_image image=&#8221;6539&#8243; img_size=&#8221;259&#215;450&#8243;][\/vc_column_inner][vc_column_inner el_class=&#8221;award-badges&#8221; width=&#8221;1\/12&#8243;][vc_single_image image=&#8221;6495&#8243; img_size=&#8221;full&#8221;][\/vc_column_inner][vc_column_inner el_class=&#8221;award-bloc-message&#8221; width=&#8221;7\/12&#8243;][vc_column_text el_class=&#8221;award-bloc-date&#8221;]2017[\/vc_column_text][vc_column_text el_class=&#8221;award-bloc-product&#8221;]Xisto Preto Reserva[\/vc_column_text][vc_column_text el_class=&#8221;award-bloc-description&#8221;]Da emblem\u00e1tica paisagem do Douro e das suas terras de xisto nasce este vinho de express\u00e3o duriense pura.[\/vc_column_text][\/vc_column_inner][\/vc_row_inner][\/vc_column][\/vc_row][vc_row css=&#8221;.vc_custom_1566319712151{margin-bottom: 80px !important;}&#8221;][vc_column][\/vc_column][\/vc_row][\/vc_section][vc_section el_class=&#8221;awards&#8221;][vc_row][vc_column css_animation=&#8221;fadeInLeft&#8221; width=&#8221;1\/2&#8243;][vc_row_inner][vc_column_inner el_class=&#8221;award-bloc-image&#8221; width=&#8221;1\/3&#8243;][vc_single_image image=&#8221;6595&#8243; img_size=&#8221;259&#215;450&#8243;][\/vc_column_inner][vc_column_inner el_class=&#8221;award-badges&#8221; width=&#8221;1\/12&#8243;][vc_single_image image=&#8221;6495&#8243; img_size=&#8221;full&#8221;][\/vc_column_inner][vc_column_inner el_class=&#8221;award-bloc-message&#8221; width=&#8221;7\/12&#8243;][vc_column_text el_class=&#8221;award-bloc-date&#8221;]2018[\/vc_column_text][vc_column_text el_class=&#8221;award-bloc-product&#8221;]Flor de Penalva Colheita Selecionada[\/vc_column_text][vc_column_text el_class=&#8221;award-bloc-description&#8221;]Do D\u00e3o, ber\u00e7o de vinhos de superior eleg\u00e2ncia, nasce este vinho segundo uma<br \/>\ntecnologia minimalista, para apresentar o estilo tradicional dos brancos do D\u00e3o.[\/vc_column_text][\/vc_column_inner][\/vc_row_inner][\/vc_column][vc_column css_animation=&#8221;fadeInRight&#8221; width=&#8221;1\/2&#8243;][vc_row_inner][vc_column_inner el_class=&#8221;award-bloc-image&#8221; width=&#8221;1\/3&#8243;][vc_single_image image=&#8221;6596&#8243; img_size=&#8221;259&#215;450&#8243;][\/vc_column_inner][vc_column_inner el_class=&#8221;award-badges&#8221; width=&#8221;1\/12&#8243;][vc_single_image image=&#8221;6494&#8243; img_size=&#8221;full&#8221;][\/vc_column_inner][vc_column_inner el_class=&#8221;award-bloc-message&#8221; width=&#8221;7\/12&#8243;][vc_column_text el_class=&#8221;award-bloc-date&#8221;]2015[\/vc_column_text][vc_column_text el_class=&#8221;award-bloc-product&#8221;]Flor de Penalva Reserva Tinto[\/vc_column_text][vc_column_text el_class=&#8221;award-bloc-description&#8221;]Do D\u00e3o, ber\u00e7o de vinhos de superior eleg\u00e2ncia, nasce este vinho Reserva elaborado a partir das t\u00edpicas castas da regi\u00e3o.[\/vc_column_text][\/vc_column_inner][\/vc_row_inner][\/vc_column][\/vc_row][vc_row][vc_column css_animation=&#8221;fadeInRight&#8221; css=&#8221;.vc_custom_1568303382525{margin-top: 139px !important;}&#8221;][vc_text_separator title=&#8221;Azeites&#8221; title_align=&#8221;separator_align_left&#8221;][\/vc_column][\/vc_row][\/vc_section][vc_section el_class=&#8221;awards&#8221;][vc_row][vc_column css_animation=&#8221;fadeInLeft&#8221; width=&#8221;1\/2&#8243;][vc_row_inner][vc_column_inner el_class=&#8221;award-bloc-image&#8221; width=&#8221;1\/3&#8243;][vc_single_image image=&#8221;6665&#8243; img_size=&#8221;259&#215;450&#8243; onclick=&#8221;custom_link&#8221; link=&#8221;http:\/\/abegoaria.pt\/produto\/vidigueira-virgem-extra-premium\/&#8221;][\/vc_column_inner][vc_column_inner el_class=&#8221;award-badges&#8221; width=&#8221;1\/12&#8243;][vc_single_image image=&#8221;6666&#8243; img_size=&#8221;full&#8221;][\/vc_column_inner][vc_column_inner el_class=&#8221;award-bloc-message&#8221; width=&#8221;7\/12&#8243;][vc_column_text el_class=&#8221;award-bloc-date&#8221;]2019[\/vc_column_text][vc_column_text el_class=&#8221;award-bloc-product&#8221;]Vidigueira Virgem Extra Premium[\/vc_column_text][vc_column_text el_class=&#8221;award-bloc-description&#8221;]Dos olivais tradicionais s\u00e3o colhidas e criteriosamente selecionadas as azeitonas frescas mais s\u00e3s para a produ\u00e7\u00e3o deste azeite de superior qualidade. \u00c9 um produto genu\u00edno e com a tipicidade regional e certifica\u00e7\u00e3o de denomina\u00e7\u00e3o de origem protegida Alentejo Interior. A sensa\u00e7\u00e3o \u00fanica e genu\u00edna de doce confere-lhe uma eleg\u00e2ncia superior.[\/vc_column_text][\/vc_column_inner][\/vc_row_inner][\/vc_column][\/vc_row][vc_row css=&#8221;.vc_custom_1566319712151{margin-bottom: 80px !important;}&#8221;][vc_column][\/vc_column][\/vc_row][\/vc_section]<\/p>\n","protected":false},"excerpt":{"rendered":"<p>[vc_row el_class=&#8221;bread-wrapper&#8221;][vc_column css_animation=&#8221;fadeInLeft&#8221;][vc_column_text] M\u00e9dia \/ Pr\u00e9mios [\/vc_column_text][\/vc_column][\/vc_row][vc_row][vc_column css_animation=&#8221;fadeInRight&#8221; css=&#8221;.vc_custom_1568303382525{margin-top: 139px !important;}&#8221;][vc_column_text el_class=&#8221;awards-title&#8221;] Produtos Premiados [\/vc_column_text][vc_column_text el_class=&#8221;awards-title-message&#8221;]Os pr\u00e9mios alcan\u00e7ados s\u00e3o o reconhecimento de todo um trabalho desenvolvido\u00a0 na aposta pela qualidade e autenticidade dos nossos produtos.[\/vc_column_text][vc_text_separator title=&#8221;Vinhos&#8221; title_align=&#8221;separator_align_left&#8221;][\/vc_column][\/vc_row][vc_section css=&#8221;.vc_custom_1566319696768{margin-top: 96px !important;}&#8221; el_class=&#8221;awards&#8221;][vc_row][vc_column css_animation=&#8221;fadeInLeft&#8221; width=&#8221;1\/2&#8243;][vc_row_inner][vc_column_inner el_class=&#8221;award-bloc-image&#8221; width=&#8221;1\/3&#8243;][vc_single_image image=&#8221;6592&#8243; img_size=&#8221;259&#215;450&#8243;][\/vc_column_inner][vc_column_inner el_class=&#8221;award-badges&#8221; width=&#8221;1\/12&#8243;][vc_single_image image=&#8221;6493&#8243; img_size=&#8221;full&#8221;][\/vc_column_inner][vc_column_inner el_class=&#8221;award-bloc-message&#8221; width=&#8221;7\/12&#8243;][vc_column_text el_class=&#8221;award-bloc-date&#8221;]2017[\/vc_column_text][vc_column_text el_class=&#8221;award-bloc-product&#8221;]Encostas [&hellip;]<\/p>\n","protected":false},"author":1,"featured_media":0,"parent":0,"menu_order":0,"comment_status":"closed","ping_status":"closed","template":"","meta":{"footnotes":""},"class_list":["post-6792","page","type-page","status-publish","hentry"],"_links":{"self":[{"href":"https:\/\/abegoaria.pt\/en\/wp-json\/wp\/v2\/pages\/6792","targetHints":{"allow":["GET"]}}],"collection":[{"href":"https:\/\/abegoaria.pt\/en\/wp-json\/wp\/v2\/pages"}],"about":[{"href":"https:\/\/abegoaria.pt\/en\/wp-json\/wp\/v2\/types\/page"}],"author":[{"embeddable":true,"href":"https:\/\/abegoaria.pt\/en\/wp-json\/wp\/v2\/users\/1"}],"replies":[{"embeddable":true,"href":"https:\/\/abegoaria.pt\/en\/wp-json\/wp\/v2\/comments?post=6792"}],"version-history":[{"count":4,"href":"https:\/\/abegoaria.pt\/en\/wp-json\/wp\/v2\/pages\/6792\/revisions"}],"predecessor-version":[{"id":7947,"href":"https:\/\/abegoaria.pt\/en\/wp-json\/wp\/v2\/pages\/6792\/revisions\/7947"}],"wp:attachment":[{"href":"https:\/\/abegoaria.pt\/en\/wp-json\/wp\/v2\/media?parent=6792"}],"curies":[{"name":"wp","href":"https:\/\/api.w.org\/{rel}","templated":true}]}}