{"id":6809,"date":"2019-11-08T14:47:56","date_gmt":"2019-11-08T14:47:56","guid":{"rendered":"https:\/\/abegoaria.pt\/?page_id=6809"},"modified":"2019-11-08T14:48:00","modified_gmt":"2019-11-08T14:48:00","slug":"termos-de-utilizacao","status":"publish","type":"page","link":"https:\/\/abegoaria.pt\/en\/termos-de-utilizacao\/","title":{"rendered":"Termos de Utiliza\u00e7\u00e3o"},"content":{"rendered":"<p>[vc_row css=&#8221;.vc_custom_1568293578973{margin-top: 50px !important;margin-bottom: 100px !important;}&#8221; el_class=&#8221; animated slideInLeft duration2 eds-on-scroll &#8220;][vc_column][vc_column_text]<\/p>\n<h2>Termos de Utiliza\u00e7\u00e3o<\/h2>\n<p>Conhe\u00e7a os nossos Termos de Utiliza\u00e7\u00e3o<\/p>\n<h2 class=\"h2small\">Brevemente dispon\u00edvel<\/h2>\n<p>[\/vc_column_text][\/vc_column][\/vc_row]<\/p>\n","protected":false},"excerpt":{"rendered":"<p>[vc_row css=&#8221;.vc_custom_1568293578973{margin-top: 50px !important;margin-bottom: 100px !important;}&#8221; el_class=&#8221; animated slideInLeft duration2 eds-on-scroll &#8220;][vc_column][vc_column_text] Termos de Utiliza\u00e7\u00e3o Conhe\u00e7a os nossos Termos de Utiliza\u00e7\u00e3o Brevemente dispon\u00edvel [\/vc_column_text][\/vc_column][\/vc_row]<\/p>\n","protected":false},"author":1,"featured_media":0,"parent":0,"menu_order":0,"comment_status":"closed","ping_status":"open","template":"","meta":{"footnotes":""},"class_list":["post-6809","page","type-page","status-publish","hentry"],"_links":{"self":[{"href":"https:\/\/abegoaria.pt\/en\/wp-json\/wp\/v2\/pages\/6809","targetHints":{"allow":["GET"]}}],"collection":[{"href":"https:\/\/abegoaria.pt\/en\/wp-json\/wp\/v2\/pages"}],"about":[{"href":"https:\/\/abegoaria.pt\/en\/wp-json\/wp\/v2\/types\/page"}],"author":[{"embeddable":true,"href":"https:\/\/abegoaria.pt\/en\/wp-json\/wp\/v2\/users\/1"}],"replies":[{"embeddable":true,"href":"https:\/\/abegoaria.pt\/en\/wp-json\/wp\/v2\/comments?post=6809"}],"version-history":[{"count":1,"href":"https:\/\/abegoaria.pt\/en\/wp-json\/wp\/v2\/pages\/6809\/revisions"}],"predecessor-version":[{"id":6810,"href":"https:\/\/abegoaria.pt\/en\/wp-json\/wp\/v2\/pages\/6809\/revisions\/6810"}],"wp:attachment":[{"href":"https:\/\/abegoaria.pt\/en\/wp-json\/wp\/v2\/media?parent=6809"}],"curies":[{"name":"wp","href":"https:\/\/api.w.org\/{rel}","templated":true}]}}