{"id":6811,"date":"2019-11-08T14:48:19","date_gmt":"2019-11-08T14:48:19","guid":{"rendered":"https:\/\/abegoaria.pt\/?page_id=6811"},"modified":"2019-11-26T00:20:06","modified_gmt":"2019-11-26T00:20:06","slug":"validacao-da-idade","status":"publish","type":"page","link":"https:\/\/abegoaria.pt\/en\/validacao-da-idade\/","title":{"rendered":"Age Validation"},"content":{"rendered":"<p>[vc_row el_class=&#8221;full-width age-restrict-wrapper&#8221;][vc_column][vc_row_inner el_class=&#8221;inner-row-small age-restrict-inner&#8221;][vc_column_inner][vc_column_text]Abegoaria<\/p>\n<p>Bem-vindo ao nosso site.<\/p>\n<p>Tens mais de 18 anos?[\/vc_column_text][vc_btn title=&#8221;Sim&#8221;][vc_btn title=&#8221;N\u00e3o&#8221;][vc_column_text]SABER APRECIAR UM VINHO \u00c9 TAMB\u00c9M BEBER RESPONSAVELMENTE!<\/p>\n<p>A Abegoaria \u00e9 promotora de todas as formas de consumo respons\u00e1vel de bebidas alco\u00f3licas e por isso associa-se voluntariamente ao programa Wine in Moderation e ao C\u00f3digo de Auto-Regula\u00e7\u00e3o de Comunica\u00e7\u00e3o Publicit\u00e1ria em Mat\u00e9ria de Bebidas Alco\u00f3licas \u2013 Vinhos e Bebidas Espirituosas.[\/vc_column_text][\/vc_column_inner][\/vc_row_inner][\/vc_column][\/vc_row]<\/p>\n","protected":false},"excerpt":{"rendered":"<p>[vc_row el_class=&#8221;full-width age-restrict-wrapper&#8221;][vc_column][vc_row_inner el_class=&#8221;inner-row-small age-restrict-inner&#8221;][vc_column_inner][vc_column_text]Abegoaria Bem-vindo ao nosso site. Tens mais de 18 anos?[\/vc_column_text][vc_btn title=&#8221;Sim&#8221;][vc_btn title=&#8221;N\u00e3o&#8221;][vc_column_text]SABER APRECIAR UM VINHO \u00c9 TAMB\u00c9M BEBER RESPONSAVELMENTE! A Abegoaria \u00e9 promotora de todas as formas de consumo respons\u00e1vel de bebidas alco\u00f3licas e por isso associa-se voluntariamente ao programa Wine in Moderation e ao C\u00f3digo de Auto-Regula\u00e7\u00e3o de Comunica\u00e7\u00e3o Publicit\u00e1ria [&hellip;]<\/p>\n","protected":false},"author":1,"featured_media":0,"parent":0,"menu_order":0,"comment_status":"closed","ping_status":"closed","template":"","meta":{"footnotes":""},"class_list":["post-6811","page","type-page","status-publish","hentry"],"_links":{"self":[{"href":"https:\/\/abegoaria.pt\/en\/wp-json\/wp\/v2\/pages\/6811","targetHints":{"allow":["GET"]}}],"collection":[{"href":"https:\/\/abegoaria.pt\/en\/wp-json\/wp\/v2\/pages"}],"about":[{"href":"https:\/\/abegoaria.pt\/en\/wp-json\/wp\/v2\/types\/page"}],"author":[{"embeddable":true,"href":"https:\/\/abegoaria.pt\/en\/wp-json\/wp\/v2\/users\/1"}],"replies":[{"embeddable":true,"href":"https:\/\/abegoaria.pt\/en\/wp-json\/wp\/v2\/comments?post=6811"}],"version-history":[{"count":2,"href":"https:\/\/abegoaria.pt\/en\/wp-json\/wp\/v2\/pages\/6811\/revisions"}],"predecessor-version":[{"id":7875,"href":"https:\/\/abegoaria.pt\/en\/wp-json\/wp\/v2\/pages\/6811\/revisions\/7875"}],"wp:attachment":[{"href":"https:\/\/abegoaria.pt\/en\/wp-json\/wp\/v2\/media?parent=6811"}],"curies":[{"name":"wp","href":"https:\/\/api.w.org\/{rel}","templated":true}]}}