{"id":6866,"date":"2019-10-01T15:46:58","date_gmt":"2019-10-01T15:46:58","guid":{"rendered":"https:\/\/abegoaria.pt\/produto\/monte-da-contenda-private-collection-tinto\/"},"modified":"2019-11-08T16:45:24","modified_gmt":"2019-11-08T16:45:24","slug":"monte-da-contenda-private-collection-tinto","status":"publish","type":"product","link":"https:\/\/abegoaria.pt\/en\/produto\/monte-da-contenda-private-collection-tinto\/","title":{"rendered":"Monte da Contenda Private Collection Tinto"},"content":{"rendered":"<p>[vc_row][vc_column][vc_column_text]<img decoding=\"async\" class=\"svg alignnone wp-image-1678 size-full\" src=\"https:\/\/abegoaria.pt\/wp-content\/uploads\/2019\/08\/wines-glass.svg\" alt=\"\" width=\"24px\" height=\"24px\" \/><\/p>\n<h3>Caracter\u00edsticas do Vinho<\/h3>\n<table>\n<tbody>\n<tr>\n<td>Ano<\/td>\n<td>2017<\/td>\n<\/tr>\n<tr>\n<td>Estilo<\/td>\n<td>Vinho Tranquilo<\/td>\n<\/tr>\n<tr>\n<td>Regi\u00e3o<\/td>\n<td>Alentejo<\/td>\n<\/tr>\n<tr>\n<td>Categoria<\/td>\n<td>Doc Alentejo<\/td>\n<\/tr>\n<tr>\n<td>Castas<\/td>\n<td>Aragonez, Trincadeira e Alicante Bouschet<\/td>\n<\/tr>\n<tr>\n<td>Cor<\/td>\n<td>Rubi<\/td>\n<\/tr>\n<tr>\n<td>Engarrafamento<\/td>\n<td><\/td>\n<\/tr>\n<tr>\n<td>Longevidade<\/td>\n<td>3 anos<\/td>\n<\/tr>\n<tr>\n<td>\u00c1lcool (%VOL)<\/td>\n<td>14<\/td>\n<\/tr>\n<\/tbody>\n<\/table>\n<p>[\/vc_column_text][\/vc_column][\/vc_row][vc_row][vc_column][vc_column_text]<img loading=\"lazy\" decoding=\"async\" class=\"svg alignnone wp-image-1676 size-full\" src=\"https:\/\/abegoaria.pt\/wp-content\/uploads\/2019\/08\/keg.svg\" alt=\"\" width=\"24\" height=\"24\" \/><\/p>\n<h3>Vinifica\u00e7\u00e3o e Est\u00e1gio<\/h3>\n<p>Vinho resulta da fermenta\u00e7\u00e3o a temperatura controlada com curtimenta completa e est\u00e1gio em barricas de carvalho durante 4 meses.[\/vc_column_text][\/vc_column][\/vc_row][vc_row][vc_column][vc_column_text]<img decoding=\"async\" class=\"svg alignnone wp-image-1679 size-full\" src=\"https:\/\/abegoaria.pt\/wp-content\/uploads\/2019\/08\/book-i.svg\" alt=\"\" width=\"24px\" height=\"24px\" \/><\/p>\n<h3>Notas de Prova e Harmoniza\u00e7\u00e3o<\/h3>\n<p>Este vinho de cor rubi, fino em aromas, apresenta uma boa estrutura. Na boca \u00e9 um vinho cheio, de muita concentra\u00e7\u00e3o, persist\u00eancia e frescura com notas finas e elegantes.[\/vc_column_text][\/vc_column][\/vc_row]<\/p>\n","protected":false},"excerpt":{"rendered":"<p>Debaixo do sol intenso do alentejo e na terra f\u00e9rtil, surge o vinho Monte da Contenda. As uvas foram vindimadas casta por casta de Aragonez, Trincadeira e Alicante Bouschet, no seu perfeito estado de matura\u00e7\u00e3o. Est \u00e9 um vinho fino de aromas, com uma boa estrutura de fruta bem integrada na sua complexidade.<\/p>\n","protected":false},"featured_media":6655,"comment_status":"closed","ping_status":"closed","template":"","meta":[],"class_list":["post-6866","product","type-product","status-publish","has-post-thumbnail","hentry","product_cat-alentejo-9","product_cat-marcas-en","product_cat-herdade-da-madeira-velha-en","product_cat-monte-da-contenda-en","product_cat-tinto-en","product_tag-vinho-tinto-5","pa_ptcap-da-garrafa-750-ml-en","pa_ptcategoria-1-doc-alentejo-en","pa_ptcategoria-2-private-collection-en","pa_ptintensidade-encorpado-e-volumoso","pa_pttipo-de-vinho-vinho-tinto-en"],"_links":{"self":[{"href":"https:\/\/abegoaria.pt\/en\/wp-json\/wp\/v2\/product\/6866","targetHints":{"allow":["GET"]}}],"collection":[{"href":"https:\/\/abegoaria.pt\/en\/wp-json\/wp\/v2\/product"}],"about":[{"href":"https:\/\/abegoaria.pt\/en\/wp-json\/wp\/v2\/types\/product"}],"replies":[{"embeddable":true,"href":"https:\/\/abegoaria.pt\/en\/wp-json\/wp\/v2\/comments?post=6866"}],"wp:featuredmedia":[{"embeddable":true,"href":"https:\/\/abegoaria.pt\/en\/wp-json\/wp\/v2\/media\/6655"}],"wp:attachment":[{"href":"https:\/\/abegoaria.pt\/en\/wp-json\/wp\/v2\/media?parent=6866"}],"curies":[{"name":"wp","href":"https:\/\/api.w.org\/{rel}","templated":true}]}}