{"id":6868,"date":"2019-09-30T16:00:27","date_gmt":"2019-09-30T16:00:27","guid":{"rendered":"https:\/\/abegoaria.pt\/produto\/monte-contenda-tinto\/"},"modified":"2019-11-08T16:46:16","modified_gmt":"2019-11-08T16:46:16","slug":"monte-contenda-tinto","status":"publish","type":"product","link":"https:\/\/abegoaria.pt\/en\/produto\/monte-contenda-tinto\/","title":{"rendered":"Monte da Contenda Tinto"},"content":{"rendered":"<p>[vc_row][vc_column][vc_column_text]<img decoding=\"async\" class=\"svg alignnone wp-image-1678 size-full\" src=\"https:\/\/abegoaria.pt\/wp-content\/uploads\/2019\/08\/wines-glass.svg\" alt=\"\" width=\"24px\" height=\"24px\" \/><\/p>\n<h3>Caracter\u00edsticas do Vinho<\/h3>\n<table>\n<tbody>\n<tr>\n<td>Ano<\/td>\n<td>2018<\/td>\n<\/tr>\n<tr>\n<td>Estilo<\/td>\n<td>Vinho Tranquilo<\/td>\n<\/tr>\n<tr>\n<td>Regi\u00e3o<\/td>\n<td>Alentejo<\/td>\n<\/tr>\n<tr>\n<td>Categoria<\/td>\n<td>Doc Alentejo<\/td>\n<\/tr>\n<tr>\n<td>Castas<\/td>\n<td>Aragonez, Trincadeira e Alicante Bouschet<\/td>\n<\/tr>\n<tr>\n<td>Cor<\/td>\n<td>Intensa<\/td>\n<\/tr>\n<tr>\n<td>Engarrafamento<\/td>\n<td><\/td>\n<\/tr>\n<tr>\n<td>Longevidade<\/td>\n<td>3 anos<\/td>\n<\/tr>\n<tr>\n<td>\u00c1lcool (%VOL)<\/td>\n<td>13.5<\/td>\n<\/tr>\n<\/tbody>\n<\/table>\n<p>[\/vc_column_text][\/vc_column][\/vc_row][vc_row][vc_column][vc_column_text]<img loading=\"lazy\" decoding=\"async\" class=\"svg alignnone wp-image-1676 size-full\" src=\"https:\/\/abegoaria.pt\/wp-content\/uploads\/2019\/08\/keg.svg\" alt=\"\" width=\"24\" height=\"24\" \/><\/p>\n<h3>Vinifica\u00e7\u00e3o e Est\u00e1gio<\/h3>\n<p>Uvas s\u00e3o vindimadas casta por casta, no seu perfeito estado de matura\u00e7\u00e3o. Ap\u00f3s uma ligeira macera\u00e7\u00e3o pr\u00e9-fermentativa o mosto \u00e9 fermentado em cubas de inox com temperatura controlada de 24\u00baC.[\/vc_column_text][\/vc_column][\/vc_row][vc_row][vc_column][vc_column_text]<img decoding=\"async\" class=\"svg alignnone wp-image-1679 size-full\" src=\"https:\/\/abegoaria.pt\/wp-content\/uploads\/2019\/08\/book-i.svg\" alt=\"\" width=\"24px\" height=\"24px\" \/><\/p>\n<h3>Notas de Prova e Harmoniza\u00e7\u00e3o<\/h3>\n<p>Este vinho assume aromas frescos e frutados com notas de fruta madura. Na boca revela-se equilibrado e persistente.[\/vc_column_text][\/vc_column][\/vc_row]<\/p>\n","protected":false},"excerpt":{"rendered":"<p>Debaixo do sol intenso do Alentejo e na terra f\u00e9rtil, surge o vinho Monte da Contenda. Elaborado a partir das uvas Aragonez, Trincadeira e Alicante Bouschet, foram selecionadas no seu estado \u00f3timo de matura\u00e7\u00e3o. Este vinho apresenta uma cor intensa, um aroma fresco e frutado com notas de fruta madura, na boca \u00e9 equilibrado e persistente.<\/p>\n","protected":false},"featured_media":6654,"comment_status":"closed","ping_status":"closed","template":"","meta":[],"class_list":["post-6868","product","type-product","status-publish","has-post-thumbnail","hentry","product_cat-alentejo-9","product_cat-marcas-en","product_cat-herdade-da-madeira-velha-en","product_cat-monte-da-contenda-en","product_cat-tinto-en","product_tag-vinho-tinto-5","pa_ptcap-da-garrafa-750-ml-en","pa_ptcategoria-1-doc-alentejo-en","pa_ptintensidade-macio-e-aveludado","pa_pttipo-de-vinho-vinho-tinto-en"],"_links":{"self":[{"href":"https:\/\/abegoaria.pt\/en\/wp-json\/wp\/v2\/product\/6868","targetHints":{"allow":["GET"]}}],"collection":[{"href":"https:\/\/abegoaria.pt\/en\/wp-json\/wp\/v2\/product"}],"about":[{"href":"https:\/\/abegoaria.pt\/en\/wp-json\/wp\/v2\/types\/product"}],"replies":[{"embeddable":true,"href":"https:\/\/abegoaria.pt\/en\/wp-json\/wp\/v2\/comments?post=6868"}],"wp:featuredmedia":[{"embeddable":true,"href":"https:\/\/abegoaria.pt\/en\/wp-json\/wp\/v2\/media\/6654"}],"wp:attachment":[{"href":"https:\/\/abegoaria.pt\/en\/wp-json\/wp\/v2\/media?parent=6868"}],"curies":[{"name":"wp","href":"https:\/\/api.w.org\/{rel}","templated":true}]}}