{"id":6869,"date":"2019-10-28T17:54:47","date_gmt":"2019-09-30T15:48:47","guid":{"rendered":"https:\/\/abegoaria.pt\/produto\/abelharuco-colheita-selecionada-tinto\/"},"modified":"2019-11-08T16:46:20","modified_gmt":"2019-11-08T16:46:20","slug":"abelharuco-colheita-selecionada-tinto","status":"publish","type":"product","link":"https:\/\/abegoaria.pt\/en\/produto\/abelharuco-colheita-selecionada-tinto\/","title":{"rendered":"Abelharuco Colheita Selecionada Tinto"},"content":{"rendered":"<p>[vc_row][vc_column][vc_column_text]<img decoding=\"async\" class=\"svg alignnone wp-image-1678 size-full\" src=\"https:\/\/abegoaria.pt\/wp-content\/uploads\/2019\/08\/wines-glass.svg\" alt=\"\" width=\"24px\" height=\"24px\" \/><\/p>\n<h3>Caracter\u00edsticas do Vinho<\/h3>\n<table>\n<tbody>\n<tr>\n<td>Ano<\/td>\n<td>2018<\/td>\n<\/tr>\n<tr>\n<td>Estilo<\/td>\n<td>Vinho Tranquilo<\/td>\n<\/tr>\n<tr>\n<td>Regi\u00e3o<\/td>\n<td>Alentejo<\/td>\n<\/tr>\n<tr>\n<td>Categoria<\/td>\n<td>Vinho Regional Alentejano Colheita Selecionada<\/td>\n<\/tr>\n<tr>\n<td>Castas<\/td>\n<td>Aragonez, Syrah, Trincadeira e Alicante Bouschet<\/td>\n<\/tr>\n<tr>\n<td>Cor<\/td>\n<td>Rubi<\/td>\n<\/tr>\n<tr>\n<td>Engarrafamento<\/td>\n<td>2019<\/td>\n<\/tr>\n<tr>\n<td>Longevidade<\/td>\n<td>5 anos<\/td>\n<\/tr>\n<tr>\n<td>\u00c1lcool (%VOL)<\/td>\n<td>13.5<\/td>\n<\/tr>\n<\/tbody>\n<\/table>\n<p>[\/vc_column_text][\/vc_column][\/vc_row][vc_row][vc_column][vc_column_text]<img loading=\"lazy\" decoding=\"async\" class=\"svg alignnone wp-image-1676 size-full\" src=\"https:\/\/abegoaria.pt\/wp-content\/uploads\/2019\/08\/keg.svg\" alt=\"\" width=\"24\" height=\"24\" \/><\/p>\n<h3>Vinifica\u00e7\u00e3o e Est\u00e1gio<\/h3>\n<p>Este vinho resulta das castas Aragonez, Trincadeira, Syrah e Alicante Bouschet fermentadas a uma temperatura controlada, com est\u00e1gio em inox.[\/vc_column_text][\/vc_column][\/vc_row][vc_row][vc_column][vc_column_text]<img decoding=\"async\" class=\"svg alignnone wp-image-1679 size-full\" src=\"https:\/\/abegoaria.pt\/wp-content\/uploads\/2019\/08\/book-i.svg\" alt=\"\" width=\"24px\" height=\"24px\" \/><\/p>\n<h3>Notas de Prova e Harmoniza\u00e7\u00e3o<\/h3>\n<p>Este vinho de cor rubi, assume aromas de frutos vermelhos maduros e na boca revela-se estruturado, concentrado, com taninos suaves e final de boca longo.[\/vc_column_text][\/vc_column][\/vc_row]<\/p>\n","protected":false},"excerpt":{"rendered":"<p>Este vinho \u00e9 uma homenagem ao Abelharuco, p\u00e1ssaro com um canto inconfund\u00edvel, companheiro das vindimas alentejanas. \u00c9 da conjuga\u00e7\u00e3o do terroir das uvas deste vinho e do saber fazer, que nasce este vinho de enorme eleg\u00e2ncia com uvas colhidas no seu perfeito estado de matura\u00e7\u00e3o das castas Aragonez, Trincadeira, Syrah e Alicante Bouschet.<\/p>\n","protected":false},"featured_media":6648,"comment_status":"closed","ping_status":"closed","template":"","meta":[],"class_list":["post-6869","product","type-product","status-publish","has-post-thumbnail","hentry","product_cat-abelharuco-3","product_cat-alentejo-9","product_cat-marcas-en","product_cat-herdade-da-madeira-velha-en","product_cat-branco-en","product_tag-vinho-tinto-5","pa_pt-azeite-cap-da-garrafa-750ml-en","pa_ptcategoria-1-vinho-regional-alentejano-3","pa_ptcategoria-2-colheita-selecionada-3","pa_ptintensidade-macio-e-aveludado","pa_pttipo-de-vinho-vinho-tinto-en"],"_links":{"self":[{"href":"https:\/\/abegoaria.pt\/en\/wp-json\/wp\/v2\/product\/6869","targetHints":{"allow":["GET"]}}],"collection":[{"href":"https:\/\/abegoaria.pt\/en\/wp-json\/wp\/v2\/product"}],"about":[{"href":"https:\/\/abegoaria.pt\/en\/wp-json\/wp\/v2\/types\/product"}],"replies":[{"embeddable":true,"href":"https:\/\/abegoaria.pt\/en\/wp-json\/wp\/v2\/comments?post=6869"}],"wp:featuredmedia":[{"embeddable":true,"href":"https:\/\/abegoaria.pt\/en\/wp-json\/wp\/v2\/media\/6648"}],"wp:attachment":[{"href":"https:\/\/abegoaria.pt\/en\/wp-json\/wp\/v2\/media?parent=6869"}],"curies":[{"name":"wp","href":"https:\/\/api.w.org\/{rel}","templated":true}]}}