{"id":6870,"date":"2019-09-30T15:10:38","date_gmt":"2019-09-30T15:10:38","guid":{"rendered":"https:\/\/abegoaria.pt\/produto\/abelharuco-colheita-selecionada-branco\/"},"modified":"2019-11-08T16:46:29","modified_gmt":"2019-11-08T16:46:29","slug":"abelharuco-colheita-selecionada-branco","status":"publish","type":"product","link":"https:\/\/abegoaria.pt\/en\/produto\/abelharuco-colheita-selecionada-branco\/","title":{"rendered":"Abelharuco Colheita Selecionada Branco"},"content":{"rendered":"<p>[vc_row][vc_column][vc_column_text]<img decoding=\"async\" class=\"svg alignnone wp-image-1678 size-full\" src=\"https:\/\/abegoaria.pt\/wp-content\/uploads\/2019\/08\/wines-glass.svg\" alt=\"\" width=\"24px\" height=\"24px\" \/><\/p>\n<h3>Caracter\u00edsticas do Vinho<\/h3>\n<table>\n<tbody>\n<tr>\n<td>Ano<\/td>\n<td>2018<\/td>\n<\/tr>\n<tr>\n<td>Estilo<\/td>\n<td>Vinho Tranquilo<\/td>\n<\/tr>\n<tr>\n<td>Regi\u00e3o<\/td>\n<td>Alentejo<\/td>\n<\/tr>\n<tr>\n<td>Categoria<\/td>\n<td>Vinho Regional Alentejano Colheita Selecionada<\/td>\n<\/tr>\n<tr>\n<td>Castas<\/td>\n<td>Verdelho, Ant\u00e3o Vaz e Arinto<\/td>\n<\/tr>\n<tr>\n<td>Cor<\/td>\n<td>C\u00edtrica<\/td>\n<\/tr>\n<tr>\n<td>Engarrafamento<\/td>\n<td>2019<\/td>\n<\/tr>\n<tr>\n<td>Longevidade<\/td>\n<td>5 anos<\/td>\n<\/tr>\n<tr>\n<td>\u00c1lcool (%VOL)<\/td>\n<td>13.4<\/td>\n<\/tr>\n<\/tbody>\n<\/table>\n<p>[\/vc_column_text][\/vc_column][\/vc_row][vc_row][vc_column][vc_column_text]<img loading=\"lazy\" decoding=\"async\" class=\"svg alignnone wp-image-1676 size-full\" src=\"https:\/\/abegoaria.pt\/wp-content\/uploads\/2019\/08\/keg.svg\" alt=\"\" width=\"24\" height=\"24\" \/><\/p>\n<h3>Vinifica\u00e7\u00e3o e Est\u00e1gio<\/h3>\n<p>As uvas das castas Verdelho, Ant\u00e3o Vaz e Arinto provenientes da vindima foram descarregadas e imediatamente esmagadas e prensadas. Pretendeu-se extrair todo o mosto de forma a preservar as suas caracter\u00edsticas arom\u00e1ticas. Fermenta\u00e7\u00e3o e est\u00e1gio em dep\u00f3sitos de inox.[\/vc_column_text][\/vc_column][\/vc_row][vc_row][vc_column][vc_column_text]<img decoding=\"async\" class=\"svg alignnone wp-image-1679 size-full\" src=\"https:\/\/abegoaria.pt\/wp-content\/uploads\/2019\/08\/book-i.svg\" alt=\"\" width=\"24px\" height=\"24px\" \/><\/p>\n<h3>Notas de Prova e Harmoniza\u00e7\u00e3o<\/h3>\n<p>Este vinho apresenta-se de cor c\u00edtrica, arom\u00e1tico com notas tropicais, na boca revela-se intenso e equilibrado.[\/vc_column_text][\/vc_column][\/vc_row]<\/p>\n","protected":false},"excerpt":{"rendered":"<p>Este vinho \u00e9 uma homenagem ao Abelharuco, p\u00e1ssaro com um canto inconfund\u00edvel, companheiro das vindimas alentejanas. \u00c9 da conjuga\u00e7\u00e3o do terroir das uvas deste vinho e do saber fazer, que nasce este vinho fresco e arom\u00e1tico de uvas colhidas no seu perfeito estado de matura\u00e7\u00e3o das castas Verdelho, Ant\u00e3o Vaz e Arinto.<\/p>\n","protected":false},"featured_media":6647,"comment_status":"closed","ping_status":"closed","template":"","meta":[],"class_list":["post-6870","product","type-product","status-publish","has-post-thumbnail","hentry","product_cat-abelharuco-3","product_cat-alentejo-9","product_cat-marcas-en","product_cat-herdade-da-madeira-velha-en","product_cat-branco-en","product_tag-vinho-branco-en","pa_pt-azeite-cap-da-garrafa-750ml-en","pa_ptcategoria-1-vinho-regional-alentejano-3","pa_ptcategoria-2-colheita-selecionada-3","pa_ptintensidade-encorpado-e-com-aromas-distintos-en","pa_pttipo-de-vinho-vinho-branco-3"],"_links":{"self":[{"href":"https:\/\/abegoaria.pt\/en\/wp-json\/wp\/v2\/product\/6870","targetHints":{"allow":["GET"]}}],"collection":[{"href":"https:\/\/abegoaria.pt\/en\/wp-json\/wp\/v2\/product"}],"about":[{"href":"https:\/\/abegoaria.pt\/en\/wp-json\/wp\/v2\/types\/product"}],"replies":[{"embeddable":true,"href":"https:\/\/abegoaria.pt\/en\/wp-json\/wp\/v2\/comments?post=6870"}],"wp:featuredmedia":[{"embeddable":true,"href":"https:\/\/abegoaria.pt\/en\/wp-json\/wp\/v2\/media\/6647"}],"wp:attachment":[{"href":"https:\/\/abegoaria.pt\/en\/wp-json\/wp\/v2\/media?parent=6870"}],"curies":[{"name":"wp","href":"https:\/\/api.w.org\/{rel}","templated":true}]}}