{"id":6871,"date":"2019-09-30T14:48:51","date_gmt":"2019-09-30T14:48:51","guid":{"rendered":"https:\/\/abegoaria.pt\/produto\/granja-amareleja-doc-branco\/"},"modified":"2019-11-08T16:46:37","modified_gmt":"2019-11-08T16:46:37","slug":"granja-amareleja-doc-branco","status":"publish","type":"product","link":"https:\/\/abegoaria.pt\/en\/produto\/granja-amareleja-doc-branco\/","title":{"rendered":"Granja Amareleja Doc Branco"},"content":{"rendered":"<p>[vc_row][vc_column][vc_column_text]<img decoding=\"async\" class=\"svg alignnone wp-image-1678 size-full\" src=\"https:\/\/abegoaria.pt\/wp-content\/uploads\/2019\/08\/wines-glass.svg\" alt=\"\" width=\"24px\" height=\"24px\" \/><\/p>\n<h3>Caracter\u00edsticas do Vinho<\/h3>\n<table>\n<tbody>\n<tr>\n<td>Ano<\/td>\n<td>2016<\/td>\n<\/tr>\n<tr>\n<td>Estilo<\/td>\n<td>Vinho Tranquilo<\/td>\n<\/tr>\n<tr>\n<td>Regi\u00e3o<\/td>\n<td>Alentejo<\/td>\n<\/tr>\n<tr>\n<td>Categoria<\/td>\n<td>Doc Alentejo<\/td>\n<\/tr>\n<tr>\n<td>Castas<\/td>\n<td>Roupeiro, Ant\u00e3o Vaz, Diagalves<\/td>\n<\/tr>\n<tr>\n<td>Cor<\/td>\n<td>Palha<\/td>\n<\/tr>\n<tr>\n<td>Engarrafamento<\/td>\n<td><\/td>\n<\/tr>\n<tr>\n<td>Longevidade<\/td>\n<td>3 anos<\/td>\n<\/tr>\n<tr>\n<td>\u00c1lcool (%VOL)<\/td>\n<td>13.4<\/td>\n<\/tr>\n<\/tbody>\n<\/table>\n<p>[\/vc_column_text][\/vc_column][\/vc_row][vc_row][vc_column][vc_column_text]<img loading=\"lazy\" decoding=\"async\" class=\"svg alignnone wp-image-1676 size-full\" src=\"https:\/\/abegoaria.pt\/wp-content\/uploads\/2019\/08\/keg.svg\" alt=\"\" width=\"24\" height=\"24\" \/><\/p>\n<h3>Vinifica\u00e7\u00e3o e Est\u00e1gio<\/h3>\n<p>Bica aberta com controlo de temperatura a 16C.[\/vc_column_text][\/vc_column][\/vc_row][vc_row][vc_column][vc_column_text]<img decoding=\"async\" class=\"svg alignnone wp-image-1679 size-full\" src=\"https:\/\/abegoaria.pt\/wp-content\/uploads\/2019\/08\/book-i.svg\" alt=\"\" width=\"24px\" height=\"24px\" \/><\/p>\n<h3>Notas de Prova e Harmoniza\u00e7\u00e3o<\/h3>\n<p>\u00c9 um vinho de cor palha \u00e9 arom\u00e1tico com notas tropicais, s\u00e1pido e com car\u00e1cter, de final prolongado. Deve ser servido a cerca de 10 \u00baC e poder\u00e1 ser guardado 2 a 3 anos na garrafeira.[\/vc_column_text][\/vc_column][\/vc_row]<\/p>\n","protected":false},"excerpt":{"rendered":"<p>Os vinhos Granja Amareleja s\u00e3o a express\u00e3o mais pura da tradi\u00e7\u00e3o da sub-regi\u00e3o alentejana Granja Amareleja. Esta sub-regi\u00e3o escondida na margem esquerda do Guadiana, apresenta condi\u00e7\u00f5es edaflo-clim\u00e1ticas muito pr\u00f3prias que criam vinhos altamente distintivos. Este vinho que tem por base as castas Roupeiro, Diagalvez e Ant\u00e3o Vaz.<\/p>\n","protected":false},"featured_media":6646,"comment_status":"closed","ping_status":"closed","template":"","meta":[],"class_list":["post-6871","product","type-product","status-publish","has-post-thumbnail","hentry","product_cat-adega-granja-amareleja-en","product_cat-alentejo-9","product_cat-marcas-en","product_cat-granja-amareleja-en","product_cat-branco-en","product_tag-vinho-branco-en","pa_ptcap-da-garrafa-750-ml-en","pa_ptcategoria-1-doc-alentejo-en","pa_ptcategoria-2-granja-amareleja-3","pa_ptintensidade-encorpado-e-com-aromas-distintos-en","pa_pttipo-de-vinho-vinho-branco-3"],"_links":{"self":[{"href":"https:\/\/abegoaria.pt\/en\/wp-json\/wp\/v2\/product\/6871","targetHints":{"allow":["GET"]}}],"collection":[{"href":"https:\/\/abegoaria.pt\/en\/wp-json\/wp\/v2\/product"}],"about":[{"href":"https:\/\/abegoaria.pt\/en\/wp-json\/wp\/v2\/types\/product"}],"replies":[{"embeddable":true,"href":"https:\/\/abegoaria.pt\/en\/wp-json\/wp\/v2\/comments?post=6871"}],"wp:featuredmedia":[{"embeddable":true,"href":"https:\/\/abegoaria.pt\/en\/wp-json\/wp\/v2\/media\/6646"}],"wp:attachment":[{"href":"https:\/\/abegoaria.pt\/en\/wp-json\/wp\/v2\/media?parent=6871"}],"curies":[{"name":"wp","href":"https:\/\/api.w.org\/{rel}","templated":true}]}}