{"id":6876,"date":"2019-09-30T13:31:52","date_gmt":"2019-09-30T13:31:52","guid":{"rendered":"https:\/\/abegoaria.pt\/produto\/granja-amareleja-premium-tinto\/"},"modified":"2019-11-08T16:47:38","modified_gmt":"2019-11-08T16:47:38","slug":"granja-amareleja-premium-tinto","status":"publish","type":"product","link":"https:\/\/abegoaria.pt\/en\/produto\/granja-amareleja-premium-tinto\/","title":{"rendered":"GA Premium Tinto"},"content":{"rendered":"<p>[vc_row][vc_column][vc_column_text]<img decoding=\"async\" class=\"svg alignnone wp-image-1678 size-full\" src=\"https:\/\/abegoaria.pt\/wp-content\/uploads\/2019\/08\/wines-glass.svg\" alt=\"\" width=\"24px\" height=\"24px\" \/><\/p>\n<h3>Caracter\u00edsticas do Vinho<\/h3>\n<table>\n<tbody>\n<tr>\n<td>Ano<\/td>\n<td><\/td>\n<\/tr>\n<tr>\n<td>Estilo<\/td>\n<td>Vinho Tranquilo<\/td>\n<\/tr>\n<tr>\n<td>Regi\u00e3o<\/td>\n<td>Alentejo<\/td>\n<\/tr>\n<tr>\n<td>Categoria<\/td>\n<td>Doc Alentejo<\/td>\n<\/tr>\n<tr>\n<td>Castas<\/td>\n<td>Aragonez, Alicante Bouschet, Trincadeira e Moreto<\/td>\n<\/tr>\n<tr>\n<td>Cor<\/td>\n<td>Viol\u00e1cea<\/td>\n<\/tr>\n<tr>\n<td>Engarrafamento<\/td>\n<td><\/td>\n<\/tr>\n<tr>\n<td>Longevidade<\/td>\n<td>8 anos<\/td>\n<\/tr>\n<tr>\n<td>\u00c1lcool (%VOL)<\/td>\n<td>14<\/td>\n<\/tr>\n<\/tbody>\n<\/table>\n<p>[\/vc_column_text][\/vc_column][\/vc_row][vc_row][vc_column][vc_column_text]<img loading=\"lazy\" decoding=\"async\" class=\"svg alignnone wp-image-1676 size-full\" src=\"https:\/\/abegoaria.pt\/wp-content\/uploads\/2019\/08\/keg.svg\" alt=\"\" width=\"24\" height=\"24\" \/><\/p>\n<h3>Vinifica\u00e7\u00e3o e Est\u00e1gio<\/h3>\n<p>Pisa mec\u00e2nica, fermenta\u00e7\u00e3o alco\u00f3lica em \u00e2nforas de 10 toneladas com controlo de temperatura e curtimenta completa. Est\u00e1gio de 8 meses em cascos de carvalho.[\/vc_column_text][\/vc_column][\/vc_row][vc_row][vc_column][vc_column_text]<img decoding=\"async\" class=\"svg alignnone wp-image-1679 size-full\" src=\"https:\/\/abegoaria.pt\/wp-content\/uploads\/2019\/08\/book-i.svg\" alt=\"\" width=\"24px\" height=\"24px\" \/><\/p>\n<h3>Notas de Prova e Harmoniza\u00e7\u00e3o<\/h3>\n<p>Este vinho de cor viol\u00e1cea apresenta-se com aromas complexos e baunilha. Na boca apresenta um paladar de frutos secos e compota.[\/vc_column_text][\/vc_column][\/vc_row]<\/p>\n","protected":false},"excerpt":{"rendered":"<p>Na margem esquerda do Guadiana, na sub-regi\u00e3o granja amareleja, trabalha-se arduamente na preserva\u00e7\u00e3o de castas raras da regi\u00e3o como o Moreto e na manuten\u00e7\u00e3o de t\u00e9cnicas ancestrais de vinifica\u00e7\u00e3o, como a produ\u00e7\u00e3o de vinhos em talhas. Este vinho \u00e9 um produto dessa sub-regi\u00e3o num blend sublime das castas Aragonez, Alicante Bouschet, Trincadeira e Moreto.<\/p>\n","protected":false},"featured_media":6642,"comment_status":"closed","ping_status":"closed","template":"","meta":[],"class_list":["post-6876","product","type-product","status-publish","has-post-thumbnail","hentry","product_cat-adega-granja-amareleja-en","product_cat-alentejo-9","product_cat-marcas-en","product_cat-ga-en","product_cat-tinto-en","product_tag-vinho-tinto-5","pa_ptcap-da-garrafa-750-ml-en","pa_ptcategoria-1-doc-alentejo-en","pa_ptcategoria-2-premium-3","pa_ptintensidade-encorpado-e-volumoso","pa_pttipo-de-vinho-vinho-tinto-en"],"_links":{"self":[{"href":"https:\/\/abegoaria.pt\/en\/wp-json\/wp\/v2\/product\/6876","targetHints":{"allow":["GET"]}}],"collection":[{"href":"https:\/\/abegoaria.pt\/en\/wp-json\/wp\/v2\/product"}],"about":[{"href":"https:\/\/abegoaria.pt\/en\/wp-json\/wp\/v2\/types\/product"}],"replies":[{"embeddable":true,"href":"https:\/\/abegoaria.pt\/en\/wp-json\/wp\/v2\/comments?post=6876"}],"wp:featuredmedia":[{"embeddable":true,"href":"https:\/\/abegoaria.pt\/en\/wp-json\/wp\/v2\/media\/6642"}],"wp:attachment":[{"href":"https:\/\/abegoaria.pt\/en\/wp-json\/wp\/v2\/media?parent=6876"}],"curies":[{"name":"wp","href":"https:\/\/api.w.org\/{rel}","templated":true}]}}