{"id":6878,"date":"2019-09-25T15:54:19","date_gmt":"2019-09-25T15:54:19","guid":{"rendered":"https:\/\/abegoaria.pt\/produto\/portal-de-sao-braz-private-collection-tinto\/"},"modified":"2019-11-08T16:48:32","modified_gmt":"2019-11-08T16:48:32","slug":"portal-de-sao-braz-private-collection-tinto","status":"publish","type":"product","link":"https:\/\/abegoaria.pt\/en\/produto\/portal-de-sao-braz-private-collection-tinto\/","title":{"rendered":"Portal de S\u00e3o Braz Private Collection Tinto"},"content":{"rendered":"<p>[vc_row][vc_column][vc_column_text]<img decoding=\"async\" class=\"svg alignnone wp-image-1678 size-full\" src=\"https:\/\/abegoaria.pt\/wp-content\/uploads\/2019\/08\/wines-glass.svg\" alt=\"\" width=\"24px\" height=\"24px\" \/><\/p>\n<h3>Caracter\u00edsticas do Vinho<\/h3>\n<table>\n<tbody>\n<tr>\n<td>Ano<\/td>\n<td><\/td>\n<\/tr>\n<tr>\n<td>Estilo<\/td>\n<td>Vinho Tranquilo<\/td>\n<\/tr>\n<tr>\n<td>Regi\u00e3o<\/td>\n<td>Alentejo<\/td>\n<\/tr>\n<tr>\n<td>Categoria<\/td>\n<td>Vinho Regional Alentejano<\/td>\n<\/tr>\n<tr>\n<td>Castas<\/td>\n<td>Alfrocheiro, Aragonez e Trincadeira<\/td>\n<\/tr>\n<tr>\n<td>Cor<\/td>\n<td>Rubi<\/td>\n<\/tr>\n<tr>\n<td>Engarrafamento<\/td>\n<td><\/td>\n<\/tr>\n<tr>\n<td>Longevidade<\/td>\n<td>5 anos<\/td>\n<\/tr>\n<tr>\n<td>\u00c1lcool (%VOL)<\/td>\n<td>13,5<\/td>\n<\/tr>\n<\/tbody>\n<\/table>\n<p>[\/vc_column_text][\/vc_column][\/vc_row][vc_row][vc_column][vc_column_text]<img loading=\"lazy\" decoding=\"async\" class=\"svg alignnone wp-image-1676 size-full\" src=\"https:\/\/abegoaria.pt\/wp-content\/uploads\/2019\/08\/keg.svg\" alt=\"\" width=\"24\" height=\"24\" \/><\/p>\n<h3>Vinifica\u00e7\u00e3o e Est\u00e1gio<\/h3>\n<p>[\/vc_column_text][\/vc_column][\/vc_row][vc_row][vc_column][vc_column_text]<img decoding=\"async\" class=\"svg alignnone wp-image-1679 size-full\" src=\"https:\/\/abegoaria.pt\/wp-content\/uploads\/2019\/08\/book-i.svg\" alt=\"\" width=\"24px\" height=\"24px\" \/><\/p>\n<h3>Notas de Prova e Harmoniza\u00e7\u00e3o<\/h3>\n<p>Marcado por uma forte personalidade, apresenta cor rubi e aroma intenso de fruta madura. Na boca revela-se um tinto encorpado, s\u00f3lido e equilibrado, que se bebe com facilidade e prazer.[\/vc_column_text][\/vc_column][\/vc_row]<\/p>\n","protected":false},"excerpt":{"rendered":"<p>Portal de S\u00e3o Braz Private Collection \u00e9 um vinho diferente na sua ess\u00eancia, quer seja pela riqueza da regi\u00e3o, quer pela criteriosa sele\u00e7\u00e3o das suas uvas. Marcado por uma forte personalidade, \u00e9 um vinho suave, f\u00e1cil e de enorme prazer.&nbsp;<\/p>\n","protected":false},"featured_media":6651,"comment_status":"closed","ping_status":"closed","template":"","meta":[],"class_list":["post-6878","product","type-product","status-publish","has-post-thumbnail","hentry","product_cat-adega-granja-amareleja-en","product_cat-alentejo-9","product_cat-marcas-en","product_cat-portal-de-sao-braz-en","product_cat-tinto-en","product_tag-vinho-tinto-5","pa_pt-azeite-cap-da-garrafa-750ml-en","pa_ptcategoria-1-vinho-regional-alentejano-3","pa_ptcategoria-2-private-collection-en","pa_ptintensidade-macio-e-aveludado","pa_pttipo-de-vinho-vinho-tinto-en"],"_links":{"self":[{"href":"https:\/\/abegoaria.pt\/en\/wp-json\/wp\/v2\/product\/6878","targetHints":{"allow":["GET"]}}],"collection":[{"href":"https:\/\/abegoaria.pt\/en\/wp-json\/wp\/v2\/product"}],"about":[{"href":"https:\/\/abegoaria.pt\/en\/wp-json\/wp\/v2\/types\/product"}],"replies":[{"embeddable":true,"href":"https:\/\/abegoaria.pt\/en\/wp-json\/wp\/v2\/comments?post=6878"}],"wp:featuredmedia":[{"embeddable":true,"href":"https:\/\/abegoaria.pt\/en\/wp-json\/wp\/v2\/media\/6651"}],"wp:attachment":[{"href":"https:\/\/abegoaria.pt\/en\/wp-json\/wp\/v2\/media?parent=6878"}],"curies":[{"name":"wp","href":"https:\/\/api.w.org\/{rel}","templated":true}]}}