{"id":6881,"date":"2019-09-25T15:29:20","date_gmt":"2019-09-25T15:29:20","guid":{"rendered":"https:\/\/abegoaria.pt\/produto\/vale-de-lisboa-tinto\/"},"modified":"2019-11-08T16:51:34","modified_gmt":"2019-11-08T16:51:34","slug":"vale-de-lisboa-tinto","status":"publish","type":"product","link":"https:\/\/abegoaria.pt\/en\/produto\/vale-de-lisboa-tinto\/","title":{"rendered":"Vale de Lisboa"},"content":{"rendered":"<p>[vc_row][vc_column][vc_column_text]<img decoding=\"async\" class=\"svg alignnone wp-image-1678 size-full\" src=\"https:\/\/abegoaria.pt\/wp-content\/uploads\/2019\/08\/wines-glass.svg\" alt=\"\" width=\"24px\" height=\"24px\" \/><\/p>\n<h3>Caracter\u00edsticas do Vinho<\/h3>\n<table>\n<tbody>\n<tr>\n<td>Ano<\/td>\n<td>2018<\/td>\n<\/tr>\n<tr>\n<td>Estilo<\/td>\n<td>Vinho Tranquilo<\/td>\n<\/tr>\n<tr>\n<td>Regi\u00e3o<\/td>\n<td>Lisboa<\/td>\n<\/tr>\n<tr>\n<td>Categoria<\/td>\n<td>Vinho Regional Lisboa<\/td>\n<\/tr>\n<tr>\n<td>Castas<\/td>\n<td>Castel\u00e3o e Aragonez<\/td>\n<\/tr>\n<tr>\n<td>Cor<\/td>\n<td>Granada<\/td>\n<\/tr>\n<tr>\n<td>Engarrafamento<\/td>\n<td>2018<\/td>\n<\/tr>\n<tr>\n<td>Longevidade<\/td>\n<td>3 anos<\/td>\n<\/tr>\n<tr>\n<td>\u00c1lcool (%VOL)<\/td>\n<td>13<\/td>\n<\/tr>\n<\/tbody>\n<\/table>\n<p>[\/vc_column_text][\/vc_column][\/vc_row][vc_row][vc_column][vc_column_text]<img loading=\"lazy\" decoding=\"async\" class=\"svg alignnone wp-image-1676 size-full\" src=\"https:\/\/abegoaria.pt\/wp-content\/uploads\/2019\/08\/keg.svg\" alt=\"\" width=\"24\" height=\"24\" \/><\/p>\n<h3>Vinifica\u00e7\u00e3o e Est\u00e1gio<\/h3>\n<p>Vinho tinto de macera\u00e7\u00e3o durante 8 dias, est\u00e1gio em dep\u00f3sito de inox.[\/vc_column_text][\/vc_column][\/vc_row][vc_row][vc_column][vc_column_text]<img decoding=\"async\" class=\"svg alignnone wp-image-1679 size-full\" src=\"https:\/\/abegoaria.pt\/wp-content\/uploads\/2019\/08\/book-i.svg\" alt=\"\" width=\"24px\" height=\"24px\" \/><\/p>\n<h3>Notas de Prova e Harmoniza\u00e7\u00e3o<\/h3>\n<p>Este vinho apresenta uma cor granada, aromas jovens de fruta fresca vermelha, sabor macio e harmonioso.[\/vc_column_text][\/vc_column][\/vc_row]<\/p>\n","protected":false},"excerpt":{"rendered":"<p>Na regi\u00e3o v\u00ednica mais diversa de Portugal, \u00e9 criado este vinho de aromas jovens de fruta fresca vermelha e sabor macio e harmonioso.<\/p>\n","protected":false},"featured_media":6634,"comment_status":"closed","ping_status":"closed","template":"","meta":[],"class_list":["post-6881","product","type-product","status-publish","has-post-thumbnail","hentry","product_cat-adega-dois-portos-en","product_cat-lisboa-3","product_cat-tinto-en","product_cat-vale-de-lisboa-en","product_tag-vinho-tinto-5","pa_ano-2018-en","pa_ptcap-da-garrafa-750-ml-en","pa_ptcategoria-1-vinho-regional-lisboa-en","pa_ptintensidade-macio-e-aveludado","pa_pttipo-de-vinho-vinho-tinto-en"],"_links":{"self":[{"href":"https:\/\/abegoaria.pt\/en\/wp-json\/wp\/v2\/product\/6881","targetHints":{"allow":["GET"]}}],"collection":[{"href":"https:\/\/abegoaria.pt\/en\/wp-json\/wp\/v2\/product"}],"about":[{"href":"https:\/\/abegoaria.pt\/en\/wp-json\/wp\/v2\/types\/product"}],"replies":[{"embeddable":true,"href":"https:\/\/abegoaria.pt\/en\/wp-json\/wp\/v2\/comments?post=6881"}],"wp:featuredmedia":[{"embeddable":true,"href":"https:\/\/abegoaria.pt\/en\/wp-json\/wp\/v2\/media\/6634"}],"wp:attachment":[{"href":"https:\/\/abegoaria.pt\/en\/wp-json\/wp\/v2\/media?parent=6881"}],"curies":[{"name":"wp","href":"https:\/\/api.w.org\/{rel}","templated":true}]}}