{"id":6884,"date":"2019-09-25T14:59:47","date_gmt":"2019-09-25T14:59:47","guid":{"rendered":"https:\/\/abegoaria.pt\/produto\/terras-sudao-reserva\/"},"modified":"2019-11-08T16:53:02","modified_gmt":"2019-11-08T16:53:02","slug":"terras-sudao-reserva","status":"publish","type":"product","link":"https:\/\/abegoaria.pt\/en\/produto\/terras-sudao-reserva\/","title":{"rendered":"Terras do Su\u00e3o Reserva"},"content":{"rendered":"<p>[vc_row][vc_column][vc_column_text]<img decoding=\"async\" class=\"svg alignnone wp-image-1678 size-full\" src=\"https:\/\/abegoaria.pt\/wp-content\/uploads\/2019\/08\/wines-glass.svg\" alt=\"\" width=\"24px\" height=\"24px\" \/><\/p>\n<h3>Caracter\u00edsticas do Vinho<\/h3>\n<table>\n<tbody>\n<tr>\n<td>Ano<\/td>\n<td><\/td>\n<\/tr>\n<tr>\n<td>Estilo<\/td>\n<td>Vinho Tranquilo<\/td>\n<\/tr>\n<tr>\n<td>Regi\u00e3o<\/td>\n<td>Alentejo<\/td>\n<\/tr>\n<tr>\n<td>Categoria<\/td>\n<td>Doc Alentejo<\/td>\n<\/tr>\n<tr>\n<td>Castas<\/td>\n<td>Moreto, Alfrocheiro e Trincadeira<\/td>\n<\/tr>\n<tr>\n<td>Cor<\/td>\n<td>Rubi<\/td>\n<\/tr>\n<tr>\n<td>Engarrafamento<\/td>\n<td><\/td>\n<\/tr>\n<tr>\n<td>Longevidade<\/td>\n<td>8 anos<\/td>\n<\/tr>\n<tr>\n<td>\u00c1lcool (%VOL)<\/td>\n<td>14<\/td>\n<\/tr>\n<\/tbody>\n<\/table>\n<p>[\/vc_column_text][\/vc_column][\/vc_row][vc_row][vc_column][vc_column_text]<img loading=\"lazy\" decoding=\"async\" class=\"svg alignnone wp-image-1676 size-full\" src=\"https:\/\/abegoaria.pt\/wp-content\/uploads\/2019\/08\/keg.svg\" alt=\"\" width=\"24\" height=\"24\" \/><\/p>\n<h3>Vinifica\u00e7\u00e3o e Est\u00e1gio<\/h3>\n<p>Pisa mec\u00e2nica, fermenta\u00e7\u00e3o alco\u00f3lica em \u00e2nforas de 10 toneladas com controlo de temperatura e macera\u00e7\u00e3o completa. Est\u00e1gio de 6 meses em cascos de carvalho.[\/vc_column_text][\/vc_column][\/vc_row][vc_row][vc_column][vc_column_text]<img decoding=\"async\" class=\"svg alignnone wp-image-1679 size-full\" src=\"https:\/\/abegoaria.pt\/wp-content\/uploads\/2019\/08\/book-i.svg\" alt=\"\" width=\"24px\" height=\"24px\" \/><\/p>\n<h3>Notas de Prova e Harmoniza\u00e7\u00e3o<\/h3>\n<p>Este vinho de cor rubi apresenta-se com aromas de amoras silvestres e compota. Na boca regista boa estrutura, envolvente e com taninos polidos.[\/vc_column_text][\/vc_column][\/vc_row]<\/p>\n","protected":false},"excerpt":{"rendered":"<p>Terras do Su\u00e3o \u00e9 uma das marcas mais emblem\u00e1ticas da express\u00e3o mais pura da tradi\u00e7\u00e3o da sub-regi\u00e3o alentejana Granja Amareleja. Esta sub-regi\u00e3o escondida na margem esquerda do Guadiana, apresenta condi\u00e7\u00f5es edaflo-clim\u00e1ticas muito pr\u00f3prias que criam vinhos altamente distintivos. Este vinho \u00e9 feito com as castas Moreto, Alfrocheiro e Trincadeira.&nbsp;<\/p>\n","protected":false},"featured_media":6628,"comment_status":"closed","ping_status":"closed","template":"","meta":[],"class_list":["post-6884","product","type-product","status-publish","has-post-thumbnail","hentry","product_cat-adega-granja-amareleja-en","product_cat-alentejo-9","product_cat-marcas-en","product_cat-tinto-en","product_cat-terras-do-suao-en","product_tag-vinho-tinto-5","pa_pt-azeite-cap-da-garrafa-750ml-en","pa_ptcategoria-1-doc-alentejo-en","pa_ptcategoria-2-reserva-en","pa_ptintensidade-encorpado-e-volumoso","pa_pttipo-de-vinho-vinho-tinto-en"],"_links":{"self":[{"href":"https:\/\/abegoaria.pt\/en\/wp-json\/wp\/v2\/product\/6884","targetHints":{"allow":["GET"]}}],"collection":[{"href":"https:\/\/abegoaria.pt\/en\/wp-json\/wp\/v2\/product"}],"about":[{"href":"https:\/\/abegoaria.pt\/en\/wp-json\/wp\/v2\/types\/product"}],"replies":[{"embeddable":true,"href":"https:\/\/abegoaria.pt\/en\/wp-json\/wp\/v2\/comments?post=6884"}],"wp:featuredmedia":[{"embeddable":true,"href":"https:\/\/abegoaria.pt\/en\/wp-json\/wp\/v2\/media\/6628"}],"wp:attachment":[{"href":"https:\/\/abegoaria.pt\/en\/wp-json\/wp\/v2\/media?parent=6884"}],"curies":[{"name":"wp","href":"https:\/\/api.w.org\/{rel}","templated":true}]}}