{"id":6890,"date":"2019-09-25T11:41:51","date_gmt":"2019-09-25T11:41:51","guid":{"rendered":"https:\/\/abegoaria.pt\/produto\/coracao-obra-prima-grande-escolha\/"},"modified":"2019-11-08T17:14:49","modified_gmt":"2019-11-08T17:14:49","slug":"coracao-obra-prima-grande-escolha","status":"publish","type":"product","link":"https:\/\/abegoaria.pt\/en\/produto\/coracao-obra-prima-grande-escolha\/","title":{"rendered":"Cora\u00e7\u00e3o Obra Prima Grande Escolha"},"content":{"rendered":"<p>[vc_row][vc_column][vc_column_text]<img decoding=\"async\" class=\"svg alignnone wp-image-1678 size-full\" src=\"https:\/\/abegoaria.pt\/wp-content\/uploads\/2019\/08\/wines-glass.svg\" alt=\"\" width=\"24px\" height=\"24px\" \/><\/p>\n<h3>Caracter\u00edsticas do Vinho<\/h3>\n<table>\n<tbody>\n<tr>\n<td>Ano<\/td>\n<td><\/td>\n<\/tr>\n<tr>\n<td>Estilo<\/td>\n<td>Vinho Tranquilo<\/td>\n<\/tr>\n<tr>\n<td>Regi\u00e3o<\/td>\n<td>Vinhos Verdes<\/td>\n<\/tr>\n<tr>\n<td>Categoria<\/td>\n<td>Doc Vinho Verde<\/td>\n<\/tr>\n<tr>\n<td>Castas<\/td>\n<td>Loureiro, Trajadura e Arinto<\/td>\n<\/tr>\n<tr>\n<td>Cor<\/td>\n<td>Citrina<\/td>\n<\/tr>\n<tr>\n<td>Engarrafamento<\/td>\n<td><\/td>\n<\/tr>\n<tr>\n<td>Longevidade<\/td>\n<td>2 anos<\/td>\n<\/tr>\n<tr>\n<td>\u00c1lcool (%VOL)<\/td>\n<td>10<\/td>\n<\/tr>\n<\/tbody>\n<\/table>\n<p>[\/vc_column_text][\/vc_column][\/vc_row][vc_row][vc_column][vc_column_text]<img loading=\"lazy\" decoding=\"async\" class=\"svg alignnone wp-image-1676 size-full\" src=\"https:\/\/abegoaria.pt\/wp-content\/uploads\/2019\/08\/keg.svg\" alt=\"\" width=\"24\" height=\"24\" \/><\/p>\n<h3>Vinifica\u00e7\u00e3o e Est\u00e1gio<\/h3>\n<p>Desengace total, prensagem pneum\u00e1tica, defeca\u00e7\u00e3o por filtro de v\u00e1cuo, fermenta\u00e7\u00e3o alco\u00f3lica com controlo autom\u00e1tico da temperatura, estabiliza\u00e7\u00e3o proteica, f\u00e9rrica, c\u00faprica e dos bitartar\u00e1tos de pot\u00e1ssio, filtra\u00e7\u00e3o tangencial e por membranas esterilizantes de porosidades 1,2, 0,65 e 0,45 um antes do engarrafamento.[\/vc_column_text][\/vc_column][\/vc_row][vc_row][vc_column][vc_column_text]<img decoding=\"async\" class=\"svg alignnone wp-image-1679 size-full\" src=\"https:\/\/abegoaria.pt\/wp-content\/uploads\/2019\/08\/book-i.svg\" alt=\"\" width=\"24px\" height=\"24px\" \/><\/p>\n<h3>Notas de Prova e Harmoniza\u00e7\u00e3o<\/h3>\n<p>Vinho de cor citrina, com notas florais e frutos c\u00edtricos, na boca apresenta-se macio e harmonioso com ligeira presen\u00e7a de g\u00e1s.[\/vc_column_text][\/vc_column][\/vc_row]<\/p>\n","protected":false},"excerpt":{"rendered":"<p>Este vinho nasce da regi\u00e3o do Lima nos Vinhos Verdes, onde a casta Loureiro atinge a sua express\u00e3o m\u00e1xima e onde os vinhos brancos assumem-se como bastante arom\u00e1ticos, elegantes e minerais. Este lote de Loureiro, Trajadura e Arinto \u00e9 um vinho fresco, macio e harmonioso.<\/p>\n","protected":false},"featured_media":6621,"comment_status":"closed","ping_status":"closed","template":"","meta":[],"class_list":["post-6890","product","type-product","status-publish","has-post-thumbnail","hentry","product_cat-adega-ponte-da-barca-en","product_cat-marcas-en","product_cat-coracao-obra-prima-en","product_cat-vinho-verde-en","product_cat-branco-en","product_tag-vinho-tinto-5","pa_ptcap-da-garrafa-750-ml-en","pa_ptcategoria-1-doc-vinho-verde-en","pa_ptcategoria-2-grande-escolha-en","pa_ptintensidade-leve-fresco-e-aromatico","pa_pttipo-de-vinho-vinho-branco-3"],"_links":{"self":[{"href":"https:\/\/abegoaria.pt\/en\/wp-json\/wp\/v2\/product\/6890","targetHints":{"allow":["GET"]}}],"collection":[{"href":"https:\/\/abegoaria.pt\/en\/wp-json\/wp\/v2\/product"}],"about":[{"href":"https:\/\/abegoaria.pt\/en\/wp-json\/wp\/v2\/types\/product"}],"replies":[{"embeddable":true,"href":"https:\/\/abegoaria.pt\/en\/wp-json\/wp\/v2\/comments?post=6890"}],"wp:featuredmedia":[{"embeddable":true,"href":"https:\/\/abegoaria.pt\/en\/wp-json\/wp\/v2\/media\/6621"}],"wp:attachment":[{"href":"https:\/\/abegoaria.pt\/en\/wp-json\/wp\/v2\/media?parent=6890"}],"curies":[{"name":"wp","href":"https:\/\/api.w.org\/{rel}","templated":true}]}}