{"id":6895,"date":"2019-09-25T09:17:04","date_gmt":"2019-09-25T09:17:04","guid":{"rendered":"https:\/\/abegoaria.pt\/produto\/testamento-reserva\/"},"modified":"2019-11-08T17:47:23","modified_gmt":"2019-11-08T17:47:23","slug":"testamento-reserva","status":"publish","type":"product","link":"https:\/\/abegoaria.pt\/en\/produto\/testamento-reserva\/","title":{"rendered":"Testamento Reserva"},"content":{"rendered":"<p>[vc_row][vc_column][vc_column_text]<img decoding=\"async\" class=\"svg alignnone wp-image-1678 size-full\" src=\"https:\/\/abegoaria.pt\/wp-content\/uploads\/2019\/08\/wines-glass.svg\" alt=\"\" width=\"24px\" height=\"24px\" \/><\/p>\n<h3>Caracter\u00edsticas do Vinho<\/h3>\n<table>\n<tbody>\n<tr>\n<td>Ano<\/td>\n<td>2017<\/td>\n<\/tr>\n<tr>\n<td>Estilo<\/td>\n<td>Vinho Tranquilo<\/td>\n<\/tr>\n<tr>\n<td>Regi\u00e3o<\/td>\n<td>Lisboa<\/td>\n<\/tr>\n<tr>\n<td>Categoria<\/td>\n<td>Vinho Regional Lisboa<\/td>\n<\/tr>\n<tr>\n<td>Castas<\/td>\n<td>Alicante Bouschet, Aragonez e Syrah<\/td>\n<\/tr>\n<tr>\n<td>Cor<\/td>\n<td>Rubi<\/td>\n<\/tr>\n<tr>\n<td>Engarrafamento<\/td>\n<td><\/td>\n<\/tr>\n<tr>\n<td>Longevidade<\/td>\n<td>5 anos<\/td>\n<\/tr>\n<tr>\n<td>\u00c1lcool (%VOL)<\/td>\n<td>13.5<\/td>\n<\/tr>\n<\/tbody>\n<\/table>\n<p>[\/vc_column_text][\/vc_column][\/vc_row][vc_row][vc_column][vc_column_text]<img loading=\"lazy\" decoding=\"async\" class=\"svg alignnone wp-image-1676 size-full\" src=\"https:\/\/abegoaria.pt\/wp-content\/uploads\/2019\/08\/keg.svg\" alt=\"\" width=\"24\" height=\"24\" \/><\/p>\n<h3>Vinifica\u00e7\u00e3o e Est\u00e1gio<\/h3>\n<p>[\/vc_column_text][\/vc_column][\/vc_row][vc_row][vc_column][vc_column_text]<img decoding=\"async\" class=\"svg alignnone wp-image-1679 size-full\" src=\"https:\/\/abegoaria.pt\/wp-content\/uploads\/2019\/08\/book-i.svg\" alt=\"\" width=\"24px\" height=\"24px\" \/><\/p>\n<h3>Notas de Prova e Harmoniza\u00e7\u00e3o<\/h3>\n<p>[\/vc_column_text][\/vc_column][\/vc_row]<\/p>\n","protected":false},"excerpt":{"rendered":"<p>Na regi\u00e3o v\u00ednica mais diversa de Portugal, \u00e9 criado este vinho reserva de maior complexidade.<\/p>\n","protected":false},"featured_media":6620,"comment_status":"closed","ping_status":"closed","template":"","meta":[],"class_list":["post-6895","product","type-product","status-publish","has-post-thumbnail","hentry","product_cat-adega-dois-portos-en","product_cat-lisboa-3","product_cat-tinto-en","product_cat-testamento-en","product_tag-vinho-tinto-4","pa_ano-2017-en","pa_ptcap-da-garrafa-750-ml-en","pa_ptcategoria-1-vinho-regional-lisboa-en","pa_ptcategoria-2-reserva-en","pa_ptintensidade-encorpado-e-volumoso","pa_pttipo-de-vinho-vinho-tinto-en"],"_links":{"self":[{"href":"https:\/\/abegoaria.pt\/en\/wp-json\/wp\/v2\/product\/6895","targetHints":{"allow":["GET"]}}],"collection":[{"href":"https:\/\/abegoaria.pt\/en\/wp-json\/wp\/v2\/product"}],"about":[{"href":"https:\/\/abegoaria.pt\/en\/wp-json\/wp\/v2\/types\/product"}],"replies":[{"embeddable":true,"href":"https:\/\/abegoaria.pt\/en\/wp-json\/wp\/v2\/comments?post=6895"}],"wp:featuredmedia":[{"embeddable":true,"href":"https:\/\/abegoaria.pt\/en\/wp-json\/wp\/v2\/media\/6620"}],"wp:attachment":[{"href":"https:\/\/abegoaria.pt\/en\/wp-json\/wp\/v2\/media?parent=6895"}],"curies":[{"name":"wp","href":"https:\/\/api.w.org\/{rel}","templated":true}]}}