{"id":6897,"date":"2019-09-24T15:19:45","date_gmt":"2019-09-24T15:19:45","guid":{"rendered":"https:\/\/abegoaria.pt\/produto\/encostas-de-lisboa-branco\/"},"modified":"2019-11-08T17:52:19","modified_gmt":"2019-11-08T17:52:19","slug":"encostas-de-lisboa-branco","status":"publish","type":"product","link":"https:\/\/abegoaria.pt\/en\/produto\/encostas-de-lisboa-branco\/","title":{"rendered":"Encostas de Lisboa Branco"},"content":{"rendered":"<p>[vc_row][vc_column][vc_column_text]<img decoding=\"async\" class=\"svg alignnone wp-image-1678 size-full\" src=\"https:\/\/abegoaria.pt\/wp-content\/uploads\/2019\/08\/wines-glass.svg\" alt=\"\" width=\"24px\" height=\"24px\" \/><\/p>\n<h3>Caracter\u00edsticas do Vinho<\/h3>\n<table>\n<tbody>\n<tr>\n<td>Ano<\/td>\n<td>2017<\/td>\n<\/tr>\n<tr>\n<td>Estilo<\/td>\n<td>Vinho Tranquilo<\/td>\n<\/tr>\n<tr>\n<td>Regi\u00e3o<\/td>\n<td>Lisboa<\/td>\n<\/tr>\n<tr>\n<td>Categoria<\/td>\n<td>Vinho Regional Lisboa<\/td>\n<\/tr>\n<tr>\n<td>Castas<\/td>\n<td>Arinto e Fern\u00e3o Pires<\/td>\n<\/tr>\n<tr>\n<td>Cor<\/td>\n<td>Citrina com laivos esverdeados<\/td>\n<\/tr>\n<tr>\n<td>Engarrafamento<\/td>\n<td><\/td>\n<\/tr>\n<tr>\n<td>Longevidade<\/td>\n<td>3 anos<\/td>\n<\/tr>\n<tr>\n<td>\u00c1lcool (%VOL)<\/td>\n<td>12.5<\/td>\n<\/tr>\n<\/tbody>\n<\/table>\n<p>[\/vc_column_text][\/vc_column][\/vc_row][vc_row][vc_column][vc_column_text]<img loading=\"lazy\" decoding=\"async\" class=\"svg alignnone wp-image-1676 size-full\" src=\"https:\/\/abegoaria.pt\/wp-content\/uploads\/2019\/08\/keg.svg\" alt=\"\" width=\"24\" height=\"24\" \/><\/p>\n<h3>Vinifica\u00e7\u00e3o e Est\u00e1gio<\/h3>\n<p>Curtimenta ligeira em prensa pneum\u00e1tica. Vinificado em bica aberta, com temperatura controlada a 12-16\u00baC.[\/vc_column_text][\/vc_column][\/vc_row][vc_row][vc_column][vc_column_text]<img decoding=\"async\" class=\"svg alignnone wp-image-1679 size-full\" src=\"https:\/\/abegoaria.pt\/wp-content\/uploads\/2019\/08\/book-i.svg\" alt=\"\" width=\"24px\" height=\"24px\" \/><\/p>\n<h3>Notas de Prova e Harmoniza\u00e7\u00e3o<\/h3>\n<p>Vinho de aroma floral com apontamentos de raspa de lim\u00e3o. Em boca \u00e9 fresco, ac\u00eddulo com final longo e s\u00e1pido.[\/vc_column_text][\/vc_column][\/vc_row]<\/p>\n","protected":false},"excerpt":{"rendered":"<p>Na regi\u00e3o v\u00ednica mais diversa de Portugal, \u00e9 criado este vinho de cor citrina, com laivos esverdeados, aroma floral com apontamentos de raspa de lim\u00e3o. Em boca \u00e9 fresco, ac\u00eddulo com final longo e s\u00e1pido.<\/p>\n","protected":false},"featured_media":6618,"comment_status":"closed","ping_status":"closed","template":"","meta":[],"class_list":["post-6897","product","type-product","status-publish","has-post-thumbnail","hentry","product_cat-adega-dois-portos-en","product_cat-encostas-de-lisboa-en","product_cat-lisboa-3","product_cat-branco-en","product_tag-vinho-branco-en","pa_ano-2017-en","pa_ptcap-da-garrafa-750-ml-en","pa_ptcategoria-1-vinho-regional-lisboa-en","pa_ptintensidade-leve-fresco-e-aromatico","pa_pttipo-de-vinho-vinho-branco-3"],"_links":{"self":[{"href":"https:\/\/abegoaria.pt\/en\/wp-json\/wp\/v2\/product\/6897","targetHints":{"allow":["GET"]}}],"collection":[{"href":"https:\/\/abegoaria.pt\/en\/wp-json\/wp\/v2\/product"}],"about":[{"href":"https:\/\/abegoaria.pt\/en\/wp-json\/wp\/v2\/types\/product"}],"replies":[{"embeddable":true,"href":"https:\/\/abegoaria.pt\/en\/wp-json\/wp\/v2\/comments?post=6897"}],"wp:featuredmedia":[{"embeddable":true,"href":"https:\/\/abegoaria.pt\/en\/wp-json\/wp\/v2\/media\/6618"}],"wp:attachment":[{"href":"https:\/\/abegoaria.pt\/en\/wp-json\/wp\/v2\/media?parent=6897"}],"curies":[{"name":"wp","href":"https:\/\/api.w.org\/{rel}","templated":true}]}}