{"id":8224,"date":"2019-09-17T11:42:02","date_gmt":"2019-09-17T11:42:02","guid":{"rendered":"https:\/\/abegoaria.pt\/produto\/encostas-dalqueva\/"},"modified":"2019-11-28T23:35:33","modified_gmt":"2019-11-28T23:35:33","slug":"encostas-dalqueva","status":"publish","type":"product","link":"https:\/\/abegoaria.pt\/en\/produto\/encostas-dalqueva\/","title":{"rendered":"Encostas d&#8217;Alqueva"},"content":{"rendered":"<p>[vc_row][vc_column][vc_column_text]<a href=\"https:\/\/abegoaria.pt\/wp-content\/uploads\/2019\/07\/3737aze67493.png\"><img loading=\"lazy\" decoding=\"async\" class=\"svg alignnone wp-image-2025 size-full\" src=\"https:\/\/abegoaria.pt\/wp-content\/uploads\/2019\/07\/3737aze67493.png\" alt=\"\" width=\"40\" height=\"48\" \/><\/a><\/p>\n<h3>Colheita e Produ\u00e7\u00e3o<\/h3>\n<p>Elaborado atrav\u00e9s de azeite extra\u00eddo diretamente da azeitona e outros submetidos a tratamento de refina\u00e7\u00e3o.[\/vc_column_text][\/vc_column][\/vc_row][vc_row][vc_column][vc_column_text]<img decoding=\"async\" class=\"svg alignnone wp-image-1679 size-full\" src=\"https:\/\/abegoaria.pt\/wp-content\/uploads\/2019\/08\/book-i.svg\" alt=\"\" width=\"24px\" height=\"24px\" \/><\/p>\n<h3>Notas de Prova e Harmoniza\u00e7\u00e3o<\/h3>\n<p>Apresenta-se como um azeite extra suave, frutado e doce ligeiro. Ideal para frituras ou confec\u00e7\u00e3o a altas temperaturas. Perfeito para aromatizar com ervas arom\u00e1ticas e critrinos ou mesmo especiarias ou paus de canela e assim enriquecer os seus fritos, pratos de forno e grelhados.[\/vc_column_text][\/vc_column][\/vc_row][vc_row][vc_column][vc_column_text]<a href=\"https:\/\/abegoaria.pt\/wp-content\/uploads\/2019\/08\/ic-temp-5.svg\"><img decoding=\"async\" class=\"svg alignnone wp-image-2012 size-full\" src=\"https:\/\/abegoaria.pt\/wp-content\/uploads\/2019\/08\/ic-temp-5.svg\" alt=\"\" width=\"47px\" height=\"48px\" \/><\/a><\/p>\n<h3>Caracter\u00edsticas do Azeite<\/h3>\n<table>\n<tbody>\n<tr>\n<td>Ano<\/td>\n<td><\/td>\n<\/tr>\n<tr>\n<td>Regi\u00e3o<\/td>\n<td>Alentejo<\/td>\n<\/tr>\n<tr>\n<td>Categoria<\/td>\n<td>Azeite<\/td>\n<\/tr>\n<tr>\n<td>Variedade<\/td>\n<td><\/td>\n<\/tr>\n<tr>\n<td>Cor<\/td>\n<td>Amarelo Dourado<\/td>\n<\/tr>\n<tr>\n<td>Engarrafamento<\/td>\n<td>2019<\/td>\n<\/tr>\n<tr>\n<td>Longevidade<\/td>\n<td>18 meses<\/td>\n<\/tr>\n<tr>\n<td>Conserva\u00e7\u00e3o<\/td>\n<td>Manter ao abrigo de luz e calor<\/td>\n<\/tr>\n<tr>\n<td>Acidez M\u00e1xima<\/td>\n<td>1<\/td>\n<\/tr>\n<\/tbody>\n<\/table>\n<p>[\/vc_column_text][\/vc_column][\/vc_row]<\/p>\n","protected":false},"excerpt":{"rendered":"<p>O azeite tradicional \u00e9 um azeite de equil\u00edbrio harmonioso elaborado a partir do azeite extra\u00eddo diretamente da azeitona e da refina\u00e7\u00e3o de outros azeites. Ideal para frituras e utiliza\u00e7\u00e3o na confe\u00e7\u00e3o culin\u00e1ria a altas temperaturas. O azeite mant\u00e9m a sua estrututura praticamente inalterada a altas temperaturas, conservando as suas boas caracter\u00edsticas digestivas. Cria uma crosta na superficie dos alimentos, cozinhando mas limitando a absor\u00e7\u00e3o da gordura.<\/p>\n","protected":false},"featured_media":6525,"comment_status":"open","ping_status":"closed","template":"","meta":[],"class_list":["post-8224","product","type-product","status-publish","has-post-thumbnail","hentry","product_cat-alentejo-6","product_cat-encostas-de-alqueva-en","product_cat-azeite-en","product_tag-azeite-regional-alentejano-en","pa_colheita-azeite-3","pa_pt-azeite-cap-da-garrafa-750ml-en","pa_ptacidez-maxima-1-3","pa_ptgama-abegoaria-en","pa_ptpvp-recom-235e-en"],"_links":{"self":[{"href":"https:\/\/abegoaria.pt\/en\/wp-json\/wp\/v2\/product\/8224","targetHints":{"allow":["GET"]}}],"collection":[{"href":"https:\/\/abegoaria.pt\/en\/wp-json\/wp\/v2\/product"}],"about":[{"href":"https:\/\/abegoaria.pt\/en\/wp-json\/wp\/v2\/types\/product"}],"replies":[{"embeddable":true,"href":"https:\/\/abegoaria.pt\/en\/wp-json\/wp\/v2\/comments?post=8224"}],"wp:featuredmedia":[{"embeddable":true,"href":"https:\/\/abegoaria.pt\/en\/wp-json\/wp\/v2\/media\/6525"}],"wp:attachment":[{"href":"https:\/\/abegoaria.pt\/en\/wp-json\/wp\/v2\/media?parent=8224"}],"curies":[{"name":"wp","href":"https:\/\/api.w.org\/{rel}","templated":true}]}}