{"id":8228,"date":"2019-09-16T17:11:18","date_gmt":"2019-09-16T17:11:18","guid":{"rendered":"https:\/\/abegoaria.pt\/produto\/queijo-de-cabra-curado\/"},"modified":"2019-11-28T23:36:04","modified_gmt":"2019-11-28T23:36:04","slug":"queijo-de-cabra-curado","status":"publish","type":"product","link":"https:\/\/abegoaria.pt\/en\/produto\/queijo-de-cabra-curado\/","title":{"rendered":"Queijo de Cabra Curado"},"content":{"rendered":"<p>[vc_row][vc_column][vc_column_text]<a href=\"https:\/\/abegoaria.pt\/wp-content\/uploads\/2019\/08\/icons-3.svg\"><img decoding=\"async\" class=\"svg alignnone wp-image-2035 size-full\" src=\"https:\/\/abegoaria.pt\/wp-content\/uploads\/2019\/08\/icons-3.svg\" alt=\"\" width=\"48px\" height=\"48px\" \/><\/a><\/p>\n<h3>Caracteristicas do Queijo<\/h3>\n<table>\n<tbody>\n<tr>\n<td>Energia (Kcal\/100g)<\/td>\n<td>426<\/td>\n<\/tr>\n<tr>\n<td>Prote\u00edna (Kcal\/100g)<\/td>\n<td>33,6<\/td>\n<\/tr>\n<tr>\n<td>Hidratos (Kcal\/100g)<\/td>\n<td>5,5<\/td>\n<\/tr>\n<tr>\n<td>Gordura (g\/100g)<\/td>\n<td>29,9<\/td>\n<\/tr>\n<tr>\n<td>Sal (g\/100g)<\/td>\n<td>3,9<\/td>\n<\/tr>\n<tr>\n<td>Cura<\/td>\n<td>10 a 15 dias<\/td>\n<\/tr>\n<tr>\n<td>Validade<\/td>\n<td>360 dias<\/td>\n<\/tr>\n<tr>\n<td>Conserva\u00e7\u00e3o<\/td>\n<td>Conservar em ambiente fresco e seco<\/td>\n<\/tr>\n<tr>\n<td><\/td>\n<td><\/td>\n<\/tr>\n<\/tbody>\n<\/table>\n<p>Cont\u00e9m Lactose[\/vc_column_text][\/vc_column][\/vc_row][vc_row][vc_column][vc_column_text]<a href=\"https:\/\/abegoaria.pt\/wp-content\/uploads\/2019\/08\/icons-2.svg\"><img decoding=\"async\" class=\"svg alignnone wp-image-2036 size-full\" src=\"https:\/\/abegoaria.pt\/wp-content\/uploads\/2019\/08\/icons-2.svg\" alt=\"\" width=\"48px\" height=\"48px\" \/><\/a><\/p>\n<h3>Produ\u00e7\u00e3o<\/h3>\n<p>Queijo elaborado artesanalmente a partir de leite de cabra, de rebanhos selecionados e sanitariamente controlados, obtido pelo esgotamento lento da coalhada ap\u00f3s a coagula\u00e7\u00e3o do leite de cabra com coalho e sal. Queijo com 10 a 15 dias de cura controlada.[\/vc_column_text][\/vc_column][\/vc_row][vc_row][vc_column][vc_column_text]<a href=\"https:\/\/abegoaria.pt\/wp-content\/uploads\/2019\/08\/3769fds81572.png\"><img loading=\"lazy\" decoding=\"async\" class=\"svg alignnone wp-image-2039 size-full\" src=\"https:\/\/abegoaria.pt\/wp-content\/uploads\/2019\/08\/3769fds81572.png\" alt=\"\" width=\"48\" height=\"46\" \/><\/a><\/p>\n<h3>Notas de Prova e Harmoniza\u00e7\u00e3o<\/h3>\n<p>Queijo de aroma ativo e persistente, de textura dura mas tenra, de cor branco amarelado e sabor intenso mas suave. \u00c9 ideal para aperitivo, entrada e pequeno snack, podendo ser consumido sozinho ou acompanhado com p\u00e3o. Combina otimamente com pratos de azeite, charcutarias e azeitonas. Pode ainda ser usado como ingrediente importante em saladas e outros pratos da dieta mediterr\u00e2nica.[\/vc_column_text][\/vc_column][\/vc_row]<\/p>\n","protected":false},"excerpt":{"rendered":"<p>Queijo de cabra curado, elaborado artesanalmente pelas s\u00e1bias m\u00e3os das gentes de Barrancos, numa das terras mais interiores de Portugal.<\/p>\n<p>&nbsp;<\/p>\n","protected":false},"featured_media":6256,"comment_status":"open","ping_status":"closed","template":"","meta":[],"class_list":["post-8228","product","type-product","status-publish","has-post-thumbnail","hentry","product_cat-alentejo-8","product_cat-queijo-de-cabra-en","product_cat-curado-en","product_tag-queijo-regional-alentejano-en","pa_ptformato-cilindrico-70-grs-pack-12346","pa_ptgama-leite-de-cabra-de-pastagem-3","pa_ptleite-cabra-en","pa_ptpasta-dura-en","pa_ptpvp-rec-589e-en","pa_pttipo-de-queijo-curado-en-2"],"_links":{"self":[{"href":"https:\/\/abegoaria.pt\/en\/wp-json\/wp\/v2\/product\/8228","targetHints":{"allow":["GET"]}}],"collection":[{"href":"https:\/\/abegoaria.pt\/en\/wp-json\/wp\/v2\/product"}],"about":[{"href":"https:\/\/abegoaria.pt\/en\/wp-json\/wp\/v2\/types\/product"}],"replies":[{"embeddable":true,"href":"https:\/\/abegoaria.pt\/en\/wp-json\/wp\/v2\/comments?post=8228"}],"wp:featuredmedia":[{"embeddable":true,"href":"https:\/\/abegoaria.pt\/en\/wp-json\/wp\/v2\/media\/6256"}],"wp:attachment":[{"href":"https:\/\/abegoaria.pt\/en\/wp-json\/wp\/v2\/media?parent=8228"}],"curies":[{"name":"wp","href":"https:\/\/api.w.org\/{rel}","templated":true}]}}