{"id":8237,"date":"2019-09-23T08:05:27","date_gmt":"2019-09-23T08:05:27","guid":{"rendered":"https:\/\/abegoaria.pt\/produto\/piteira-premium-branco\/"},"modified":"2019-11-28T23:39:31","modified_gmt":"2019-11-28T23:39:31","slug":"piteira-premium-branco","status":"publish","type":"product","link":"https:\/\/abegoaria.pt\/en\/produto\/piteira-premium-branco\/","title":{"rendered":"Piteira Premium Branco"},"content":{"rendered":"<p>[vc_row][vc_column][vc_column_text]<img decoding=\"async\" class=\"svg alignnone wp-image-1678 size-full\" src=\"https:\/\/abegoaria.pt\/wp-content\/uploads\/2019\/08\/wines-glass.svg\" alt=\"\" width=\"24px\" height=\"24px\" \/><\/p>\n<h3>Caracter\u00edsticas do Vinho<\/h3>\n<table>\n<tbody>\n<tr>\n<td>Ano<\/td>\n<td>2017<\/td>\n<\/tr>\n<tr>\n<td>Estilo<\/td>\n<td>Vinho Tranquilo<\/td>\n<\/tr>\n<tr>\n<td>Regi\u00e3o<\/td>\n<td>Alentejo<\/td>\n<\/tr>\n<tr>\n<td>Categoria<\/td>\n<td>DOC Alentejo<\/td>\n<\/tr>\n<tr>\n<td>Castas<\/td>\n<td>Ant\u00e3o Vaz, Arinto e Roupeiro<\/td>\n<\/tr>\n<tr>\n<td>Cor<\/td>\n<td>Citrina<\/td>\n<\/tr>\n<tr>\n<td>Engarrafamento<\/td>\n<td><\/td>\n<\/tr>\n<tr>\n<td>Longevidade<\/td>\n<td>5 anos<\/td>\n<\/tr>\n<tr>\n<td>\u00c1lcool (%VOL)<\/td>\n<td>13<\/td>\n<\/tr>\n<\/tbody>\n<\/table>\n<p>[\/vc_column_text][\/vc_column][\/vc_row][vc_row][vc_column][vc_column_text]<img loading=\"lazy\" decoding=\"async\" class=\"svg alignnone wp-image-1676 size-full\" src=\"https:\/\/abegoaria.pt\/wp-content\/uploads\/2019\/08\/keg.svg\" alt=\"\" width=\"24\" height=\"24\" \/><\/p>\n<h3>Vinifica\u00e7\u00e3o e Est\u00e1gio<\/h3>\n<p>Este vinho nasceu de uma exigente sele\u00e7\u00e3o de uvas das castas Ant\u00e3o Vaz, Arinto e Roupeiro. Bica aberta, fermenta\u00e7\u00e3o a temperatura controladas de 18C, em cubas de 8 ton.[\/vc_column_text][\/vc_column][\/vc_row][vc_row][vc_column][vc_column_text]<img decoding=\"async\" class=\"svg alignnone wp-image-1679 size-full\" src=\"https:\/\/abegoaria.pt\/wp-content\/uploads\/2019\/08\/book-i.svg\" alt=\"\" width=\"24px\" height=\"24px\" \/><\/p>\n<h3>Notas de Prova e Harmoniza\u00e7\u00e3o<\/h3>\n<p>Este vinho, de cor citrina, apresenta-se de aroma jovem frutado com notas de lima, mac\u00e3 verde e abacaxi. Na boca \u00e9 macio e de uma frescura equilibrada com final longo. Ideal para entradas, saladas, pratos de peixe e marisco ou para acompanhar um tradicional caldo de ca\u00e7\u00e3o, espinafres ou beldroegas. Deve ser consumido com modera\u00e7\u00e3o a 10\u00ba C.[\/vc_column_text][\/vc_column][\/vc_row]<\/p>\n","protected":false},"excerpt":{"rendered":"<p>Piteira D.O.C. Premium branco nasceu de uma exigente sele\u00e7\u00e3o de uvas das castas Ant\u00e3o Vaz, Arinto e Roupeiro. Obtivemos um nectar de aroma jovem frutado com notas de lima, ma\u00e7\u00e3 verde e abacaxi, com frescura e final longo.<\/p>\n","protected":false},"featured_media":6599,"comment_status":"closed","ping_status":"closed","template":"","meta":[],"class_list":["post-8237","product","type-product","status-publish","has-post-thumbnail","hentry","product_cat-alentejo-9","product_cat-amareleza-en","product_cat-piteira-en","product_cat-branco-en","product_tag-vinho-branco-en","pa_ano-2017-en","pa_ptcap-da-garrafa-750-ml-en","pa_ptcategoria-1-doc-alentejo-en","pa_ptcategoria-2-premium-3","pa_ptintensidade-leve-fresco-e-aromatico","pa_pttipo-de-vinho-vinho-branco-3"],"_links":{"self":[{"href":"https:\/\/abegoaria.pt\/en\/wp-json\/wp\/v2\/product\/8237","targetHints":{"allow":["GET"]}}],"collection":[{"href":"https:\/\/abegoaria.pt\/en\/wp-json\/wp\/v2\/product"}],"about":[{"href":"https:\/\/abegoaria.pt\/en\/wp-json\/wp\/v2\/types\/product"}],"replies":[{"embeddable":true,"href":"https:\/\/abegoaria.pt\/en\/wp-json\/wp\/v2\/comments?post=8237"}],"wp:featuredmedia":[{"embeddable":true,"href":"https:\/\/abegoaria.pt\/en\/wp-json\/wp\/v2\/media\/6599"}],"wp:attachment":[{"href":"https:\/\/abegoaria.pt\/en\/wp-json\/wp\/v2\/media?parent=8237"}],"curies":[{"name":"wp","href":"https:\/\/api.w.org\/{rel}","templated":true}]}}