{"id":8241,"date":"2019-09-20T14:16:57","date_gmt":"2019-09-20T14:16:57","guid":{"rendered":"https:\/\/abegoaria.pt\/produto\/piteira-doc-tinto\/"},"modified":"2019-11-28T23:41:00","modified_gmt":"2019-11-28T23:41:00","slug":"piteira-doc-tinto","status":"publish","type":"product","link":"https:\/\/abegoaria.pt\/en\/produto\/piteira-doc-tinto\/","title":{"rendered":"Piteira DOC Tinto"},"content":{"rendered":"<p>[vc_row][vc_column][vc_column_text]<img decoding=\"async\" class=\"svg alignnone wp-image-1678 size-full\" src=\"https:\/\/abegoaria.pt\/wp-content\/uploads\/2019\/08\/wines-glass.svg\" alt=\"\" width=\"24px\" height=\"24px\" \/><\/p>\n<h3>Caracter\u00edsticas do Vinho<\/h3>\n<table>\n<tbody>\n<tr>\n<td>Ano<\/td>\n<td>2017<\/td>\n<\/tr>\n<tr>\n<td>Estilo<\/td>\n<td>Vinho Tranquilo<\/td>\n<\/tr>\n<tr>\n<td>Regi\u00e3o<\/td>\n<td>Alentejo<\/td>\n<\/tr>\n<tr>\n<td>Categoria<\/td>\n<td>DOC Alentejo<\/td>\n<\/tr>\n<tr>\n<td>Castas<\/td>\n<td>Trincadeira, Aragonez, Moreto e Alfrocheiro<\/td>\n<\/tr>\n<tr>\n<td>Cor<\/td>\n<td>Rubi<\/td>\n<\/tr>\n<tr>\n<td>Engarrafamento<\/td>\n<td><\/td>\n<\/tr>\n<tr>\n<td>Longevidade<\/td>\n<td>4 anos<\/td>\n<\/tr>\n<tr>\n<td>\u00c1lcool (%VOL)<\/td>\n<td>14<\/td>\n<\/tr>\n<\/tbody>\n<\/table>\n<p>[\/vc_column_text][\/vc_column][\/vc_row][vc_row][vc_column][vc_column_text]<img loading=\"lazy\" decoding=\"async\" class=\"svg alignnone wp-image-1676 size-full\" src=\"https:\/\/abegoaria.pt\/wp-content\/uploads\/2019\/08\/keg.svg\" alt=\"\" width=\"24\" height=\"24\" \/><\/p>\n<h3>Vinifica\u00e7\u00e3o e Est\u00e1gio<\/h3>\n<p>Pisa mec\u00e2nica, fermenta\u00e7\u00e3o em cubas de 8 toneladas com curtimenta completa. Est\u00e1gio 1 ano em dep\u00f3sito.[\/vc_column_text][\/vc_column][\/vc_row][vc_row][vc_column][vc_column_text]<img decoding=\"async\" class=\"svg alignnone wp-image-1679 size-full\" src=\"https:\/\/abegoaria.pt\/wp-content\/uploads\/2019\/08\/book-i.svg\" alt=\"\" width=\"24px\" height=\"24px\" \/><\/p>\n<h3>Notas de Prova e Harmoniza\u00e7\u00e3o<\/h3>\n<p>Este vinho apresenta-se de aroma a frutos vermelhos, cacau, especiarias e ligeiro fumado e na boca revela boa acidez e taninos proeminentes.[\/vc_column_text][\/vc_column][\/vc_row]<\/p>\n","protected":false},"excerpt":{"rendered":"<p>Elaborado a partir de uvas das castas Trincadeira, Aragonez, Moreto e Alfrocheiro, produzidas em vinhas modernas da Margem Esquerda do Guadiana, na sub-regi\u00e3o Granja Amareleja. N\u00e3o tem contacto com a madeira, de forma a expressar bem o car\u00e1cter das castas e da regi\u00e3o. Para beber todos os dias, com comida tradicional portuguesa.<\/p>\n","protected":false},"featured_media":6568,"comment_status":"closed","ping_status":"closed","template":"","meta":[],"class_list":["post-8241","product","type-product","status-publish","has-post-thumbnail","hentry","product_cat-alentejo-9","product_cat-amareleza-en","product_cat-piteira-en","product_cat-tinto-en","product_tag-vinho-tinto-5","pa_ano-2017-en","pa_ptcap-da-garrafa-750-ml-en","pa_ptcategoria-1-doc-alentejo-en","pa_ptintensidade-encorpado-volumoso-e-temperamental-en","pa_pttipo-de-vinho-vinho-tinto-en"],"_links":{"self":[{"href":"https:\/\/abegoaria.pt\/en\/wp-json\/wp\/v2\/product\/8241","targetHints":{"allow":["GET"]}}],"collection":[{"href":"https:\/\/abegoaria.pt\/en\/wp-json\/wp\/v2\/product"}],"about":[{"href":"https:\/\/abegoaria.pt\/en\/wp-json\/wp\/v2\/types\/product"}],"replies":[{"embeddable":true,"href":"https:\/\/abegoaria.pt\/en\/wp-json\/wp\/v2\/comments?post=8241"}],"wp:featuredmedia":[{"embeddable":true,"href":"https:\/\/abegoaria.pt\/en\/wp-json\/wp\/v2\/media\/6568"}],"wp:attachment":[{"href":"https:\/\/abegoaria.pt\/en\/wp-json\/wp\/v2\/media?parent=8241"}],"curies":[{"name":"wp","href":"https:\/\/api.w.org\/{rel}","templated":true}]}}