{"id":8246,"date":"2019-09-18T09:24:37","date_gmt":"2019-09-18T09:24:37","guid":{"rendered":"https:\/\/abegoaria.pt\/produto\/xisto-preto-doc-branco\/"},"modified":"2019-11-28T23:46:25","modified_gmt":"2019-11-28T23:46:25","slug":"xisto-preto-doc-branco","status":"publish","type":"product","link":"https:\/\/abegoaria.pt\/en\/produto\/xisto-preto-doc-branco\/","title":{"rendered":"Xisto Preto DOC Branco"},"content":{"rendered":"<p>[vc_row][vc_column][vc_column_text]<img decoding=\"async\" class=\"svg alignnone wp-image-1678 size-full\" src=\"https:\/\/abegoaria.pt\/wp-content\/uploads\/2019\/08\/wines-glass.svg\" alt=\"\" width=\"24px\" height=\"24px\" \/><\/p>\n<h3>Caracter\u00edsticas do Vinho<\/h3>\n<table>\n<tbody>\n<tr>\n<td>Ano<\/td>\n<td>2016<\/td>\n<\/tr>\n<tr>\n<td>Estilo<\/td>\n<td>Vinho Tranquilo<\/td>\n<\/tr>\n<tr>\n<td>Regi\u00e3o<\/td>\n<td>Douro<\/td>\n<\/tr>\n<tr>\n<td>Categoria<\/td>\n<td>DOC Douro<\/td>\n<\/tr>\n<tr>\n<td>Castas<\/td>\n<td>Rabigato, Viosinho e Moscatel Galego Branco<\/td>\n<\/tr>\n<tr>\n<td>Cor<\/td>\n<td>Citrina<\/td>\n<\/tr>\n<tr>\n<td>Engarrafamento<\/td>\n<td><\/td>\n<\/tr>\n<tr>\n<td>Longevidade<\/td>\n<td>2 anos<\/td>\n<\/tr>\n<tr>\n<td>\u00c1lcool (%VOL)<\/td>\n<td>13<\/td>\n<\/tr>\n<\/tbody>\n<\/table>\n<p>[\/vc_column_text][\/vc_column][\/vc_row][vc_row][vc_column][vc_column_text]<img loading=\"lazy\" decoding=\"async\" class=\"svg alignnone wp-image-1676 size-full\" src=\"https:\/\/abegoaria.pt\/wp-content\/uploads\/2019\/08\/keg.svg\" alt=\"\" width=\"24\" height=\"24\" \/><\/p>\n<h3>Vinifica\u00e7\u00e3o e Est\u00e1gio<\/h3>\n<p>[\/vc_column_text][\/vc_column][\/vc_row][vc_row][vc_column][vc_column_text]<img decoding=\"async\" class=\"svg alignnone wp-image-1679 size-full\" src=\"https:\/\/abegoaria.pt\/wp-content\/uploads\/2019\/08\/book-i.svg\" alt=\"\" width=\"24px\" height=\"24px\" \/><\/p>\n<h3>Notas de Prova e Harmoniza\u00e7\u00e3o<\/h3>\n<p>Este vinho apresenta-se de cor citrina, frutado e fresco. Na boca assume-se suave, elegante e persistente.[\/vc_column_text][\/vc_column][\/vc_row]<\/p>\n","protected":false},"excerpt":{"rendered":"<p>Da emblem\u00e1tica paisagem do Douro e das suas terras de xisto nasce este vinho de express\u00e3o duriense pura.<\/p>\n","protected":false},"featured_media":6537,"comment_status":"closed","ping_status":"closed","template":"","meta":[],"class_list":["post-8246","product","type-product","status-publish","has-post-thumbnail","hentry","product_cat-adega-de-alijo-en","product_cat-douro-3","product_cat-branco-en","product_cat-xisto-preto-en","product_tag-vinho-tinto-5","pa_ano-2016-en","pa_ptcap-da-garrafa-750-ml-en","pa_ptcategoria-1-doc-douro-3","pa_ptintensidade-encorpado-e-com-aromas-distintos-en","pa_pttipo-de-vinho-vinho-branco-3"],"_links":{"self":[{"href":"https:\/\/abegoaria.pt\/en\/wp-json\/wp\/v2\/product\/8246","targetHints":{"allow":["GET"]}}],"collection":[{"href":"https:\/\/abegoaria.pt\/en\/wp-json\/wp\/v2\/product"}],"about":[{"href":"https:\/\/abegoaria.pt\/en\/wp-json\/wp\/v2\/types\/product"}],"replies":[{"embeddable":true,"href":"https:\/\/abegoaria.pt\/en\/wp-json\/wp\/v2\/comments?post=8246"}],"wp:featuredmedia":[{"embeddable":true,"href":"https:\/\/abegoaria.pt\/en\/wp-json\/wp\/v2\/media\/6537"}],"wp:attachment":[{"href":"https:\/\/abegoaria.pt\/en\/wp-json\/wp\/v2\/media?parent=8246"}],"curies":[{"name":"wp","href":"https:\/\/api.w.org\/{rel}","templated":true}]}}