{"id":8247,"date":"2019-09-19T16:50:33","date_gmt":"2019-09-19T16:50:33","guid":{"rendered":"https:\/\/abegoaria.pt\/produto\/piteira-signature\/"},"modified":"2019-11-28T23:46:06","modified_gmt":"2019-11-28T23:46:06","slug":"piteira-signature","status":"publish","type":"product","link":"https:\/\/abegoaria.pt\/en\/produto\/piteira-signature\/","title":{"rendered":"Piteira Signature"},"content":{"rendered":"<p>[vc_row][vc_column][vc_column_text]<img decoding=\"async\" class=\"svg alignnone wp-image-1678 size-full\" src=\"https:\/\/abegoaria.pt\/wp-content\/uploads\/2019\/08\/wines-glass.svg\" alt=\"\" width=\"24px\" height=\"24px\" \/><\/p>\n<h3>Caracter\u00edsticas do Vinho<\/h3>\n<table>\n<tbody>\n<tr>\n<td>Ano<\/td>\n<td>2017<\/td>\n<\/tr>\n<tr>\n<td>Estilo<\/td>\n<td>Vinho Tranquilo<\/td>\n<\/tr>\n<tr>\n<td>Regi\u00e3o<\/td>\n<td>Alentejo<\/td>\n<\/tr>\n<tr>\n<td>Categoria<\/td>\n<td>DOC Alentejo &#8211; Granja Amareleja<\/td>\n<\/tr>\n<tr>\n<td>Castas<\/td>\n<td>Moreto, Trincadeira, Aragonez e Alicante Bouschet<\/td>\n<\/tr>\n<tr>\n<td>Cor<\/td>\n<td>L\u00edmpida Granada<\/td>\n<\/tr>\n<tr>\n<td>Engarrafamento<\/td>\n<td><\/td>\n<\/tr>\n<tr>\n<td>Longevidade<\/td>\n<td>5 anos<\/td>\n<\/tr>\n<tr>\n<td>\u00c1lcool (%VOL)<\/td>\n<td>14<\/td>\n<\/tr>\n<\/tbody>\n<\/table>\n<p>[\/vc_column_text][\/vc_column][\/vc_row][vc_row][vc_column][vc_column_text]<img loading=\"lazy\" decoding=\"async\" class=\"svg alignnone wp-image-1676 size-full\" src=\"https:\/\/abegoaria.pt\/wp-content\/uploads\/2019\/08\/keg.svg\" alt=\"\" width=\"24\" height=\"24\" \/><\/p>\n<h3>Vinifica\u00e7\u00e3o e Est\u00e1gio<\/h3>\n<p>Pisa mec\u00e2nica, fermenta\u00e7\u00e3o alco\u00f3lica em \u00e2nforas de 12 toneladas com controlo de temperatura e curtimenta completa.[\/vc_column_text][\/vc_column][\/vc_row][vc_row][vc_column][vc_column_text]<img decoding=\"async\" class=\"svg alignnone wp-image-1679 size-full\" src=\"https:\/\/abegoaria.pt\/wp-content\/uploads\/2019\/08\/book-i.svg\" alt=\"\" width=\"24px\" height=\"24px\" \/><\/p>\n<h3>Notas de Prova e Harmoniza\u00e7\u00e3o<\/h3>\n<p>Este vinho, de cor limpida granada, apresenta-se de aroma equilibrado, bem definido a frutos vermelhos bem maduros. Na boca \u00e9 encorpado, volumoso e com taninos bem integrados.[\/vc_column_text][\/vc_column][\/vc_row]<\/p>\n","protected":false},"excerpt":{"rendered":"<p>A filosofia por detr\u00e1s da cria\u00e7\u00e3o deste vinho tem origem no seu pr\u00f3prio nome. \u00c9 a assinatura de um vinho fiel \u00e0 sua origem, \u00e0 sub-regi\u00e3o Granja Amareleja. Criado em vinhas \u00fanicas, com pouca interven\u00e7\u00e3o, verdadeiro e honesto. Apresento-vos as minhas origens. Sa\u00fade!<\/p>\n","protected":false},"featured_media":6550,"comment_status":"closed","ping_status":"closed","template":"","meta":[],"class_list":["post-8247","product","type-product","status-publish","has-post-thumbnail","hentry","product_cat-alentejo-9","product_cat-amareleza-en","product_cat-piteira-en","product_cat-tinto-en","product_tag-vinho-tinto-5","pa_ano-2017-en","pa_ptcap-da-garrafa-750-ml-en","pa_ptcategoria-1-doc-alentejo-en","pa_ptcategoria-2-signature-en","pa_ptintensidade-encorpado-volumoso-e-temperamental-en","pa_pttipo-de-vinho-vinho-tinto-en"],"_links":{"self":[{"href":"https:\/\/abegoaria.pt\/en\/wp-json\/wp\/v2\/product\/8247","targetHints":{"allow":["GET"]}}],"collection":[{"href":"https:\/\/abegoaria.pt\/en\/wp-json\/wp\/v2\/product"}],"about":[{"href":"https:\/\/abegoaria.pt\/en\/wp-json\/wp\/v2\/types\/product"}],"replies":[{"embeddable":true,"href":"https:\/\/abegoaria.pt\/en\/wp-json\/wp\/v2\/comments?post=8247"}],"wp:featuredmedia":[{"embeddable":true,"href":"https:\/\/abegoaria.pt\/en\/wp-json\/wp\/v2\/media\/6550"}],"wp:attachment":[{"href":"https:\/\/abegoaria.pt\/en\/wp-json\/wp\/v2\/media?parent=8247"}],"curies":[{"name":"wp","href":"https:\/\/api.w.org\/{rel}","templated":true}]}}