{"id":8254,"date":"2019-09-18T08:46:53","date_gmt":"2019-09-18T08:46:53","guid":{"rendered":"https:\/\/abegoaria.pt\/produto\/descobre-doc-douro-branco\/"},"modified":"2019-11-28T23:48:09","modified_gmt":"2019-11-28T23:48:09","slug":"descobre-doc-douro-branco","status":"publish","type":"product","link":"https:\/\/abegoaria.pt\/en\/produto\/descobre-doc-douro-branco\/","title":{"rendered":"Descobre Doc Douro Branco"},"content":{"rendered":"<p>[vc_row][vc_column][vc_column_text]<img decoding=\"async\" class=\"svg alignnone wp-image-1678 size-full\" src=\"https:\/\/abegoaria.pt\/wp-content\/uploads\/2019\/08\/wines-glass.svg\" alt=\"\" width=\"24px\" height=\"24px\" \/><\/p>\n<h3>Caracter\u00edsticas do Vinho<\/h3>\n<table>\n<tbody>\n<tr>\n<td>Ano<\/td>\n<td>2016<\/td>\n<\/tr>\n<tr>\n<td>Estilo<\/td>\n<td>Vinho Tranquilo<\/td>\n<\/tr>\n<tr>\n<td>Regi\u00e3o<\/td>\n<td>Douro<\/td>\n<\/tr>\n<tr>\n<td>Categoria<\/td>\n<td>DOC Douro<\/td>\n<\/tr>\n<tr>\n<td>Castas<\/td>\n<td>Moscatel Galego Branco, Rabigato e Viosinho<\/td>\n<\/tr>\n<tr>\n<td>Cor<\/td>\n<td>Citrina<\/td>\n<\/tr>\n<tr>\n<td>Engarrafamento<\/td>\n<td><\/td>\n<\/tr>\n<tr>\n<td>Longevidade<\/td>\n<td>2 anos<\/td>\n<\/tr>\n<tr>\n<td>\u00c1lcool (%VOL)<\/td>\n<td>12<\/td>\n<\/tr>\n<\/tbody>\n<\/table>\n<p>[\/vc_column_text][\/vc_column][\/vc_row][vc_row][vc_column][vc_column_text]<img loading=\"lazy\" decoding=\"async\" class=\"svg alignnone wp-image-1676 size-full\" src=\"https:\/\/abegoaria.pt\/wp-content\/uploads\/2019\/08\/keg.svg\" alt=\"\" width=\"24\" height=\"24\" \/><\/p>\n<h3>Vinifica\u00e7\u00e3o e Est\u00e1gio<\/h3>\n<p>Pisa mec\u00e2nica, fermenta\u00e7\u00e3o alco\u00f3lica em cubas de 10 toneladas com controlo de temperatura e curtimenta completa.[\/vc_column_text][\/vc_column][\/vc_row][vc_row][vc_column][vc_column_text]<img decoding=\"async\" class=\"svg alignnone wp-image-1679 size-full\" src=\"https:\/\/abegoaria.pt\/wp-content\/uploads\/2019\/08\/book-i.svg\" alt=\"\" width=\"24px\" height=\"24px\" \/><\/p>\n<h3>Notas de Prova e Harmoniza\u00e7\u00e3o<\/h3>\n<p>Este vinho apresenta-se de cor citrina, com aromas frutado e fresco. Na boca apresenta-se suave, elegante e persistente.[\/vc_column_text][\/vc_column][\/vc_row]<\/p>\n","protected":false},"excerpt":{"rendered":"<p>O Perdigueiro Portugu\u00eas surgiu a partir do Perdigueiro Peninsular, antiga ra\u00e7a de c\u00e3es ib\u00e9rica, estando a sua presen\u00e7a documentada desde o s\u00e9culo X. A sua evolu\u00e7\u00e3o resultou de v\u00e1rios factores como, adapta\u00e7\u00e3o ao clima, tipo de ca\u00e7a, terreno e selec\u00e7\u00e3o introduzida atrav\u00e9s da especificidade cultural portuguesa. No s\u00e9culo XIV, era criado nos canis reais e era utilizado na ca\u00e7a de altaria. Tal como o perdigueiro, este \u00e9 um vinho de ra\u00e7a do Douro tipicamente portugu\u00eas.<\/p>\n","protected":false},"featured_media":6532,"comment_status":"closed","ping_status":"closed","template":"","meta":[],"class_list":["post-8254","product","type-product","status-publish","has-post-thumbnail","hentry","product_cat-adega-de-alijo-en","product_cat-descobre-2","product_cat-douro-3","product_cat-branco-en","product_tag-vinho-branco-en","pa_ano-2016-en","pa_ptcap-da-garrafa-750-ml-en","pa_ptcategoria-1-doc-douro-3","pa_ptintensidade-encorpado-e-com-aromas-distintos-en","pa_pttipo-de-vinho-vinho-branco-3"],"_links":{"self":[{"href":"https:\/\/abegoaria.pt\/en\/wp-json\/wp\/v2\/product\/8254","targetHints":{"allow":["GET"]}}],"collection":[{"href":"https:\/\/abegoaria.pt\/en\/wp-json\/wp\/v2\/product"}],"about":[{"href":"https:\/\/abegoaria.pt\/en\/wp-json\/wp\/v2\/types\/product"}],"replies":[{"embeddable":true,"href":"https:\/\/abegoaria.pt\/en\/wp-json\/wp\/v2\/comments?post=8254"}],"wp:featuredmedia":[{"embeddable":true,"href":"https:\/\/abegoaria.pt\/en\/wp-json\/wp\/v2\/media\/6532"}],"wp:attachment":[{"href":"https:\/\/abegoaria.pt\/en\/wp-json\/wp\/v2\/media?parent=8254"}],"curies":[{"name":"wp","href":"https:\/\/api.w.org\/{rel}","templated":true}]}}