{"id":8256,"date":"2019-09-24T14:39:33","date_gmt":"2019-09-24T14:39:33","guid":{"rendered":"https:\/\/abegoaria.pt\/produto\/encostas-de-lisboa-tinto\/"},"modified":"2019-11-28T23:49:21","modified_gmt":"2019-11-28T23:49:21","slug":"encostas-de-lisboa-tinto","status":"publish","type":"product","link":"https:\/\/abegoaria.pt\/en\/produto\/encostas-de-lisboa-tinto\/","title":{"rendered":"Encostas de Lisboa Tinto"},"content":{"rendered":"<p>[vc_row][vc_column][vc_column_text]<img decoding=\"async\" class=\"svg alignnone wp-image-1678 size-full\" src=\"https:\/\/abegoaria.pt\/wp-content\/uploads\/2019\/08\/wines-glass.svg\" alt=\"\" width=\"24px\" height=\"24px\" \/><\/p>\n<h3>Caracter\u00edsticas do Vinho<\/h3>\n<table>\n<tbody>\n<tr>\n<td>Ano<\/td>\n<td>2017<\/td>\n<\/tr>\n<tr>\n<td>Estilo<\/td>\n<td>Vinho Tranquilo<\/td>\n<\/tr>\n<tr>\n<td>Regi\u00e3o<\/td>\n<td>Lisboa<\/td>\n<\/tr>\n<tr>\n<td>Categoria<\/td>\n<td>Vinho Regional Lisboa<\/td>\n<\/tr>\n<tr>\n<td>Castas<\/td>\n<td>Touriga nacional, Castel\u00e3o, Tinta mi\u00fada e Alicante Bouschet<\/td>\n<\/tr>\n<tr>\n<td>Cor<\/td>\n<td>Rubi<\/td>\n<\/tr>\n<tr>\n<td>Engarrafamento<\/td>\n<td><\/td>\n<\/tr>\n<tr>\n<td>Longevidade<\/td>\n<td>5 anos<\/td>\n<\/tr>\n<tr>\n<td>\u00c1lcool (%VOL)<\/td>\n<td>13.5<\/td>\n<\/tr>\n<\/tbody>\n<\/table>\n<p>[\/vc_column_text][\/vc_column][\/vc_row][vc_row][vc_column][vc_column_text]<img loading=\"lazy\" decoding=\"async\" class=\"svg alignnone wp-image-1676 size-full\" src=\"https:\/\/abegoaria.pt\/wp-content\/uploads\/2019\/08\/keg.svg\" alt=\"\" width=\"24\" height=\"24\" \/><\/p>\n<h3>Vinifica\u00e7\u00e3o e Est\u00e1gio<\/h3>\n<p>A definir[\/vc_column_text][\/vc_column][\/vc_row][vc_row][vc_column][vc_column_text]<img decoding=\"async\" class=\"svg alignnone wp-image-1679 size-full\" src=\"https:\/\/abegoaria.pt\/wp-content\/uploads\/2019\/08\/book-i.svg\" alt=\"\" width=\"24px\" height=\"24px\" \/><\/p>\n<h3>Notas de Prova e Harmoniza\u00e7\u00e3o<\/h3>\n<p>Vinho tinto de aroma floral com apontamentos de pequenos frutos silvestres e notas de especiaria e baunilha. Em boca \u00e9 elegante e fresco acabando com final frutado e untuoso.[\/vc_column_text][\/vc_column][\/vc_row]<\/p>\n","protected":false},"excerpt":{"rendered":"<p>Na regi\u00e3o v\u00ednica mais diversa de Portugal, \u00e9 criado este vinho de aroma floral com apontamentos de pequenos frutos silvestres e notas de especiaria e baunilha. Em boca \u00e9 elegante e fresco acabando com final frutado e untuoso.<\/p>\n","protected":false},"featured_media":6617,"comment_status":"closed","ping_status":"closed","template":"","meta":[],"class_list":["post-8256","product","type-product","status-publish","has-post-thumbnail","hentry","product_cat-adega-dois-portos-en","product_cat-encostas-de-lisboa-en","product_cat-lisboa-3","product_cat-tinto-en","product_tag-vinho-tinto-5","pa_ano-2017-en","pa_ptcap-da-garrafa-750-ml-en","pa_ptcategoria-1-vinho-regional-lisboa-en","pa_ptintensidade-macio-e-aveludado","pa_pttipo-de-vinho-vinho-tinto-en"],"_links":{"self":[{"href":"https:\/\/abegoaria.pt\/en\/wp-json\/wp\/v2\/product\/8256","targetHints":{"allow":["GET"]}}],"collection":[{"href":"https:\/\/abegoaria.pt\/en\/wp-json\/wp\/v2\/product"}],"about":[{"href":"https:\/\/abegoaria.pt\/en\/wp-json\/wp\/v2\/types\/product"}],"replies":[{"embeddable":true,"href":"https:\/\/abegoaria.pt\/en\/wp-json\/wp\/v2\/comments?post=8256"}],"wp:featuredmedia":[{"embeddable":true,"href":"https:\/\/abegoaria.pt\/en\/wp-json\/wp\/v2\/media\/6617"}],"wp:attachment":[{"href":"https:\/\/abegoaria.pt\/en\/wp-json\/wp\/v2\/media?parent=8256"}],"curies":[{"name":"wp","href":"https:\/\/api.w.org\/{rel}","templated":true}]}}