{"id":8258,"date":"2019-09-24T13:21:44","date_gmt":"2019-09-24T13:21:44","guid":{"rendered":"https:\/\/abegoaria.pt\/produto\/quinta-vale-de-fornos-reserva-branco\/"},"modified":"2019-09-24T13:21:44","modified_gmt":"2019-09-24T13:21:44","slug":"quinta-vale-de-fornos-reserva-branco","status":"publish","type":"product","link":"https:\/\/abegoaria.pt\/en\/produto\/quinta-vale-de-fornos-reserva-branco\/","title":{"rendered":"Quinta Vale de Fornos Reserva Branco"},"content":{"rendered":"","protected":false},"excerpt":{"rendered":"<p>Uma das Quintas mais antigas e marcantes da Regi\u00e3o Vitivin\u00edcola do Tejo. Esta propriedade foi originalmente oferecida por D. Ant\u00f3nia Ferreira (Ferreirinha) como dote de casamento de sua filha com o 3\u00ba Conde de Azambuja. Situada numa zona de conflu\u00eancia entre as regi\u00f5es de vinho de Lisboa e Tejo, disp\u00f5e de um terroir magn\u00edfico para a cria\u00e7\u00e3o de vinhos de superior qualidade. Este vinho \u00e9 um lote da casta Arinto com castas brancas internacionais. Um vinho intenso e fresco, com capacidade de envelhecimento.<\/p>\n","protected":false},"featured_media":6615,"comment_status":"closed","ping_status":"closed","template":"","meta":[],"class_list":["post-8258","product","type-product","status-publish","has-post-thumbnail","hentry","product_cat-quinta-vale-de-fornos-en","product_cat-tinto-en","product_cat-tejo-3","product_cat-vale-de-fornos-en-2","product_tag-vinho-tinto-5","pa_ano-2017-en","pa_ptcap-da-garrafa-750-ml-en","pa_ptcategoria-1-doc-do-tejo","pa_ptcategoria-2-reserva-en","pa_ptintensidade-complexo-e-estruturado-madeira-en","pa_pttipo-de-vinho-vinho-tinto-en"],"_links":{"self":[{"href":"https:\/\/abegoaria.pt\/en\/wp-json\/wp\/v2\/product\/8258","targetHints":{"allow":["GET"]}}],"collection":[{"href":"https:\/\/abegoaria.pt\/en\/wp-json\/wp\/v2\/product"}],"about":[{"href":"https:\/\/abegoaria.pt\/en\/wp-json\/wp\/v2\/types\/product"}],"replies":[{"embeddable":true,"href":"https:\/\/abegoaria.pt\/en\/wp-json\/wp\/v2\/comments?post=8258"}],"wp:featuredmedia":[{"embeddable":true,"href":"https:\/\/abegoaria.pt\/en\/wp-json\/wp\/v2\/media\/6615"}],"wp:attachment":[{"href":"https:\/\/abegoaria.pt\/en\/wp-json\/wp\/v2\/media?parent=8258"}],"curies":[{"name":"wp","href":"https:\/\/api.w.org\/{rel}","templated":true}]}}