{"id":8261,"date":"2019-09-23T10:02:46","date_gmt":"2019-09-23T10:02:46","guid":{"rendered":"https:\/\/abegoaria.pt\/produto\/quinta-vale-fornos-touriga-nacional\/"},"modified":"2019-09-23T10:02:46","modified_gmt":"2019-09-23T10:02:46","slug":"quinta-vale-fornos-touriga-nacional","status":"publish","type":"product","link":"https:\/\/abegoaria.pt\/en\/produto\/quinta-vale-fornos-touriga-nacional\/","title":{"rendered":"Quinta Vale de Fornos Touriga Nacional"},"content":{"rendered":"","protected":false},"excerpt":{"rendered":"<p>Uma das Quintas mais antigas e marcantes da Regi\u00e3o Vitivin\u00edcola do Tejo. Esta propriedade foi originalmente oferecida por D. Ant\u00f3nia Ferreira (Ferreirinha) como dote de casamento de sua filha com o 3\u00ba Conde de Azambuja. Situada numa zona de conflu\u00eancia entre as regi\u00f5es de vinho de Lisboa e Tejo, disp\u00f5e de um terroir magn\u00edfico para a cria\u00e7\u00e3o de vinhos de superior qualidade. Este vinho \u00e9 um monocasta da casta rainha portuguesa Touriga Nacional.<\/p>\n","protected":false},"featured_media":0,"comment_status":"closed","ping_status":"closed","template":"","meta":[],"class_list":["post-8261","product","type-product","status-publish","hentry","product_cat-quinta-vale-de-fornos-en","product_cat-tinto-en","product_cat-tejo-3","product_cat-vale-de-fornos-en-2","product_tag-vinho-tinto-5","pa_ano-2015-en","pa_ptcap-da-garrafa-750-ml-en","pa_ptcategoria-1-doc-do-tejo","pa_ptcategoria-2-reserva-touriga-nacional-en","pa_ptintensidade-encorpado-e-volumoso","pa_pttipo-de-vinho-vinho-tinto-en"],"_links":{"self":[{"href":"https:\/\/abegoaria.pt\/en\/wp-json\/wp\/v2\/product\/8261","targetHints":{"allow":["GET"]}}],"collection":[{"href":"https:\/\/abegoaria.pt\/en\/wp-json\/wp\/v2\/product"}],"about":[{"href":"https:\/\/abegoaria.pt\/en\/wp-json\/wp\/v2\/types\/product"}],"replies":[{"embeddable":true,"href":"https:\/\/abegoaria.pt\/en\/wp-json\/wp\/v2\/comments?post=8261"}],"wp:attachment":[{"href":"https:\/\/abegoaria.pt\/en\/wp-json\/wp\/v2\/media?parent=8261"}],"curies":[{"name":"wp","href":"https:\/\/api.w.org\/{rel}","templated":true}]}}