{"id":8263,"date":"2019-10-28T09:46:14","date_gmt":"2019-09-23T09:46:14","guid":{"rendered":"https:\/\/abegoaria.pt\/produto\/jose-piteira-talha-tinto\/"},"modified":"2019-09-23T09:46:14","modified_gmt":"2019-09-23T09:46:14","slug":"jose-piteira-talha-tinto","status":"publish","type":"product","link":"https:\/\/abegoaria.pt\/en\/produto\/jose-piteira-talha-tinto\/","title":{"rendered":"Jos\u00e9 Piteira Talha Tinto"},"content":{"rendered":"","protected":false},"excerpt":{"rendered":"<p>Uma gama de vinhos altamente gastron\u00f3mica. Pede comida e eleva a refei\u00e7\u00e3o a um novo patamar. Produzido atrav\u00e9s das t\u00e9cnicas ancestrais dos vinhos de talha, revela todo um saber desenvolvido ao longo de mil\u00e9nios de tradi\u00e7\u00e3o.<\/p>\n","protected":false},"featured_media":6661,"comment_status":"closed","ping_status":"closed","template":"","meta":[],"class_list":["post-8263","product","type-product","status-publish","has-post-thumbnail","hentry","product_cat-alentejo-9","product_cat-amareleza-en","product_cat-jose-piteira-en","product_cat-tinto-en","product_tag-vinho-tinto-5","pa_ano-2016-en","pa_ptcap-da-garrafa-750-ml-en","pa_ptcategoria-1-doc-alentejo-en","pa_ptcategoria-2-vinho-de-talha-en","pa_ptintensidade-encorpado-volumoso-e-temperamental-en","pa_pttipo-de-vinho-vinho-tinto-en"],"_links":{"self":[{"href":"https:\/\/abegoaria.pt\/en\/wp-json\/wp\/v2\/product\/8263","targetHints":{"allow":["GET"]}}],"collection":[{"href":"https:\/\/abegoaria.pt\/en\/wp-json\/wp\/v2\/product"}],"about":[{"href":"https:\/\/abegoaria.pt\/en\/wp-json\/wp\/v2\/types\/product"}],"replies":[{"embeddable":true,"href":"https:\/\/abegoaria.pt\/en\/wp-json\/wp\/v2\/comments?post=8263"}],"wp:featuredmedia":[{"embeddable":true,"href":"https:\/\/abegoaria.pt\/en\/wp-json\/wp\/v2\/media\/6661"}],"wp:attachment":[{"href":"https:\/\/abegoaria.pt\/en\/wp-json\/wp\/v2\/media?parent=8263"}],"curies":[{"name":"wp","href":"https:\/\/api.w.org\/{rel}","templated":true}]}}