{"id":8267,"date":"2019-09-13T17:17:46","date_gmt":"2019-09-13T17:17:46","guid":{"rendered":"https:\/\/abegoaria.pt\/produto\/salsichao-de-barrancos-fatiado\/"},"modified":"2019-09-13T17:17:46","modified_gmt":"2019-09-13T17:17:46","slug":"salsichao-de-barrancos-fatiado","status":"publish","type":"product","link":"https:\/\/abegoaria.pt\/en\/produto\/salsichao-de-barrancos-fatiado\/","title":{"rendered":"Salsich\u00e3o de Barrancos Fatiado"},"content":{"rendered":"","protected":false},"excerpt":{"rendered":"<p>Recuper\u00e1mos as receitas dos nossos antepassados e a excelente qualidade da carne de porco preto, criado em montado, para desenvolver, atrav\u00e9s de processos de cura natural, um produto de superior qualidade. Produzido artesanalmente, pelas s\u00e1bias m\u00e3os das gentes de Barrancos, numa das terras mais interiores de Portugal, com um microclima \u00fanico, e h\u00e1 muito reconhecida pela extrema qualidade dos seus enchidos e presuntos. O salsich\u00e3o de Barrancos \u00e9 um verdadeiro produto de excel\u00eancia, elaborado com as presas nobres do porco preto, apresentando um baixo teor de gordura.<\/p>\n","protected":false},"featured_media":6461,"comment_status":"open","ping_status":"closed","template":"","meta":[],"class_list":["post-8267","product","type-product","status-publish","has-post-thumbnail","hentry","product_cat-alentejo-7","product_cat-salsichao-3","product_tag-salsichao-regional-alentejano-en","pa_ptcarne-porco-preto-en","pa_ptcura-20-a-30-dias-en","pa_ptformato-fatiado-en","pa_ptgama-porco-preto-en-2","pa_ptpvp-rec-589e-en","pa_pttipo-de-enchido-salsichao-en"],"_links":{"self":[{"href":"https:\/\/abegoaria.pt\/en\/wp-json\/wp\/v2\/product\/8267","targetHints":{"allow":["GET"]}}],"collection":[{"href":"https:\/\/abegoaria.pt\/en\/wp-json\/wp\/v2\/product"}],"about":[{"href":"https:\/\/abegoaria.pt\/en\/wp-json\/wp\/v2\/types\/product"}],"replies":[{"embeddable":true,"href":"https:\/\/abegoaria.pt\/en\/wp-json\/wp\/v2\/comments?post=8267"}],"wp:featuredmedia":[{"embeddable":true,"href":"https:\/\/abegoaria.pt\/en\/wp-json\/wp\/v2\/media\/6461"}],"wp:attachment":[{"href":"https:\/\/abegoaria.pt\/en\/wp-json\/wp\/v2\/media?parent=8267"}],"curies":[{"name":"wp","href":"https:\/\/api.w.org\/{rel}","templated":true}]}}