{"id":8277,"date":"2019-09-12T16:44:39","date_gmt":"2019-09-12T16:44:39","guid":{"rendered":"https:\/\/abegoaria.pt\/produto\/lombo-troceado-fatiado\/"},"modified":"2019-11-29T00:01:13","modified_gmt":"2019-11-29T00:01:13","slug":"lombo-troceado-fatiado","status":"publish","type":"product","link":"https:\/\/abegoaria.pt\/en\/produto\/lombo-troceado-fatiado\/","title":{"rendered":"Lombo Troceado Fatiado"},"content":{"rendered":"<p>[vc_row][vc_column][vc_column_text]<a href=\"https:\/\/abegoaria.pt\/wp-content\/uploads\/2019\/08\/icons-c.svg\"><img decoding=\"async\" class=\"svg alignnone wp-image-2035 size-full\" src=\"https:\/\/abegoaria.pt\/wp-content\/uploads\/2019\/08\/icons-c.svg\" alt=\"\" width=\"48px\" height=\"48px\" \/><\/a><\/p>\n<h3>Caracteristicas do Enchido<\/h3>\n<table>\n<tbody>\n<tr>\n<td>Energia (Kcal\/100g)<\/td>\n<td>333<\/td>\n<\/tr>\n<tr>\n<td>Prote\u00edna (Kcal\/100g)<\/td>\n<td>31,5<\/td>\n<\/tr>\n<tr>\n<td>Hidratos (Kcal\/100g)<\/td>\n<td>2,3<\/td>\n<\/tr>\n<tr>\n<td>Gordura (g\/100g)<\/td>\n<td>22<\/td>\n<\/tr>\n<tr>\n<td>Sal (g\/100g)<\/td>\n<td>4,1<\/td>\n<\/tr>\n<tr style=\"border-color: #9e9e9e;\">\n<td>Cura<\/td>\n<td>70 a 100 dias<\/td>\n<\/tr>\n<tr>\n<td>Validade<\/td>\n<td>120 dias<\/td>\n<\/tr>\n<tr>\n<td>Conserva\u00e7\u00e3o<\/td>\n<td>Conservar em ambiente fresco e seco<\/td>\n<\/tr>\n<tr>\n<td><\/td>\n<td><\/td>\n<\/tr>\n<\/tbody>\n<\/table>\n<p>Pode conter Lactose e Sulfitos[\/vc_column_text][\/vc_column][\/vc_row][vc_row][vc_column][vc_column_text]<a href=\"https:\/\/abegoaria.pt\/wp-content\/uploads\/2019\/08\/icons-c-1.svg\"><img decoding=\"async\" class=\"svg alignnone wp-image-2036 size-full\" src=\"https:\/\/abegoaria.pt\/wp-content\/uploads\/2019\/08\/icons-c-1.svg\" alt=\"\" width=\"48px\" height=\"48px\" \/><\/a><\/p>\n<h3>Produ\u00e7\u00e3o<\/h3>\n<p>Produzido a partir da nobre carne de porco preto, ao qual se adicionou azeite, especiarias e condimentos v\u00e1rios, seguindo as receitas dos nossos antepassados. Contou com uma matura\u00e7\u00e3o de 24 horas em c\u00e2mara de frio, ap\u00f3s o que se procedeu ao enchimento em canos de porco, seguida de 70 a 100 dias de cura controlada. Apresenta-se no formato cilindrico largo (calibre 50\/55) e fatiado.[\/vc_column_text][\/vc_column][\/vc_row][vc_row][vc_column][vc_column_text]<a href=\"https:\/\/abegoaria.pt\/wp-content\/uploads\/2019\/08\/3769fds81572.png\"><img loading=\"lazy\" decoding=\"async\" class=\"svg alignnone wp-image-2039 size-full\" src=\"https:\/\/abegoaria.pt\/wp-content\/uploads\/2019\/08\/3769fds81572.png\" alt=\"\" width=\"48\" height=\"46\" \/><\/a><\/p>\n<h3>Notas de Prova e Harmoniza\u00e7\u00e3o<\/h3>\n<p>Caraterizado pelo seu aroma forte e textura suave, com baixo teor de gordura, o Lombo Torceado \u00e9 um produto ideal para os paladares mais exigentes. De aroma forte, com tra\u00e7os de fermenta\u00e7\u00e3o, numa textura suave, pouco fibrosa e muito suculenta, de aspeto marmoreado rosado que vai do branco alaranjado ao rosa forte das partes c\u00e1rneas, com apontamentos de pequenos gr\u00e3os inteiros de pimenta. O sabor \u00e9 pouco salgado, ligeiramente picante, com baixo teor de gordura. O produto est\u00e1 pronto a consumir, com ou sem processamento t\u00e9rmico. \u00c9 ideal como aperitivo ou snack, podendo ser consumido sozinho ou acompanhado com p\u00e3o, outras charcutarias, queijos e azeitonas. Pode ainda ser usado como ingrediente importante em m\u00faltiplos pratos da dieta mediterr\u00e2nica.[\/vc_column_text][\/vc_column][\/vc_row]<\/p>\n","protected":false},"excerpt":{"rendered":"<p>Recuper\u00e1mos as receitas dos nossos antepassados e a excelente qualidade da carne de porco preto, criado em montado, para desenvolver, atrav\u00e9s de processos de cura natural, um produto de superior qualidade. Produzido artesanalmente, pelas s\u00e1bias m\u00e3os das gentes de Barrancos, numa das terras mais interiores de Portugal, com um microclima \u00fanico, e h\u00e1 muito reconhecida pela extrema qualidade dos seus enchidos e presuntos. O Lombo Troceado \u00e9 um verdadeiro produto de excel\u00eancia, de cura prolongada, de paladar muito suave e requintado e baixo teor de gordura.<\/p>\n","protected":false},"featured_media":6455,"comment_status":"open","ping_status":"closed","template":"","meta":[],"class_list":["post-8277","product","type-product","status-publish","has-post-thumbnail","hentry"],"_links":{"self":[{"href":"https:\/\/abegoaria.pt\/en\/wp-json\/wp\/v2\/product\/8277","targetHints":{"allow":["GET"]}}],"collection":[{"href":"https:\/\/abegoaria.pt\/en\/wp-json\/wp\/v2\/product"}],"about":[{"href":"https:\/\/abegoaria.pt\/en\/wp-json\/wp\/v2\/types\/product"}],"replies":[{"embeddable":true,"href":"https:\/\/abegoaria.pt\/en\/wp-json\/wp\/v2\/comments?post=8277"}],"wp:featuredmedia":[{"embeddable":true,"href":"https:\/\/abegoaria.pt\/en\/wp-json\/wp\/v2\/media\/6455"}],"wp:attachment":[{"href":"https:\/\/abegoaria.pt\/en\/wp-json\/wp\/v2\/media?parent=8277"}],"curies":[{"name":"wp","href":"https:\/\/api.w.org\/{rel}","templated":true}]}}