{"id":8278,"date":"2019-09-12T16:42:29","date_gmt":"2019-09-12T16:42:29","guid":{"rendered":"https:\/\/abegoaria.pt\/produto\/paio-de-barrancos\/"},"modified":"2019-09-12T16:42:29","modified_gmt":"2019-09-12T16:42:29","slug":"paio-de-barrancos","status":"publish","type":"product","link":"https:\/\/abegoaria.pt\/en\/produto\/paio-de-barrancos\/","title":{"rendered":"Paio de Barrancos"},"content":{"rendered":"","protected":false},"excerpt":{"rendered":"<p>Recuper\u00e1mos as receitas dos nossos antepassados e a excelente qualidade da carne de porco preto, criado em montado, para desenvolver, atrav\u00e9s de processos de cura natural, um produto de superior qualidade. Produzido artesanalmente, pelas s\u00e1bias m\u00e3os das gentes de Barrancos, numa das terras mais interiores de Portugal, com um microclima \u00fanico, e h\u00e1 muito reconhecida pela extrema qualidade dos seus enchidos e presuntos.<\/p>\n","protected":false},"featured_media":6441,"comment_status":"open","ping_status":"closed","template":"","meta":[],"class_list":["post-8278","product","type-product","status-publish","has-post-thumbnail","hentry","product_cat-alentejo-7","product_cat-paio-3","product_tag-paio-regional-alentejano-en","pa_ptcarne-porco-preto-en","pa_ptcura-70-a-100-dias-en","pa_ptformato-cilindrico-largo-en","pa_ptgama-porco-preto-en-2","pa_ptpvp-rec-589e-en","pa_pttipo-de-enchido-paio-en"],"_links":{"self":[{"href":"https:\/\/abegoaria.pt\/en\/wp-json\/wp\/v2\/product\/8278","targetHints":{"allow":["GET"]}}],"collection":[{"href":"https:\/\/abegoaria.pt\/en\/wp-json\/wp\/v2\/product"}],"about":[{"href":"https:\/\/abegoaria.pt\/en\/wp-json\/wp\/v2\/types\/product"}],"replies":[{"embeddable":true,"href":"https:\/\/abegoaria.pt\/en\/wp-json\/wp\/v2\/comments?post=8278"}],"wp:featuredmedia":[{"embeddable":true,"href":"https:\/\/abegoaria.pt\/en\/wp-json\/wp\/v2\/media\/6441"}],"wp:attachment":[{"href":"https:\/\/abegoaria.pt\/en\/wp-json\/wp\/v2\/media?parent=8278"}],"curies":[{"name":"wp","href":"https:\/\/api.w.org\/{rel}","templated":true}]}}